{"id":2778,"date":"2025-08-15T14:20:09","date_gmt":"2025-08-15T14:20:09","guid":{"rendered":"https:\/\/www.brikaelektrik.al\/?post_type=product&#038;p=2778"},"modified":"2025-08-15T14:23:24","modified_gmt":"2025-08-15T14:23:24","slug":"prize-angleze-universale-16a","status":"publish","type":"product","link":"https:\/\/www.brikaelektrik.al\/al\/produkt\/prize-angleze-universale-16a\/","title":{"rendered":"PRIZ\u00cb ANGLEZE UNIVERSALE 16A"},"content":{"rendered":"<p>Lloji: Priz\u00eb RJ45 STP Cat.6 pa nevoj\u00eb p\u00ebr mjete (tool-less)<br \/>\nMontimi: Flush\u2011mounted, 1 modul<br \/>\nNgjyra: E bardh\u00eb<br \/>\nMbrojtje: IP20<br \/>\nMateriali: Panel plastik\u00eb (ABS), me terminale t\u00eb hapura p\u00ebr lidhje t\u00eb leht\u00eb kabllosh<br \/>\nFormati i priz\u00ebs: 1 modul, Italian standard Classia<br \/>\nP\u00ebrmasat: 45 \u00d7 22.5mm (panel frontal); thell\u00ebsi montimi ~ 23.9mm<br \/>\nCertifikime: CE; n\u00eb p\u00ebrputhje me direktivat evropiane LVD 2014\/35\/EU dhe EMC 2014\/30\/EU; standardet IEC; certifikuar n\u00eb skem\u00ebn\u00a0CB\u2011scheme<\/p>","protected":false},"excerpt":{"rendered":"<p>Lloji: Priz\u00eb RJ45 STP Cat.6 pa nevoj\u00eb p\u00ebr mjete (tool-less) Montimi: Flush\u2011mounted, 1 modul Ngjyra: E bardh\u00eb Mbrojtje: IP20 Materiali: Panel plastik\u00eb (ABS), me terminale t\u00eb hapura p\u00ebr lidhje t\u00eb leht\u00eb kabllosh Formati i priz\u00ebs: 1 modul, Italian standard Classia P\u00ebrmasat: 45 \u00d7 22.5mm (panel frontal); thell\u00ebsi montimi ~ 23.9mm Certifikime: CE; n\u00eb p\u00ebrputhje me [&hellip;]<\/p>","protected":false},"featured_media":2779,"comment_status":"open","ping_status":"closed","template":"","meta":{"_acf_changed":false},"product_brand":[],"product_cat":[40,63],"product_tag":[],"class_list":{"0":"post-2778","1":"product","2":"type-product","3":"status-publish","4":"has-post-thumbnail","6":"product_cat-serite-civile","7":"product_cat-classia","9":"first","10":"instock","11":"shipping-taxable","12":"product-type-simple"},"acf":[],"_links":{"self":[{"href":"https:\/\/www.brikaelektrik.al\/al\/wp-json\/wp\/v2\/product\/2778","targetHints":{"allow":["GET"]}}],"collection":[{"href":"https:\/\/www.brikaelektrik.al\/al\/wp-json\/wp\/v2\/product"}],"about":[{"href":"https:\/\/www.brikaelektrik.al\/al\/wp-json\/wp\/v2\/types\/product"}],"replies":[{"embeddable":true,"href":"https:\/\/www.brikaelektrik.al\/al\/wp-json\/wp\/v2\/comments?post=2778"}],"wp:featuredmedia":[{"embeddable":true,"href":"https:\/\/www.brikaelektrik.al\/al\/wp-json\/wp\/v2\/media\/2779"}],"wp:attachment":[{"href":"https:\/\/www.brikaelektrik.al\/al\/wp-json\/wp\/v2\/media?parent=2778"}],"wp:term":[{"taxonomy":"product_brand","embeddable":true,"href":"https:\/\/www.brikaelektrik.al\/al\/wp-json\/wp\/v2\/product_brand?post=2778"},{"taxonomy":"product_cat","embeddable":true,"href":"https:\/\/www.brikaelektrik.al\/al\/wp-json\/wp\/v2\/product_cat?post=2778"},{"taxonomy":"product_tag","embeddable":true,"href":"https:\/\/www.brikaelektrik.al\/al\/wp-json\/wp\/v2\/product_tag?post=2778"}],"curies":[{"name":"wp","href":"https:\/\/api.w.org\/{rel}","templated":true}]}}