{"id":2781,"date":"2025-08-18T09:01:26","date_gmt":"2025-08-18T09:01:26","guid":{"rendered":"https:\/\/www.brikaelektrik.al\/?post_type=product&#038;p=2781"},"modified":"2025-08-18T09:01:26","modified_gmt":"2025-08-18T09:01:26","slug":"modul-per-karta-hoteli-3-poste-30va-230v-2","status":"publish","type":"product","link":"https:\/\/www.brikaelektrik.al\/al\/produkt\/modul-per-karta-hoteli-3-poste-30va-230v-2\/","title":{"rendered":"MODUL P\u00cbR KARTA HOTELI 3 POSTE 30VA\u00a0230V"},"content":{"rendered":"<p>Lloji: Korniz\u00eb (Cover Plate) 4 module<br \/>\nMontimi: Mural (flush-mounted)<br \/>\nNgjyra: E bardh\u00eb<br \/>\nMbrojtje: IP20<br \/>\nMateriali: Termoplastik ABS, rezistent ndaj g\u00ebrvishtjeve dhe pa halogjen<br \/>\nFormati: Italian standard Classia, 4 module<br \/>\nP\u00ebrmasat: 86 \u00d7 116mm (panel frontal); thell\u00ebsi montimi ~ 10.5mm<br \/>\nCertifikime: CE; n\u00eb p\u00ebrputhje me direktivat evropiane LVD 2014\/35\/EU dhe EMC 2014\/30\/EU; standardet IEC; certifikuar n\u00eb skem\u00ebn CB-scheme<br \/>\nKorniz\u00eb dekorative me dizajn minimalist dhe elegant<br \/>\nSip\u00ebrfaqe e l\u00ebmuar me rezistenc\u00eb ndaj njollave dhe g\u00ebrvishtjeve<br \/>\nMontim i thjesht\u00eb dhe i sigurt n\u00eb strukturat modulare Classia<br \/>\nPajtohet me mekanizmat elektrik\u00eb Classia, duke ofruar uniformitet estetik\u00a0n\u00eb\u00a0instalim<\/p>","protected":false},"excerpt":{"rendered":"<p>Lloji: Korniz\u00eb (Cover Plate) 4 module Montimi: Mural (flush-mounted) Ngjyra: E bardh\u00eb Mbrojtje: IP20 Materiali: Termoplastik ABS, rezistent ndaj g\u00ebrvishtjeve dhe pa halogjen Formati: Italian standard Classia, 4 module P\u00ebrmasat: 86 \u00d7 116mm (panel frontal); thell\u00ebsi montimi ~ 10.5mm Certifikime: CE; n\u00eb p\u00ebrputhje me direktivat evropiane LVD 2014\/35\/EU dhe EMC 2014\/30\/EU; standardet IEC; certifikuar n\u00eb [&hellip;]<\/p>","protected":false},"featured_media":2782,"comment_status":"open","ping_status":"closed","template":"","meta":{"_acf_changed":false},"product_brand":[],"product_cat":[40,63],"product_tag":[],"class_list":{"0":"post-2781","1":"product","2":"type-product","3":"status-publish","4":"has-post-thumbnail","6":"product_cat-serite-civile","7":"product_cat-classia","9":"first","10":"instock","11":"shipping-taxable","12":"product-type-simple"},"acf":[],"_links":{"self":[{"href":"https:\/\/www.brikaelektrik.al\/al\/wp-json\/wp\/v2\/product\/2781","targetHints":{"allow":["GET"]}}],"collection":[{"href":"https:\/\/www.brikaelektrik.al\/al\/wp-json\/wp\/v2\/product"}],"about":[{"href":"https:\/\/www.brikaelektrik.al\/al\/wp-json\/wp\/v2\/types\/product"}],"replies":[{"embeddable":true,"href":"https:\/\/www.brikaelektrik.al\/al\/wp-json\/wp\/v2\/comments?post=2781"}],"wp:featuredmedia":[{"embeddable":true,"href":"https:\/\/www.brikaelektrik.al\/al\/wp-json\/wp\/v2\/media\/2782"}],"wp:attachment":[{"href":"https:\/\/www.brikaelektrik.al\/al\/wp-json\/wp\/v2\/media?parent=2781"}],"wp:term":[{"taxonomy":"product_brand","embeddable":true,"href":"https:\/\/www.brikaelektrik.al\/al\/wp-json\/wp\/v2\/product_brand?post=2781"},{"taxonomy":"product_cat","embeddable":true,"href":"https:\/\/www.brikaelektrik.al\/al\/wp-json\/wp\/v2\/product_cat?post=2781"},{"taxonomy":"product_tag","embeddable":true,"href":"https:\/\/www.brikaelektrik.al\/al\/wp-json\/wp\/v2\/product_tag?post=2781"}],"curies":[{"name":"wp","href":"https:\/\/api.w.org\/{rel}","templated":true}]}}