{"id":2783,"date":"2025-08-18T09:04:53","date_gmt":"2025-08-18T09:04:53","guid":{"rendered":"https:\/\/www.brikaelektrik.al\/?post_type=product&#038;p=2783"},"modified":"2025-08-18T09:04:53","modified_gmt":"2025-08-18T09:04:53","slug":"prize-interneti-e-zeze-utp-cat5","status":"publish","type":"product","link":"https:\/\/www.brikaelektrik.al\/al\/produkt\/prize-interneti-e-zeze-utp-cat5\/","title":{"rendered":"PRIZ\u00cb INTERNETI E ZEZ\u00cb UTP\u00a0CAT5"},"content":{"rendered":"<p>Lloji: Priz\u00eb RJ45 UTP Cat.5E (pa nevoj\u00eb p\u00ebr mjete \u2013 tool-less)<br \/>\nMontimi: Mural (flush-mounted), 1 modul<br \/>\nNgjyra: E bardh\u00eb<br \/>\nMbrojtje: IP20<br \/>\nMateriali: Panel plastik ABS pa halogjen, me terminale t\u00eb hapura p\u00ebr lidhje t\u00eb leht\u00eb kabllosh<br \/>\nFormati i priz\u00ebs: 1 modul, Italian standard Classia<br \/>\nP\u00ebrmasat: 45 \u00d7 22.5 mm (panel frontal); thell\u00ebsi montimi ~ 23 mm<br \/>\nCertifikime: CE; n\u00eb p\u00ebrputhje me direktivat evropiane LVD 2014\/35\/EU dhe EMC 2014\/30\/EU; standarde IEC; certifikuar n\u00eb skem\u00ebn CB-scheme<br \/>\nMb\u00ebshtet kabuj UTP Cat.5E p\u00ebr performanc\u00eb t\u00eb q\u00ebndrueshme n\u00eb rrjet<br \/>\nDizajn i integruar p\u00ebr kombinim me mekanizmat e tjer\u00eb Classia<br \/>\nRezistenc\u00eb ndaj p\u00ebrdorimit t\u00eb p\u00ebrditsh\u00ebm dhe integrim estetik\u00a0n\u00eb\u00a0\u00e7do\u00a0ambient<\/p>","protected":false},"excerpt":{"rendered":"<p>Lloji: Priz\u00eb RJ45 UTP Cat.5E (pa nevoj\u00eb p\u00ebr mjete \u2013 tool-less) Montimi: Mural (flush-mounted), 1 modul Ngjyra: E bardh\u00eb Mbrojtje: IP20 Materiali: Panel plastik ABS pa halogjen, me terminale t\u00eb hapura p\u00ebr lidhje t\u00eb leht\u00eb kabllosh Formati i priz\u00ebs: 1 modul, Italian standard Classia P\u00ebrmasat: 45 \u00d7 22.5 mm (panel frontal); thell\u00ebsi montimi ~ 23 [&hellip;]<\/p>","protected":false},"featured_media":2784,"comment_status":"open","ping_status":"closed","template":"","meta":{"_acf_changed":false},"product_brand":[],"product_cat":[40,63],"product_tag":[],"class_list":{"0":"post-2783","1":"product","2":"type-product","3":"status-publish","4":"has-post-thumbnail","6":"product_cat-serite-civile","7":"product_cat-classia","9":"first","10":"instock","11":"shipping-taxable","12":"product-type-simple"},"acf":[],"_links":{"self":[{"href":"https:\/\/www.brikaelektrik.al\/al\/wp-json\/wp\/v2\/product\/2783","targetHints":{"allow":["GET"]}}],"collection":[{"href":"https:\/\/www.brikaelektrik.al\/al\/wp-json\/wp\/v2\/product"}],"about":[{"href":"https:\/\/www.brikaelektrik.al\/al\/wp-json\/wp\/v2\/types\/product"}],"replies":[{"embeddable":true,"href":"https:\/\/www.brikaelektrik.al\/al\/wp-json\/wp\/v2\/comments?post=2783"}],"wp:featuredmedia":[{"embeddable":true,"href":"https:\/\/www.brikaelektrik.al\/al\/wp-json\/wp\/v2\/media\/2784"}],"wp:attachment":[{"href":"https:\/\/www.brikaelektrik.al\/al\/wp-json\/wp\/v2\/media?parent=2783"}],"wp:term":[{"taxonomy":"product_brand","embeddable":true,"href":"https:\/\/www.brikaelektrik.al\/al\/wp-json\/wp\/v2\/product_brand?post=2783"},{"taxonomy":"product_cat","embeddable":true,"href":"https:\/\/www.brikaelektrik.al\/al\/wp-json\/wp\/v2\/product_cat?post=2783"},{"taxonomy":"product_tag","embeddable":true,"href":"https:\/\/www.brikaelektrik.al\/al\/wp-json\/wp\/v2\/product_tag?post=2783"}],"curies":[{"name":"wp","href":"https:\/\/api.w.org\/{rel}","templated":true}]}}