{"id":2789,"date":"2025-08-18T09:13:38","date_gmt":"2025-08-18T09:13:38","guid":{"rendered":"https:\/\/www.brikaelektrik.al\/?post_type=product&#038;p=2789"},"modified":"2025-08-18T09:13:38","modified_gmt":"2025-08-18T09:13:38","slug":"prize-karikues-usb-e-zeze-1500a-110-230v","status":"publish","type":"product","link":"https:\/\/www.brikaelektrik.al\/al\/produkt\/prize-karikues-usb-e-zeze-1500a-110-230v\/","title":{"rendered":"PRIZ\u00cb KARIKUES USB E ZEZ\u00cb 1500A 110-230V"},"content":{"rendered":"<p>Lloji: Priz\u00eb 2P+T 10\/16A p\u00ebr standard italian dhe gjerman<br \/>\nRryma nominale \/ Fuqia: 16A<br \/>\nTensioni: 250V AC<br \/>\nMontimi: Mural (flush-mounted), 2 module<br \/>\nNgjyra: E kuqe<br \/>\nMbrojtje: IP20, kontakte t\u00eb mbrojtura (child safety)<br \/>\nMateriali: Termoplastik pa halogjen<br \/>\nFormati i priz\u00ebs: Italian bipasso 10\/16A me tok\u00ebzim an\u00ebsor, i p\u00ebrshtatsh\u00ebm edhe p\u00ebr fi\u00e7at gjerman\u00eb (Schuko)<br \/>\nP\u00ebrmasat: 45.1mm (lart\u00ebsi) \u00d7 44.7mm (gjer\u00ebsi) \u00d7 41.5mm (thell\u00ebsi)<br \/>\nCertifikime: CE n\u00eb p\u00ebrputhje me direktivat LVD 2014\/35\/EU dhe EMC 2014\/30\/EU, standarde IEC dhe CB scheme<br \/>\nKontakte tulip me mbrojtje p\u00ebr f\u00ebmij\u00eb, terminale p\u00ebr 2 \u00d7 2.5mm\u00b2 me zhveshje 9mm, montim i leht\u00eb n\u00eb strukturat modulare Classia<br \/>\nDizajn modern dhe funksional q\u00eb integron estetik\u00ebn dhe sigurin\u00eb\u00a0n\u00eb\u00a0\u00e7do\u00a0ambient<\/p>","protected":false},"excerpt":{"rendered":"<p>Lloji: Priz\u00eb 2P+T 10\/16A p\u00ebr standard italian dhe gjerman Rryma nominale \/ Fuqia: 16A Tensioni: 250V AC Montimi: Mural (flush-mounted), 2 module Ngjyra: E kuqe Mbrojtje: IP20, kontakte t\u00eb mbrojtura (child safety) Materiali: Termoplastik pa halogjen Formati i priz\u00ebs: Italian bipasso 10\/16A me tok\u00ebzim an\u00ebsor, i p\u00ebrshtatsh\u00ebm edhe p\u00ebr fi\u00e7at gjerman\u00eb (Schuko) P\u00ebrmasat: 45.1mm (lart\u00ebsi) [&hellip;]<\/p>","protected":false},"featured_media":2790,"comment_status":"open","ping_status":"closed","template":"","meta":{"_acf_changed":false},"product_brand":[],"product_cat":[40,63],"product_tag":[],"class_list":{"0":"post-2789","1":"product","2":"type-product","3":"status-publish","4":"has-post-thumbnail","6":"product_cat-serite-civile","7":"product_cat-classia","9":"first","10":"instock","11":"shipping-taxable","12":"product-type-simple"},"acf":[],"_links":{"self":[{"href":"https:\/\/www.brikaelektrik.al\/al\/wp-json\/wp\/v2\/product\/2789","targetHints":{"allow":["GET"]}}],"collection":[{"href":"https:\/\/www.brikaelektrik.al\/al\/wp-json\/wp\/v2\/product"}],"about":[{"href":"https:\/\/www.brikaelektrik.al\/al\/wp-json\/wp\/v2\/types\/product"}],"replies":[{"embeddable":true,"href":"https:\/\/www.brikaelektrik.al\/al\/wp-json\/wp\/v2\/comments?post=2789"}],"wp:featuredmedia":[{"embeddable":true,"href":"https:\/\/www.brikaelektrik.al\/al\/wp-json\/wp\/v2\/media\/2790"}],"wp:attachment":[{"href":"https:\/\/www.brikaelektrik.al\/al\/wp-json\/wp\/v2\/media?parent=2789"}],"wp:term":[{"taxonomy":"product_brand","embeddable":true,"href":"https:\/\/www.brikaelektrik.al\/al\/wp-json\/wp\/v2\/product_brand?post=2789"},{"taxonomy":"product_cat","embeddable":true,"href":"https:\/\/www.brikaelektrik.al\/al\/wp-json\/wp\/v2\/product_cat?post=2789"},{"taxonomy":"product_tag","embeddable":true,"href":"https:\/\/www.brikaelektrik.al\/al\/wp-json\/wp\/v2\/product_tag?post=2789"}],"curies":[{"name":"wp","href":"https:\/\/api.w.org\/{rel}","templated":true}]}}