{"id":2791,"date":"2025-08-18T09:16:43","date_gmt":"2025-08-18T09:16:43","guid":{"rendered":"https:\/\/www.brikaelektrik.al\/?post_type=product&#038;p=2791"},"modified":"2025-08-18T09:16:44","modified_gmt":"2025-08-18T09:16:44","slug":"kapak-moka-7p","status":"publish","type":"product","link":"https:\/\/www.brikaelektrik.al\/al\/produkt\/kapak-moka-7p\/","title":{"rendered":"KAPAK MOKA 7P"},"content":{"rendered":"<p>Lloji: Panel mbulues p\u00ebr 7 module<br \/>\nMontimi: Flush-mounted (i integruar n\u00eb mur)<br \/>\nNgjyra: Moka<br \/>\nMateriali: Plastik ABS<br \/>\nP\u00ebrputhshm\u00ebria: P\u00ebr mekanizma elektrik\u00eb t\u00eb seris\u00eb Classia<br \/>\nP\u00ebrmasat: 86 mm (lart\u00ebsi) \u00d7 212 mm (gjer\u00ebsi)<br \/>\nCertifikime: N\u00eb p\u00ebrputhje me direktivat evropiane LVD 2014\/35\/EU dhe EMC 2014\/30\/EU; standarde IEC; certifikuar n\u00eb skem\u00ebn CB-scheme<br \/>\nKy panel mbulues \u00ebsht\u00eb i dizajnuar p\u00ebr t\u00eb ofruar nj\u00eb p\u00ebrfundim estetik dhe funksional p\u00ebr instalimet elektrike n\u00eb ambiente rezidenciale dhe komerciale<br \/>\nAi mund t\u00eb kombinohet me mekanizma t\u00eb ndrysh\u00ebm t\u00eb seris\u00eb Classia p\u00ebr t\u00eb krijuar nj\u00eb sistem elektrik t\u00eb p\u00ebrshtatsh\u00ebm dhe\u00a0t\u00eb\u00a0integruar<\/p>","protected":false},"excerpt":{"rendered":"<p>Lloji: Panel mbulues p\u00ebr 7 module Montimi: Flush-mounted (i integruar n\u00eb mur) Ngjyra: Moka Materiali: Plastik ABS P\u00ebrputhshm\u00ebria: P\u00ebr mekanizma elektrik\u00eb t\u00eb seris\u00eb Classia P\u00ebrmasat: 86 mm (lart\u00ebsi) \u00d7 212 mm (gjer\u00ebsi) Certifikime: N\u00eb p\u00ebrputhje me direktivat evropiane LVD 2014\/35\/EU dhe EMC 2014\/30\/EU; standarde IEC; certifikuar n\u00eb skem\u00ebn CB-scheme Ky panel mbulues \u00ebsht\u00eb i dizajnuar [&hellip;]<\/p>","protected":false},"featured_media":2792,"comment_status":"open","ping_status":"closed","template":"","meta":{"_acf_changed":false},"product_brand":[],"product_cat":[40,63],"product_tag":[],"class_list":{"0":"post-2791","1":"product","2":"type-product","3":"status-publish","4":"has-post-thumbnail","6":"product_cat-serite-civile","7":"product_cat-classia","9":"first","10":"instock","11":"shipping-taxable","12":"product-type-simple"},"acf":[],"_links":{"self":[{"href":"https:\/\/www.brikaelektrik.al\/al\/wp-json\/wp\/v2\/product\/2791","targetHints":{"allow":["GET"]}}],"collection":[{"href":"https:\/\/www.brikaelektrik.al\/al\/wp-json\/wp\/v2\/product"}],"about":[{"href":"https:\/\/www.brikaelektrik.al\/al\/wp-json\/wp\/v2\/types\/product"}],"replies":[{"embeddable":true,"href":"https:\/\/www.brikaelektrik.al\/al\/wp-json\/wp\/v2\/comments?post=2791"}],"wp:featuredmedia":[{"embeddable":true,"href":"https:\/\/www.brikaelektrik.al\/al\/wp-json\/wp\/v2\/media\/2792"}],"wp:attachment":[{"href":"https:\/\/www.brikaelektrik.al\/al\/wp-json\/wp\/v2\/media?parent=2791"}],"wp:term":[{"taxonomy":"product_brand","embeddable":true,"href":"https:\/\/www.brikaelektrik.al\/al\/wp-json\/wp\/v2\/product_brand?post=2791"},{"taxonomy":"product_cat","embeddable":true,"href":"https:\/\/www.brikaelektrik.al\/al\/wp-json\/wp\/v2\/product_cat?post=2791"},{"taxonomy":"product_tag","embeddable":true,"href":"https:\/\/www.brikaelektrik.al\/al\/wp-json\/wp\/v2\/product_tag?post=2791"}],"curies":[{"name":"wp","href":"https:\/\/api.w.org\/{rel}","templated":true}]}}