{"id":2793,"date":"2025-08-18T09:19:44","date_gmt":"2025-08-18T09:19:44","guid":{"rendered":"https:\/\/www.brikaelektrik.al\/?post_type=product&#038;p=2793"},"modified":"2025-08-18T09:19:44","modified_gmt":"2025-08-18T09:19:44","slug":"kuti-jashte-muri-2p-ip40","status":"publish","type":"product","link":"https:\/\/www.brikaelektrik.al\/al\/produkt\/kuti-jashte-muri-2p-ip40\/","title":{"rendered":"KUTI JASHT\u00cb MURI 2P IP40"},"content":{"rendered":"<p>Lloji: Kuti mbrojt\u00ebse p\u00ebr montim mbi mur (surface-mounted)<br \/>\nNumri i moduleve: 2<br \/>\nNgjyra: E bardh\u00eb<br \/>\nMateriali: Plastik ABS<br \/>\nP\u00ebrmasat: 76 \u00d7 76 \u00d7 64.5mm<br \/>\nMbrojtja: IP40<br \/>\nMontimi: Mbi mur (surface-mounted)<br \/>\nP\u00ebrputhshm\u00ebria: P\u00ebr mekanizma elektrik\u00eb t\u00eb seris\u00eb Classia<br \/>\nCertifikime: N\u00eb p\u00ebrputhje me direktivat evropiane LVD 2014\/35\/EU dhe EMC 2014\/30\/EU; standarde IEC<br \/>\nKjo kuti mbrojt\u00ebse \u00ebsht\u00eb e dizajnuar p\u00ebr t\u00eb ofruar nj\u00eb mbrojtje t\u00eb besueshme dhe estetike p\u00ebr instalimet elektrike n\u00eb ambiente rezidenciale dhe komerciale<br \/>\nAjo mund t\u00eb kombinohet me mekanizma t\u00eb ndrysh\u00ebm t\u00eb seris\u00eb Classia p\u00ebr t\u00eb krijuar nj\u00eb sistem elektrik t\u00eb p\u00ebrshtatsh\u00ebm dhe\u00a0t\u00eb\u00a0integruar<\/p>","protected":false},"excerpt":{"rendered":"<p>Lloji: Kuti mbrojt\u00ebse p\u00ebr montim mbi mur (surface-mounted) Numri i moduleve: 2 Ngjyra: E bardh\u00eb Materiali: Plastik ABS P\u00ebrmasat: 76 \u00d7 76 \u00d7 64.5mm Mbrojtja: IP40 Montimi: Mbi mur (surface-mounted) P\u00ebrputhshm\u00ebria: P\u00ebr mekanizma elektrik\u00eb t\u00eb seris\u00eb Classia Certifikime: N\u00eb p\u00ebrputhje me direktivat evropiane LVD 2014\/35\/EU dhe EMC 2014\/30\/EU; standarde IEC Kjo kuti mbrojt\u00ebse \u00ebsht\u00eb e [&hellip;]<\/p>","protected":false},"featured_media":2794,"comment_status":"open","ping_status":"closed","template":"","meta":{"_acf_changed":false},"product_brand":[],"product_cat":[40,63],"product_tag":[],"class_list":{"0":"post-2793","1":"product","2":"type-product","3":"status-publish","4":"has-post-thumbnail","6":"product_cat-serite-civile","7":"product_cat-classia","9":"first","10":"instock","11":"shipping-taxable","12":"product-type-simple"},"acf":[],"_links":{"self":[{"href":"https:\/\/www.brikaelektrik.al\/al\/wp-json\/wp\/v2\/product\/2793","targetHints":{"allow":["GET"]}}],"collection":[{"href":"https:\/\/www.brikaelektrik.al\/al\/wp-json\/wp\/v2\/product"}],"about":[{"href":"https:\/\/www.brikaelektrik.al\/al\/wp-json\/wp\/v2\/types\/product"}],"replies":[{"embeddable":true,"href":"https:\/\/www.brikaelektrik.al\/al\/wp-json\/wp\/v2\/comments?post=2793"}],"wp:featuredmedia":[{"embeddable":true,"href":"https:\/\/www.brikaelektrik.al\/al\/wp-json\/wp\/v2\/media\/2794"}],"wp:attachment":[{"href":"https:\/\/www.brikaelektrik.al\/al\/wp-json\/wp\/v2\/media?parent=2793"}],"wp:term":[{"taxonomy":"product_brand","embeddable":true,"href":"https:\/\/www.brikaelektrik.al\/al\/wp-json\/wp\/v2\/product_brand?post=2793"},{"taxonomy":"product_cat","embeddable":true,"href":"https:\/\/www.brikaelektrik.al\/al\/wp-json\/wp\/v2\/product_cat?post=2793"},{"taxonomy":"product_tag","embeddable":true,"href":"https:\/\/www.brikaelektrik.al\/al\/wp-json\/wp\/v2\/product_tag?post=2793"}],"curies":[{"name":"wp","href":"https:\/\/api.w.org\/{rel}","templated":true}]}}