{"id":2795,"date":"2025-08-18T09:22:35","date_gmt":"2025-08-18T09:22:35","guid":{"rendered":"https:\/\/www.brikaelektrik.al\/?post_type=product&#038;p=2795"},"modified":"2025-08-18T09:22:35","modified_gmt":"2025-08-18T09:22:35","slug":"kuti-jashte-muri-3p-ip40","status":"publish","type":"product","link":"https:\/\/www.brikaelektrik.al\/al\/produkt\/kuti-jashte-muri-3p-ip40\/","title":{"rendered":"KUTI JASHT\u00cb MURI 3P IP40"},"content":{"rendered":"<p>Lloji: Kuti mbrojt\u00ebse p\u00ebr montim mbi mur (surface-mounted)<br \/>\nNumri i moduleve: 3<br \/>\nNgjyra: Gri e leht\u00eb (RAL 7035)<br \/>\nMateriali: Plastik ABS<br \/>\nP\u00ebrmasat: 76 \u00d7 100 \u00d7 64.5mm<br \/>\nMbrojtja: IP40<br \/>\nMontimi: Mbi mur (surface-mounted)<br \/>\nP\u00ebrputhshm\u00ebria: P\u00ebr mekanizma elektrik\u00eb t\u00eb seris\u00eb Classia<br \/>\nCertifikime: N\u00eb p\u00ebrputhje me direktivat evropiane LVD 2014\/35\/EU dhe EMC 2014\/30\/EU; standarde IEC; certifikuar n\u00eb skem\u00ebn\u00a0CB-scheme<\/p>","protected":false},"excerpt":{"rendered":"<p>Lloji: Kuti mbrojt\u00ebse p\u00ebr montim mbi mur (surface-mounted) Numri i moduleve: 3 Ngjyra: Gri e leht\u00eb (RAL 7035) Materiali: Plastik ABS P\u00ebrmasat: 76 \u00d7 100 \u00d7 64.5mm Mbrojtja: IP40 Montimi: Mbi mur (surface-mounted) P\u00ebrputhshm\u00ebria: P\u00ebr mekanizma elektrik\u00eb t\u00eb seris\u00eb Classia Certifikime: N\u00eb p\u00ebrputhje me direktivat evropiane LVD 2014\/35\/EU dhe EMC 2014\/30\/EU; standarde IEC; certifikuar n\u00eb [&hellip;]<\/p>","protected":false},"featured_media":2796,"comment_status":"open","ping_status":"closed","template":"","meta":{"_acf_changed":false},"product_brand":[],"product_cat":[40,63],"product_tag":[],"class_list":{"0":"post-2795","1":"product","2":"type-product","3":"status-publish","4":"has-post-thumbnail","6":"product_cat-serite-civile","7":"product_cat-classia","9":"first","10":"instock","11":"shipping-taxable","12":"product-type-simple"},"acf":[],"_links":{"self":[{"href":"https:\/\/www.brikaelektrik.al\/al\/wp-json\/wp\/v2\/product\/2795","targetHints":{"allow":["GET"]}}],"collection":[{"href":"https:\/\/www.brikaelektrik.al\/al\/wp-json\/wp\/v2\/product"}],"about":[{"href":"https:\/\/www.brikaelektrik.al\/al\/wp-json\/wp\/v2\/types\/product"}],"replies":[{"embeddable":true,"href":"https:\/\/www.brikaelektrik.al\/al\/wp-json\/wp\/v2\/comments?post=2795"}],"wp:featuredmedia":[{"embeddable":true,"href":"https:\/\/www.brikaelektrik.al\/al\/wp-json\/wp\/v2\/media\/2796"}],"wp:attachment":[{"href":"https:\/\/www.brikaelektrik.al\/al\/wp-json\/wp\/v2\/media?parent=2795"}],"wp:term":[{"taxonomy":"product_brand","embeddable":true,"href":"https:\/\/www.brikaelektrik.al\/al\/wp-json\/wp\/v2\/product_brand?post=2795"},{"taxonomy":"product_cat","embeddable":true,"href":"https:\/\/www.brikaelektrik.al\/al\/wp-json\/wp\/v2\/product_cat?post=2795"},{"taxonomy":"product_tag","embeddable":true,"href":"https:\/\/www.brikaelektrik.al\/al\/wp-json\/wp\/v2\/product_tag?post=2795"}],"curies":[{"name":"wp","href":"https:\/\/api.w.org\/{rel}","templated":true}]}}