{"id":2799,"date":"2025-08-18T09:26:16","date_gmt":"2025-08-18T09:26:16","guid":{"rendered":"https:\/\/www.brikaelektrik.al\/?post_type=product&#038;p=2799"},"modified":"2025-08-18T09:26:17","modified_gmt":"2025-08-18T09:26:17","slug":"kapak-krem-3p","status":"publish","type":"product","link":"https:\/\/www.brikaelektrik.al\/al\/produkt\/kapak-krem-3p\/","title":{"rendered":"KAPAK KREM 3P"},"content":{"rendered":"<p>Lloji: Panel mbulues p\u00ebr 3 module<br \/>\nMontimi: Flush-mounted (i integruar n\u00eb mur)<br \/>\nNgjyra: Krem (Cream)<br \/>\nMateriali: Plastik termoplastik me sip\u00ebrfaqe t\u00eb l\u00ebmuar<br \/>\nP\u00ebrmasat: 86mm (lart\u00ebsi) \u00d7 122mm (gjer\u00ebsi)<br \/>\nMbrojtja: IP20<br \/>\nP\u00ebrputhshm\u00ebria: P\u00ebr mekanizma elektrik\u00eb t\u00eb seris\u00eb Classia<br \/>\nCertifikime: N\u00eb p\u00ebrputhje me direktivat evropiane LVD 2014\/35\/EU dhe EMC 2014\/30\/EU; standarde IEC; certifikuar n\u00eb skem\u00ebn\u00a0CB-scheme<\/p>","protected":false},"excerpt":{"rendered":"<p>Lloji: Panel mbulues p\u00ebr 3 module Montimi: Flush-mounted (i integruar n\u00eb mur) Ngjyra: Krem (Cream) Materiali: Plastik termoplastik me sip\u00ebrfaqe t\u00eb l\u00ebmuar P\u00ebrmasat: 86mm (lart\u00ebsi) \u00d7 122mm (gjer\u00ebsi) Mbrojtja: IP20 P\u00ebrputhshm\u00ebria: P\u00ebr mekanizma elektrik\u00eb t\u00eb seris\u00eb Classia Certifikime: N\u00eb p\u00ebrputhje me direktivat evropiane LVD 2014\/35\/EU dhe EMC 2014\/30\/EU; standarde IEC; certifikuar n\u00eb skem\u00ebn\u00a0CB-scheme<\/p>","protected":false},"featured_media":2800,"comment_status":"open","ping_status":"closed","template":"","meta":{"_acf_changed":false},"product_brand":[],"product_cat":[40,63],"product_tag":[],"class_list":{"0":"post-2799","1":"product","2":"type-product","3":"status-publish","4":"has-post-thumbnail","6":"product_cat-serite-civile","7":"product_cat-classia","9":"first","10":"instock","11":"shipping-taxable","12":"product-type-simple"},"acf":[],"_links":{"self":[{"href":"https:\/\/www.brikaelektrik.al\/al\/wp-json\/wp\/v2\/product\/2799","targetHints":{"allow":["GET"]}}],"collection":[{"href":"https:\/\/www.brikaelektrik.al\/al\/wp-json\/wp\/v2\/product"}],"about":[{"href":"https:\/\/www.brikaelektrik.al\/al\/wp-json\/wp\/v2\/types\/product"}],"replies":[{"embeddable":true,"href":"https:\/\/www.brikaelektrik.al\/al\/wp-json\/wp\/v2\/comments?post=2799"}],"wp:featuredmedia":[{"embeddable":true,"href":"https:\/\/www.brikaelektrik.al\/al\/wp-json\/wp\/v2\/media\/2800"}],"wp:attachment":[{"href":"https:\/\/www.brikaelektrik.al\/al\/wp-json\/wp\/v2\/media?parent=2799"}],"wp:term":[{"taxonomy":"product_brand","embeddable":true,"href":"https:\/\/www.brikaelektrik.al\/al\/wp-json\/wp\/v2\/product_brand?post=2799"},{"taxonomy":"product_cat","embeddable":true,"href":"https:\/\/www.brikaelektrik.al\/al\/wp-json\/wp\/v2\/product_cat?post=2799"},{"taxonomy":"product_tag","embeddable":true,"href":"https:\/\/www.brikaelektrik.al\/al\/wp-json\/wp\/v2\/product_tag?post=2799"}],"curies":[{"name":"wp","href":"https:\/\/api.w.org\/{rel}","templated":true}]}}