{"id":2822,"date":"2025-08-18T13:20:40","date_gmt":"2025-08-18T13:20:40","guid":{"rendered":"https:\/\/www.brikaelektrik.al\/?post_type=product&#038;p=2822"},"modified":"2025-08-18T13:20:40","modified_gmt":"2025-08-18T13:20:40","slug":"kapak-metal-titanium-3p","status":"publish","type":"product","link":"https:\/\/www.brikaelektrik.al\/al\/produkt\/kapak-metal-titanium-3p\/","title":{"rendered":"KAPAK METAL TITANIUM 3P"},"content":{"rendered":"<p>Seria: Classia<br data-start=\"175\" data-end=\"178\" \/>Lloji: Panel mbulues p\u00ebr 3 module<br data-start=\"215\" data-end=\"218\" \/>Montimi: Flush-mounted<br data-start=\"244\" data-end=\"247\" data-is-only-node=\"\" \/>Ngjyra: Titanium Metal (Titan)<br data-start=\"281\" data-end=\"284\" \/>Materiali: Plastik\/ABS (technopolymer)<br data-start=\"363\" data-end=\"366\" \/>P\u00ebrmasat: 86 \u00d7 122mm<br data-start=\"428\" data-end=\"431\" \/>P\u00ebrputhshm\u00ebria: P\u00ebr mekanizma elektrik\u00eb t\u00eb seris\u00eb Classia<br data-start=\"492\" data-end=\"495\" \/>Certifikime: CE; n\u00eb p\u00ebrputhje me LVD 2014\/35\/EU dhe EMC 2014\/30\/EU; standarde IEC; certifikuar n\u00eb CB-scheme<br data-start=\"643\" data-end=\"646\" \/>Dizenjuar p\u00ebr t\u00eb ofruar nj\u00eb kombinim perfekt mes estetik\u00ebs moderne dhe funksionit praktike, e integrueshme me mekanizmat e seris\u00eb Classia p\u00ebr sisteme t\u00eb nd\u00ebrthyera dhe elegante<\/p>","protected":false},"excerpt":{"rendered":"<p>Seria: ClassiaLloji: Panel mbulues p\u00ebr 3 moduleMontimi: Flush-mountedNgjyra: Titanium Metal (Titan)Materiali: Plastik\/ABS (technopolymer)P\u00ebrmasat: 86 \u00d7 122mmP\u00ebrputhshm\u00ebria: P\u00ebr mekanizma elektrik\u00eb t\u00eb seris\u00eb ClassiaCertifikime: CE; n\u00eb p\u00ebrputhje me LVD 2014\/35\/EU dhe EMC 2014\/30\/EU; standarde IEC; certifikuar n\u00eb CB-schemeDizenjuar p\u00ebr t\u00eb ofruar nj\u00eb kombinim perfekt mes estetik\u00ebs moderne dhe funksionit praktike, e integrueshme me mekanizmat e seris\u00eb Classia [&hellip;]<\/p>","protected":false},"featured_media":2823,"comment_status":"open","ping_status":"closed","template":"","meta":{"_acf_changed":false},"product_brand":[],"product_cat":[40,63],"product_tag":[],"class_list":{"0":"post-2822","1":"product","2":"type-product","3":"status-publish","4":"has-post-thumbnail","6":"product_cat-serite-civile","7":"product_cat-classia","9":"first","10":"instock","11":"shipping-taxable","12":"product-type-simple"},"acf":[],"_links":{"self":[{"href":"https:\/\/www.brikaelektrik.al\/al\/wp-json\/wp\/v2\/product\/2822","targetHints":{"allow":["GET"]}}],"collection":[{"href":"https:\/\/www.brikaelektrik.al\/al\/wp-json\/wp\/v2\/product"}],"about":[{"href":"https:\/\/www.brikaelektrik.al\/al\/wp-json\/wp\/v2\/types\/product"}],"replies":[{"embeddable":true,"href":"https:\/\/www.brikaelektrik.al\/al\/wp-json\/wp\/v2\/comments?post=2822"}],"wp:featuredmedia":[{"embeddable":true,"href":"https:\/\/www.brikaelektrik.al\/al\/wp-json\/wp\/v2\/media\/2823"}],"wp:attachment":[{"href":"https:\/\/www.brikaelektrik.al\/al\/wp-json\/wp\/v2\/media?parent=2822"}],"wp:term":[{"taxonomy":"product_brand","embeddable":true,"href":"https:\/\/www.brikaelektrik.al\/al\/wp-json\/wp\/v2\/product_brand?post=2822"},{"taxonomy":"product_cat","embeddable":true,"href":"https:\/\/www.brikaelektrik.al\/al\/wp-json\/wp\/v2\/product_cat?post=2822"},{"taxonomy":"product_tag","embeddable":true,"href":"https:\/\/www.brikaelektrik.al\/al\/wp-json\/wp\/v2\/product_tag?post=2822"}],"curies":[{"name":"wp","href":"https:\/\/api.w.org\/{rel}","templated":true}]}}