{"id":2826,"date":"2025-08-18T13:23:49","date_gmt":"2025-08-18T13:23:49","guid":{"rendered":"https:\/\/www.brikaelektrik.al\/?post_type=product&#038;p=2826"},"modified":"2025-08-18T13:23:50","modified_gmt":"2025-08-18T13:23:50","slug":"kapak-i-bardhe-ar-3p","status":"publish","type":"product","link":"https:\/\/www.brikaelektrik.al\/al\/produkt\/kapak-i-bardhe-ar-3p\/","title":{"rendered":"KAPAK I BARDH\u00cb + AR 3P"},"content":{"rendered":"<p>Seria: Classia<br data-start=\"156\" data-end=\"159\" \/>Lloji: Panel mbulues p\u00ebr 3 module<br data-start=\"196\" data-end=\"199\" \/>Montimi: Flush-mounted<br data-start=\"225\" data-end=\"228\" data-is-only-node=\"\" \/>Ngjyra: White Gold (e bardh\u00eb me detaje ari)<br data-start=\"275\" data-end=\"278\" \/>Materiali: Plastik\/ABS<br data-start=\"304\" data-end=\"307\" \/>P\u00ebrmasat: 86 \u00d7 122mm\u00a0<br data-start=\"370\" data-end=\"373\" \/>Mbrojtja: IP20<br data-start=\"391\" data-end=\"394\" \/>P\u00ebrputhshm\u00ebria: P\u00ebr mekanizma elektrik\u00eb t\u00eb seris\u00eb Classia<br data-start=\"455\" data-end=\"458\" \/>Certifikime: CE; n\u00eb p\u00ebrputhje me LVD 2014\/35\/EU, EMC 2014\/30\/EU; standarde IEC; certifikuar n\u00eb CB-scheme\u00a0<br data-start=\"604\" data-end=\"607\" \/>Panel mbulues stil minimalist, modern dhe funksional p\u00ebr kombinim me mekanizmat Classia<\/p>","protected":false},"excerpt":{"rendered":"<p>Seria: ClassiaLloji: Panel mbulues p\u00ebr 3 moduleMontimi: Flush-mountedNgjyra: White Gold (e bardh\u00eb me detaje ari)Materiali: Plastik\/ABSP\u00ebrmasat: 86 \u00d7 122mm\u00a0Mbrojtja: IP20P\u00ebrputhshm\u00ebria: P\u00ebr mekanizma elektrik\u00eb t\u00eb seris\u00eb ClassiaCertifikime: CE; n\u00eb p\u00ebrputhje me LVD 2014\/35\/EU, EMC 2014\/30\/EU; standarde IEC; certifikuar n\u00eb CB-scheme\u00a0Panel mbulues stil minimalist, modern dhe funksional p\u00ebr kombinim me mekanizmat Classia<\/p>","protected":false},"featured_media":2828,"comment_status":"open","ping_status":"closed","template":"","meta":{"_acf_changed":false},"product_brand":[],"product_cat":[40,63],"product_tag":[],"class_list":{"0":"post-2826","1":"product","2":"type-product","3":"status-publish","4":"has-post-thumbnail","6":"product_cat-serite-civile","7":"product_cat-classia","9":"first","10":"instock","11":"shipping-taxable","12":"product-type-simple"},"acf":[],"_links":{"self":[{"href":"https:\/\/www.brikaelektrik.al\/al\/wp-json\/wp\/v2\/product\/2826","targetHints":{"allow":["GET"]}}],"collection":[{"href":"https:\/\/www.brikaelektrik.al\/al\/wp-json\/wp\/v2\/product"}],"about":[{"href":"https:\/\/www.brikaelektrik.al\/al\/wp-json\/wp\/v2\/types\/product"}],"replies":[{"embeddable":true,"href":"https:\/\/www.brikaelektrik.al\/al\/wp-json\/wp\/v2\/comments?post=2826"}],"wp:featuredmedia":[{"embeddable":true,"href":"https:\/\/www.brikaelektrik.al\/al\/wp-json\/wp\/v2\/media\/2828"}],"wp:attachment":[{"href":"https:\/\/www.brikaelektrik.al\/al\/wp-json\/wp\/v2\/media?parent=2826"}],"wp:term":[{"taxonomy":"product_brand","embeddable":true,"href":"https:\/\/www.brikaelektrik.al\/al\/wp-json\/wp\/v2\/product_brand?post=2826"},{"taxonomy":"product_cat","embeddable":true,"href":"https:\/\/www.brikaelektrik.al\/al\/wp-json\/wp\/v2\/product_cat?post=2826"},{"taxonomy":"product_tag","embeddable":true,"href":"https:\/\/www.brikaelektrik.al\/al\/wp-json\/wp\/v2\/product_tag?post=2826"}],"curies":[{"name":"wp","href":"https:\/\/api.w.org\/{rel}","templated":true}]}}