{"id":2831,"date":"2025-08-18T13:26:18","date_gmt":"2025-08-18T13:26:18","guid":{"rendered":"https:\/\/www.brikaelektrik.al\/?post_type=product&#038;p=2831"},"modified":"2025-08-18T13:26:18","modified_gmt":"2025-08-18T13:26:18","slug":"kapak-i-bardhe-chrome-3p","status":"publish","type":"product","link":"https:\/\/www.brikaelektrik.al\/al\/produkt\/kapak-i-bardhe-chrome-3p\/","title":{"rendered":"KAPAK I BARDH\u00cb + CHROME 3P"},"content":{"rendered":"<p>Seria: Classia<br data-start=\"133\" data-end=\"136\" \/>Lloji: Panel mbulues p\u00ebr 3 module<br data-start=\"173\" data-end=\"176\" \/>Montimi: Flush-mounted<br data-start=\"202\" data-end=\"205\" data-is-only-node=\"\" \/>Ngjyra: White Chrome (e bardh\u00eb me detaje kromi)<br data-start=\"256\" data-end=\"259\" \/>Materiali: Plastik teknopolimer, pa halogjen (halogen-free)\u00a0<br data-start=\"360\" data-end=\"363\" \/>P\u00ebrmasat: 86 \u00d7 122mm\u00a0<br data-start=\"426\" data-end=\"429\" \/>Mbrojtja: IP20<br data-start=\"447\" data-end=\"450\" \/>P\u00ebrputhshm\u00ebria: P\u00ebr mekanizma elektrik\u00eb t\u00eb seris\u00eb Classia<br data-start=\"511\" data-end=\"514\" \/>Certifikime: CE; n\u00eb p\u00ebrputhje me direktivat LVD 2014\/35\/EU, EMC 2014\/30\/EU; standarde IEC; certifikuar n\u00eb skem\u00ebn CB-scheme <br data-start=\"678\" data-end=\"681\" \/>Panel mbulues elegant dhe modern, ideal p\u00ebr integrim t\u00eb dizajnit n\u00eb ambientet sht\u00ebpiake dhe profesionale, i leht\u00eb p\u00ebr montim dhe stil minimalist<\/p>","protected":false},"excerpt":{"rendered":"<p>Seria: ClassiaLloji: Panel mbulues p\u00ebr 3 moduleMontimi: Flush-mountedNgjyra: White Chrome (e bardh\u00eb me detaje kromi)Materiali: Plastik teknopolimer, pa halogjen (halogen-free)\u00a0P\u00ebrmasat: 86 \u00d7 122mm\u00a0Mbrojtja: IP20P\u00ebrputhshm\u00ebria: P\u00ebr mekanizma elektrik\u00eb t\u00eb seris\u00eb ClassiaCertifikime: CE; n\u00eb p\u00ebrputhje me direktivat LVD 2014\/35\/EU, EMC 2014\/30\/EU; standarde IEC; certifikuar n\u00eb skem\u00ebn CB-scheme Panel mbulues elegant dhe modern, ideal p\u00ebr integrim t\u00eb dizajnit [&hellip;]<\/p>","protected":false},"featured_media":2832,"comment_status":"open","ping_status":"closed","template":"","meta":{"_acf_changed":false},"product_brand":[],"product_cat":[40,63],"product_tag":[],"class_list":{"0":"post-2831","1":"product","2":"type-product","3":"status-publish","4":"has-post-thumbnail","6":"product_cat-serite-civile","7":"product_cat-classia","9":"first","10":"instock","11":"shipping-taxable","12":"product-type-simple"},"acf":[],"_links":{"self":[{"href":"https:\/\/www.brikaelektrik.al\/al\/wp-json\/wp\/v2\/product\/2831","targetHints":{"allow":["GET"]}}],"collection":[{"href":"https:\/\/www.brikaelektrik.al\/al\/wp-json\/wp\/v2\/product"}],"about":[{"href":"https:\/\/www.brikaelektrik.al\/al\/wp-json\/wp\/v2\/types\/product"}],"replies":[{"embeddable":true,"href":"https:\/\/www.brikaelektrik.al\/al\/wp-json\/wp\/v2\/comments?post=2831"}],"wp:featuredmedia":[{"embeddable":true,"href":"https:\/\/www.brikaelektrik.al\/al\/wp-json\/wp\/v2\/media\/2832"}],"wp:attachment":[{"href":"https:\/\/www.brikaelektrik.al\/al\/wp-json\/wp\/v2\/media?parent=2831"}],"wp:term":[{"taxonomy":"product_brand","embeddable":true,"href":"https:\/\/www.brikaelektrik.al\/al\/wp-json\/wp\/v2\/product_brand?post=2831"},{"taxonomy":"product_cat","embeddable":true,"href":"https:\/\/www.brikaelektrik.al\/al\/wp-json\/wp\/v2\/product_cat?post=2831"},{"taxonomy":"product_tag","embeddable":true,"href":"https:\/\/www.brikaelektrik.al\/al\/wp-json\/wp\/v2\/product_tag?post=2831"}],"curies":[{"name":"wp","href":"https:\/\/api.w.org\/{rel}","templated":true}]}}