{"id":2834,"date":"2025-08-18T13:27:38","date_gmt":"2025-08-18T13:27:38","guid":{"rendered":"https:\/\/www.brikaelektrik.al\/?post_type=product&#038;p=2834"},"modified":"2025-08-18T13:30:40","modified_gmt":"2025-08-18T13:30:40","slug":"kapak-i-zi-mat-2p","status":"publish","type":"product","link":"https:\/\/www.brikaelektrik.al\/al\/produkt\/kapak-i-zi-mat-2p\/","title":{"rendered":"KAPAK I ZI MAT\u00a02P"},"content":{"rendered":"<p>Lloji: Panel mbulues p\u00ebr 2 module<br \/>\nMontimi: Flush-mounted (i integruar n\u00eb mur)<br \/>\nNgjyra: E zez\u00eb me shk\u00eblqim (Black Satin)<br \/>\nMateriali: Plastik termoplastik (ABS)<br \/>\nP\u00ebrmasat: 86 \u00d7 86mm<br \/>\nMbrojtja: IP20<br \/>\nP\u00ebrputhshm\u00ebria: P\u00ebr mekanizma elektrik\u00eb t\u00eb seris\u00eb Classia<br \/>\nCertifikime: N\u00eb p\u00ebrputhje me direktivat evropiane LVD 2014\/35\/EU dhe EMC 2014\/30\/EU; standarde IEC; certifikuar n\u00eb skem\u00ebn\u00a0CB-scheme<\/p>","protected":false},"excerpt":{"rendered":"<p>Lloji: Panel mbulues p\u00ebr 2 module Montimi: Flush-mounted (i integruar n\u00eb mur) Ngjyra: E zez\u00eb me shk\u00eblqim (Black Satin) Materiali: Plastik termoplastik (ABS) P\u00ebrmasat: 86 \u00d7 86mm Mbrojtja: IP20 P\u00ebrputhshm\u00ebria: P\u00ebr mekanizma elektrik\u00eb t\u00eb seris\u00eb Classia Certifikime: N\u00eb p\u00ebrputhje me direktivat evropiane LVD 2014\/35\/EU dhe EMC 2014\/30\/EU; standarde IEC; certifikuar n\u00eb skem\u00ebn\u00a0CB-scheme<\/p>","protected":false},"featured_media":2841,"comment_status":"open","ping_status":"closed","template":"","meta":{"_acf_changed":false},"product_brand":[],"product_cat":[40,63],"product_tag":[],"class_list":{"0":"post-2834","1":"product","2":"type-product","3":"status-publish","4":"has-post-thumbnail","6":"product_cat-serite-civile","7":"product_cat-classia","9":"first","10":"instock","11":"shipping-taxable","12":"product-type-simple"},"acf":[],"_links":{"self":[{"href":"https:\/\/www.brikaelektrik.al\/al\/wp-json\/wp\/v2\/product\/2834","targetHints":{"allow":["GET"]}}],"collection":[{"href":"https:\/\/www.brikaelektrik.al\/al\/wp-json\/wp\/v2\/product"}],"about":[{"href":"https:\/\/www.brikaelektrik.al\/al\/wp-json\/wp\/v2\/types\/product"}],"replies":[{"embeddable":true,"href":"https:\/\/www.brikaelektrik.al\/al\/wp-json\/wp\/v2\/comments?post=2834"}],"wp:featuredmedia":[{"embeddable":true,"href":"https:\/\/www.brikaelektrik.al\/al\/wp-json\/wp\/v2\/media\/2841"}],"wp:attachment":[{"href":"https:\/\/www.brikaelektrik.al\/al\/wp-json\/wp\/v2\/media?parent=2834"}],"wp:term":[{"taxonomy":"product_brand","embeddable":true,"href":"https:\/\/www.brikaelektrik.al\/al\/wp-json\/wp\/v2\/product_brand?post=2834"},{"taxonomy":"product_cat","embeddable":true,"href":"https:\/\/www.brikaelektrik.al\/al\/wp-json\/wp\/v2\/product_cat?post=2834"},{"taxonomy":"product_tag","embeddable":true,"href":"https:\/\/www.brikaelektrik.al\/al\/wp-json\/wp\/v2\/product_tag?post=2834"}],"curies":[{"name":"wp","href":"https:\/\/api.w.org\/{rel}","templated":true}]}}