{"id":2835,"date":"2025-08-18T13:28:58","date_gmt":"2025-08-18T13:28:58","guid":{"rendered":"https:\/\/www.brikaelektrik.al\/?post_type=product&#038;p=2835"},"modified":"2025-08-18T13:28:58","modified_gmt":"2025-08-18T13:28:58","slug":"kapak-i-zi-nikel-3p","status":"publish","type":"product","link":"https:\/\/www.brikaelektrik.al\/al\/produkt\/kapak-i-zi-nikel-3p\/","title":{"rendered":"KAPAK I ZI + NIKEL 3P"},"content":{"rendered":"<p>Seria: Classia<br data-start=\"117\" data-end=\"120\" \/>Lloji: Panel mbulues p\u00ebr 3 module<br data-start=\"157\" data-end=\"160\" \/>Montimi: Flush-mounted<br data-start=\"186\" data-end=\"189\" data-is-only-node=\"\" \/>Ngjyra: Black Nickel (ngjyr\u00eb e zez\u00eb me detaje nikeli)<br data-start=\"246\" data-end=\"249\" \/>Materiali: Plastik\/ABS (technopolymer)\u00a0<br data-start=\"329\" data-end=\"332\" \/>P\u00ebrmasat: 86 \u00d7 122mm <br data-start=\"395\" data-end=\"398\" \/>Mbrojtja: IP20<br data-start=\"416\" data-end=\"419\" \/>P\u00ebrputhshm\u00ebria: P\u00ebr mekanizma elektrik\u00eb t\u00eb seris\u00eb Classia<br data-start=\"480\" data-end=\"483\" \/>Certifikime: CE; n\u00eb p\u00ebrputhje me direktivat LVD 2014\/35\/EU dhe EMC 2014\/30\/EU; standarde IEC; certifikuar n\u00eb skem\u00ebn CB-scheme\u00a0<br data-start=\"650\" data-end=\"653\" \/>P\u00ebrshkrim: Panel mbulues elegant dhe t\u00ebrheq\u00ebs, ideal p\u00ebr stil minimalist dhe kombinim me mekanizma Classia<\/p>","protected":false},"excerpt":{"rendered":"<p>Seria: ClassiaLloji: Panel mbulues p\u00ebr 3 moduleMontimi: Flush-mountedNgjyra: Black Nickel (ngjyr\u00eb e zez\u00eb me detaje nikeli)Materiali: Plastik\/ABS (technopolymer)\u00a0P\u00ebrmasat: 86 \u00d7 122mm Mbrojtja: IP20P\u00ebrputhshm\u00ebria: P\u00ebr mekanizma elektrik\u00eb t\u00eb seris\u00eb ClassiaCertifikime: CE; n\u00eb p\u00ebrputhje me direktivat LVD 2014\/35\/EU dhe EMC 2014\/30\/EU; standarde IEC; certifikuar n\u00eb skem\u00ebn CB-scheme\u00a0P\u00ebrshkrim: Panel mbulues elegant dhe t\u00ebrheq\u00ebs, ideal p\u00ebr stil minimalist dhe [&hellip;]<\/p>","protected":false},"featured_media":2836,"comment_status":"open","ping_status":"closed","template":"","meta":{"_acf_changed":false},"product_brand":[],"product_cat":[40,63],"product_tag":[],"class_list":{"0":"post-2835","1":"product","2":"type-product","3":"status-publish","4":"has-post-thumbnail","6":"product_cat-serite-civile","7":"product_cat-classia","9":"first","10":"instock","11":"shipping-taxable","12":"product-type-simple"},"acf":[],"_links":{"self":[{"href":"https:\/\/www.brikaelektrik.al\/al\/wp-json\/wp\/v2\/product\/2835","targetHints":{"allow":["GET"]}}],"collection":[{"href":"https:\/\/www.brikaelektrik.al\/al\/wp-json\/wp\/v2\/product"}],"about":[{"href":"https:\/\/www.brikaelektrik.al\/al\/wp-json\/wp\/v2\/types\/product"}],"replies":[{"embeddable":true,"href":"https:\/\/www.brikaelektrik.al\/al\/wp-json\/wp\/v2\/comments?post=2835"}],"wp:featuredmedia":[{"embeddable":true,"href":"https:\/\/www.brikaelektrik.al\/al\/wp-json\/wp\/v2\/media\/2836"}],"wp:attachment":[{"href":"https:\/\/www.brikaelektrik.al\/al\/wp-json\/wp\/v2\/media?parent=2835"}],"wp:term":[{"taxonomy":"product_brand","embeddable":true,"href":"https:\/\/www.brikaelektrik.al\/al\/wp-json\/wp\/v2\/product_brand?post=2835"},{"taxonomy":"product_cat","embeddable":true,"href":"https:\/\/www.brikaelektrik.al\/al\/wp-json\/wp\/v2\/product_cat?post=2835"},{"taxonomy":"product_tag","embeddable":true,"href":"https:\/\/www.brikaelektrik.al\/al\/wp-json\/wp\/v2\/product_tag?post=2835"}],"curies":[{"name":"wp","href":"https:\/\/api.w.org\/{rel}","templated":true}]}}