{"id":2839,"date":"2025-08-18T13:31:23","date_gmt":"2025-08-18T13:31:23","guid":{"rendered":"https:\/\/www.brikaelektrik.al\/?post_type=product&#038;p=2839"},"modified":"2025-08-18T13:31:23","modified_gmt":"2025-08-18T13:31:23","slug":"kapak-metal-blu-3p","status":"publish","type":"product","link":"https:\/\/www.brikaelektrik.al\/al\/produkt\/kapak-metal-blu-3p\/","title":{"rendered":"KAPAK METAL BLU 3P"},"content":{"rendered":"<p>Seria: Classia<br data-start=\"147\" data-end=\"150\" \/>Lloji: Panel mbulues p\u00ebr 3 module<br data-start=\"187\" data-end=\"190\" \/>Montimi: Flush-mounted<br data-start=\"216\" data-end=\"219\" data-is-only-node=\"\" \/>Ngjyra: Blu Metal (Blue Metal)<br data-start=\"253\" data-end=\"256\" \/>Materiali: Plastik teknopolimer \/ ABS<br data-start=\"297\" data-end=\"300\" \/>P\u00ebrmasat: 86 \u00d7 122mm\u00a0<br data-start=\"363\" data-end=\"366\" \/>Mbrojtja: IP20<br data-start=\"384\" data-end=\"387\" \/>P\u00ebrputhshm\u00ebria: P\u00ebr mekanizma elektrik\u00eb t\u00eb seris\u00eb Classia (instalim n\u00eb kutit\u00eb standarde: 503E p\u00ebr muratur\u00eb dhe BP503N p\u00ebr mur t\u00eb that\u00eb) <br data-start=\"564\" data-end=\"567\" \/>Certifikime: CE; n\u00eb p\u00ebrputhje me direktivat LVD 2014\/35\/EU dhe EMC 2014\/30\/EU; standarde IEC; certifikuar n\u00eb skem\u00ebn CB-scheme\u00a0<br data-start=\"734\" data-end=\"737\" \/>P\u00ebrshkrim: Panel mbulues elegant me ngjyr\u00eb blu metal, projektuar p\u00ebr nj\u00eb integrim estetik dhe modern n\u00eb ambjentet elektrike, ideal p\u00ebr kombinim me mekanizmat Classia<\/p>","protected":false},"excerpt":{"rendered":"<p>Seria: ClassiaLloji: Panel mbulues p\u00ebr 3 moduleMontimi: Flush-mountedNgjyra: Blu Metal (Blue Metal)Materiali: Plastik teknopolimer \/ ABSP\u00ebrmasat: 86 \u00d7 122mm\u00a0Mbrojtja: IP20P\u00ebrputhshm\u00ebria: P\u00ebr mekanizma elektrik\u00eb t\u00eb seris\u00eb Classia (instalim n\u00eb kutit\u00eb standarde: 503E p\u00ebr muratur\u00eb dhe BP503N p\u00ebr mur t\u00eb that\u00eb) Certifikime: CE; n\u00eb p\u00ebrputhje me direktivat LVD 2014\/35\/EU dhe EMC 2014\/30\/EU; standarde IEC; certifikuar n\u00eb skem\u00ebn [&hellip;]<\/p>","protected":false},"featured_media":2840,"comment_status":"open","ping_status":"closed","template":"","meta":{"_acf_changed":false},"product_brand":[],"product_cat":[40,63],"product_tag":[],"class_list":{"0":"post-2839","1":"product","2":"type-product","3":"status-publish","4":"has-post-thumbnail","6":"product_cat-serite-civile","7":"product_cat-classia","9":"first","10":"instock","11":"shipping-taxable","12":"product-type-simple"},"acf":[],"_links":{"self":[{"href":"https:\/\/www.brikaelektrik.al\/al\/wp-json\/wp\/v2\/product\/2839","targetHints":{"allow":["GET"]}}],"collection":[{"href":"https:\/\/www.brikaelektrik.al\/al\/wp-json\/wp\/v2\/product"}],"about":[{"href":"https:\/\/www.brikaelektrik.al\/al\/wp-json\/wp\/v2\/types\/product"}],"replies":[{"embeddable":true,"href":"https:\/\/www.brikaelektrik.al\/al\/wp-json\/wp\/v2\/comments?post=2839"}],"wp:featuredmedia":[{"embeddable":true,"href":"https:\/\/www.brikaelektrik.al\/al\/wp-json\/wp\/v2\/media\/2840"}],"wp:attachment":[{"href":"https:\/\/www.brikaelektrik.al\/al\/wp-json\/wp\/v2\/media?parent=2839"}],"wp:term":[{"taxonomy":"product_brand","embeddable":true,"href":"https:\/\/www.brikaelektrik.al\/al\/wp-json\/wp\/v2\/product_brand?post=2839"},{"taxonomy":"product_cat","embeddable":true,"href":"https:\/\/www.brikaelektrik.al\/al\/wp-json\/wp\/v2\/product_cat?post=2839"},{"taxonomy":"product_tag","embeddable":true,"href":"https:\/\/www.brikaelektrik.al\/al\/wp-json\/wp\/v2\/product_tag?post=2839"}],"curies":[{"name":"wp","href":"https:\/\/api.w.org\/{rel}","templated":true}]}}