{"id":2843,"date":"2025-08-18T13:33:54","date_gmt":"2025-08-18T13:33:54","guid":{"rendered":"https:\/\/www.brikaelektrik.al\/?post_type=product&#038;p=2843"},"modified":"2025-08-18T13:33:54","modified_gmt":"2025-08-18T13:33:54","slug":"kapak-i-zi-ar-3p","status":"publish","type":"product","link":"https:\/\/www.brikaelektrik.al\/al\/produkt\/kapak-i-zi-ar-3p\/","title":{"rendered":"KAPAK I ZI + AR 3P"},"content":{"rendered":"<p>Seria: Classia<br data-start=\"152\" data-end=\"155\" \/>Lloji: Panel mbulues p\u00ebr 3 module<br data-start=\"192\" data-end=\"195\" \/>Montimi: Flush-mounted<br data-start=\"221\" data-end=\"224\" data-is-only-node=\"\" \/>Ngjyra: Black Gold (ngjyr\u00eb e zez\u00eb me detaje ari)<br data-start=\"276\" data-end=\"279\" \/>Materiali: Plastik teknopolimer (ABS)<br data-start=\"320\" data-end=\"323\" \/>P\u00ebrmasat: 86 \u00d7 122mm\u00a0<br data-start=\"386\" data-end=\"389\" \/>Mbrojtja: IP20<br data-start=\"407\" data-end=\"410\" \/>P\u00ebrputhshm\u00ebria: P\u00ebr mekanizma elektrik\u00eb t\u00eb seris\u00eb Classia<br data-start=\"471\" data-end=\"474\" \/>Certifikime: CE; n\u00eb p\u00ebrputhje me LVD 2014\/35\/EU, EMC 2014\/30\/EU; standarde IEC; certifikuar n\u00eb CB-scheme<br data-start=\"620\" data-end=\"623\" \/>Panel mbulues elegant dhe i sofistikuar n\u00eb ngjyr\u00ebn Black Gold, p\u00ebr instalime q\u00eb k\u00ebrkojn\u00eb estetik\u00eb t\u00eb rafinuar, e integrueshme me mekanizmat e seris\u00eb Classia<\/p>","protected":false},"excerpt":{"rendered":"<p>Seria: ClassiaLloji: Panel mbulues p\u00ebr 3 moduleMontimi: Flush-mountedNgjyra: Black Gold (ngjyr\u00eb e zez\u00eb me detaje ari)Materiali: Plastik teknopolimer (ABS)P\u00ebrmasat: 86 \u00d7 122mm\u00a0Mbrojtja: IP20P\u00ebrputhshm\u00ebria: P\u00ebr mekanizma elektrik\u00eb t\u00eb seris\u00eb ClassiaCertifikime: CE; n\u00eb p\u00ebrputhje me LVD 2014\/35\/EU, EMC 2014\/30\/EU; standarde IEC; certifikuar n\u00eb CB-schemePanel mbulues elegant dhe i sofistikuar n\u00eb ngjyr\u00ebn Black Gold, p\u00ebr instalime q\u00eb k\u00ebrkojn\u00eb [&hellip;]<\/p>","protected":false},"featured_media":2844,"comment_status":"open","ping_status":"closed","template":"","meta":{"_acf_changed":false},"product_brand":[],"product_cat":[40,63],"product_tag":[],"class_list":{"0":"post-2843","1":"product","2":"type-product","3":"status-publish","4":"has-post-thumbnail","6":"product_cat-serite-civile","7":"product_cat-classia","9":"first","10":"instock","11":"shipping-taxable","12":"product-type-simple"},"acf":[],"_links":{"self":[{"href":"https:\/\/www.brikaelektrik.al\/al\/wp-json\/wp\/v2\/product\/2843","targetHints":{"allow":["GET"]}}],"collection":[{"href":"https:\/\/www.brikaelektrik.al\/al\/wp-json\/wp\/v2\/product"}],"about":[{"href":"https:\/\/www.brikaelektrik.al\/al\/wp-json\/wp\/v2\/types\/product"}],"replies":[{"embeddable":true,"href":"https:\/\/www.brikaelektrik.al\/al\/wp-json\/wp\/v2\/comments?post=2843"}],"wp:featuredmedia":[{"embeddable":true,"href":"https:\/\/www.brikaelektrik.al\/al\/wp-json\/wp\/v2\/media\/2844"}],"wp:attachment":[{"href":"https:\/\/www.brikaelektrik.al\/al\/wp-json\/wp\/v2\/media?parent=2843"}],"wp:term":[{"taxonomy":"product_brand","embeddable":true,"href":"https:\/\/www.brikaelektrik.al\/al\/wp-json\/wp\/v2\/product_brand?post=2843"},{"taxonomy":"product_cat","embeddable":true,"href":"https:\/\/www.brikaelektrik.al\/al\/wp-json\/wp\/v2\/product_cat?post=2843"},{"taxonomy":"product_tag","embeddable":true,"href":"https:\/\/www.brikaelektrik.al\/al\/wp-json\/wp\/v2\/product_tag?post=2843"}],"curies":[{"name":"wp","href":"https:\/\/api.w.org\/{rel}","templated":true}]}}