{"id":2845,"date":"2025-08-18T13:48:09","date_gmt":"2025-08-18T13:48:09","guid":{"rendered":"https:\/\/www.brikaelektrik.al\/?post_type=product&#038;p=2845"},"modified":"2025-08-18T13:48:09","modified_gmt":"2025-08-18T13:48:09","slug":"kapak-2p-i-qenderzuar-per-3-module-i-bardhe","status":"publish","type":"product","link":"https:\/\/www.brikaelektrik.al\/al\/produkt\/kapak-2p-i-qenderzuar-per-3-module-i-bardhe\/","title":{"rendered":"KAPAK 2P I Q\u00cbND\u00cbRZUAR PER 3 MODULE I BARDH\u00cb"},"content":{"rendered":"<p>Seria: Classia<br data-start=\"125\" data-end=\"128\" \/>Lloji: Panel mbulues p\u00ebr 2 module<br data-start=\"165\" data-end=\"168\" \/>Montimi: Flush\u2011mounted (standard italian)<br data-start=\"213\" data-end=\"216\" data-is-only-node=\"\" \/>Ngjyra: E bardh\u00eb (White)<br data-start=\"244\" data-end=\"247\" \/>Materiali: Plastik\/ABS (halogen-free)<br data-start=\"288\" data-end=\"291\" \/>P\u00ebrmasat: 86 \u00d7 122mm<br data-start=\"316\" data-end=\"319\" \/>Mbrojtja: IP20<br data-start=\"337\" data-end=\"340\" \/>P\u00ebrputhshm\u00ebria: P\u00ebr mekanizma elektrik\u00eb t\u00eb seris\u00eb Classia<br data-start=\"401\" data-end=\"404\" \/>Certifikime: CE; n\u00eb p\u00ebrputhje me direktivat LVD 2014\/35\/EU dhe EMC 2014\/30\/EU; standarde IEC; certifikuar n\u00eb skem\u00ebn CB\u2011scheme<\/p>","protected":false},"excerpt":{"rendered":"<p>Seria: ClassiaLloji: Panel mbulues p\u00ebr 2 moduleMontimi: Flush\u2011mounted (standard italian)Ngjyra: E bardh\u00eb (White)Materiali: Plastik\/ABS (halogen-free)P\u00ebrmasat: 86 \u00d7 122mmMbrojtja: IP20P\u00ebrputhshm\u00ebria: P\u00ebr mekanizma elektrik\u00eb t\u00eb seris\u00eb ClassiaCertifikime: CE; n\u00eb p\u00ebrputhje me direktivat LVD 2014\/35\/EU dhe EMC 2014\/30\/EU; standarde IEC; certifikuar n\u00eb skem\u00ebn CB\u2011scheme<\/p>","protected":false},"featured_media":2847,"comment_status":"open","ping_status":"closed","template":"","meta":{"_acf_changed":false},"product_brand":[],"product_cat":[40,63],"product_tag":[],"class_list":{"0":"post-2845","1":"product","2":"type-product","3":"status-publish","4":"has-post-thumbnail","6":"product_cat-serite-civile","7":"product_cat-classia","9":"first","10":"instock","11":"shipping-taxable","12":"product-type-simple"},"acf":[],"_links":{"self":[{"href":"https:\/\/www.brikaelektrik.al\/al\/wp-json\/wp\/v2\/product\/2845","targetHints":{"allow":["GET"]}}],"collection":[{"href":"https:\/\/www.brikaelektrik.al\/al\/wp-json\/wp\/v2\/product"}],"about":[{"href":"https:\/\/www.brikaelektrik.al\/al\/wp-json\/wp\/v2\/types\/product"}],"replies":[{"embeddable":true,"href":"https:\/\/www.brikaelektrik.al\/al\/wp-json\/wp\/v2\/comments?post=2845"}],"wp:featuredmedia":[{"embeddable":true,"href":"https:\/\/www.brikaelektrik.al\/al\/wp-json\/wp\/v2\/media\/2847"}],"wp:attachment":[{"href":"https:\/\/www.brikaelektrik.al\/al\/wp-json\/wp\/v2\/media?parent=2845"}],"wp:term":[{"taxonomy":"product_brand","embeddable":true,"href":"https:\/\/www.brikaelektrik.al\/al\/wp-json\/wp\/v2\/product_brand?post=2845"},{"taxonomy":"product_cat","embeddable":true,"href":"https:\/\/www.brikaelektrik.al\/al\/wp-json\/wp\/v2\/product_cat?post=2845"},{"taxonomy":"product_tag","embeddable":true,"href":"https:\/\/www.brikaelektrik.al\/al\/wp-json\/wp\/v2\/product_tag?post=2845"}],"curies":[{"name":"wp","href":"https:\/\/api.w.org\/{rel}","templated":true}]}}