{"id":2856,"date":"2025-08-18T13:52:29","date_gmt":"2025-08-18T13:52:29","guid":{"rendered":"https:\/\/www.brikaelektrik.al\/?post_type=product&#038;p=2856"},"modified":"2025-08-18T13:52:29","modified_gmt":"2025-08-18T13:52:29","slug":"deviat-i-zi-1p-10a-me-drite","status":"publish","type":"product","link":"https:\/\/www.brikaelektrik.al\/al\/produkt\/deviat-i-zi-1p-10a-me-drite\/","title":{"rendered":"DEVIAT I ZI 1P 10A ME DRIT\u00cb"},"content":{"rendered":"<p>Seria: Classia<br data-start=\"144\" data-end=\"147\" \/>Lloji: \u00c7el\u00ebs dy\u2011drejtimor (Two-way switch)<br data-start=\"193\" data-end=\"196\" \/>Pol: 1P (nj\u00eb pol)<br data-start=\"217\" data-end=\"220\" data-is-only-node=\"\" \/>P\u00ebrmasat: 22.3 \u00d7 42.7 \u00d7 32.9 mm<br data-start=\"255\" data-end=\"258\" \/>Ngjyra: E zez\u00eb (Black)<br data-start=\"284\" data-end=\"287\" \/>Materiali: Plastik teknopolimer (ABS)<br data-start=\"328\" data-end=\"331\" \/>Mbrojtja: IP20<br data-start=\"349\" data-end=\"352\" \/>Tensioni i pun\u00ebs: 250 V AC<br data-start=\"382\" data-end=\"385\" \/>Rryma e pun\u00ebs: 10 A<br data-start=\"408\" data-end=\"411\" \/>Lidhja: Terminale me vida (screw terminals)<br data-start=\"458\" data-end=\"461\" \/>Ndri\u00e7imi: Me LED t\u00eb integruar (230 V) p\u00ebr ndri\u00e7im t\u00eb but\u00eb kur \u00ebsht\u00eb i fikur<br data-start=\"540\" data-end=\"543\" \/>P\u00ebrputhshm\u00ebria: P\u00ebr mekanizma elektrik\u00eb t\u00eb seris\u00eb Classia<br data-start=\"604\" data-end=\"607\" \/>Certifikime: CE; n\u00eb p\u00ebrputhje me direktivat LVD 2014\/35\/EU dhe EMC 2014\/30\/EU; standarde IEC; certifikuar n\u00eb skem\u00ebn CB\u2011scheme<br data-start=\"736\" data-end=\"739\" \/><strong>\u00c7el\u00ebs dy\u2011drejtimor i dizajnuar p\u00ebr instalim t\u00eb integruar n\u00eb mur, me ndri\u00e7im t\u00eb integruar p\u00ebr p\u00ebrdorim t\u00eb leht\u00eb n\u00eb err\u00ebsir\u00eb<\/strong><\/p>","protected":false},"excerpt":{"rendered":"<p>Seria: ClassiaLloji: \u00c7el\u00ebs dy\u2011drejtimor (Two-way switch)Pol: 1P (nj\u00eb pol)P\u00ebrmasat: 22.3 \u00d7 42.7 \u00d7 32.9 mmNgjyra: E zez\u00eb (Black)Materiali: Plastik teknopolimer (ABS)Mbrojtja: IP20Tensioni i pun\u00ebs: 250 V ACRryma e pun\u00ebs: 10 ALidhja: Terminale me vida (screw terminals)Ndri\u00e7imi: Me LED t\u00eb integruar (230 V) p\u00ebr ndri\u00e7im t\u00eb but\u00eb kur \u00ebsht\u00eb i fikurP\u00ebrputhshm\u00ebria: P\u00ebr mekanizma elektrik\u00eb t\u00eb seris\u00eb [&hellip;]<\/p>","protected":false},"featured_media":2858,"comment_status":"open","ping_status":"closed","template":"","meta":{"_acf_changed":false},"product_brand":[],"product_cat":[40,63],"product_tag":[],"class_list":{"0":"post-2856","1":"product","2":"type-product","3":"status-publish","4":"has-post-thumbnail","6":"product_cat-serite-civile","7":"product_cat-classia","9":"first","10":"instock","11":"shipping-taxable","12":"product-type-simple"},"acf":[],"_links":{"self":[{"href":"https:\/\/www.brikaelektrik.al\/al\/wp-json\/wp\/v2\/product\/2856","targetHints":{"allow":["GET"]}}],"collection":[{"href":"https:\/\/www.brikaelektrik.al\/al\/wp-json\/wp\/v2\/product"}],"about":[{"href":"https:\/\/www.brikaelektrik.al\/al\/wp-json\/wp\/v2\/types\/product"}],"replies":[{"embeddable":true,"href":"https:\/\/www.brikaelektrik.al\/al\/wp-json\/wp\/v2\/comments?post=2856"}],"wp:featuredmedia":[{"embeddable":true,"href":"https:\/\/www.brikaelektrik.al\/al\/wp-json\/wp\/v2\/media\/2858"}],"wp:attachment":[{"href":"https:\/\/www.brikaelektrik.al\/al\/wp-json\/wp\/v2\/media?parent=2856"}],"wp:term":[{"taxonomy":"product_brand","embeddable":true,"href":"https:\/\/www.brikaelektrik.al\/al\/wp-json\/wp\/v2\/product_brand?post=2856"},{"taxonomy":"product_cat","embeddable":true,"href":"https:\/\/www.brikaelektrik.al\/al\/wp-json\/wp\/v2\/product_cat?post=2856"},{"taxonomy":"product_tag","embeddable":true,"href":"https:\/\/www.brikaelektrik.al\/al\/wp-json\/wp\/v2\/product_tag?post=2856"}],"curies":[{"name":"wp","href":"https:\/\/api.w.org\/{rel}","templated":true}]}}