{"id":2861,"date":"2025-08-18T13:55:01","date_gmt":"2025-08-18T13:55:01","guid":{"rendered":"https:\/\/www.brikaelektrik.al\/?post_type=product&#038;p=2861"},"modified":"2025-08-18T13:55:01","modified_gmt":"2025-08-18T13:55:01","slug":"kapak-i-zi-mat-7p-bg","status":"publish","type":"product","link":"https:\/\/www.brikaelektrik.al\/al\/produkt\/kapak-i-zi-mat-7p-bg\/","title":{"rendered":"KAPAK I ZI MAT 7P\u00a0BG"},"content":{"rendered":"<p>Lloji: Panel mbulues p\u00ebr 7 module<br \/>\nMontimi: Flush-mounted (i integruar n\u00eb mur)<br \/>\nNgjyra: E zez\u00eb satin<br \/>\nMateriali: Plastik teknopolimer<br \/>\nP\u00ebrmasat: 86 \u00d7 212mm<br \/>\nMbrojtja: IP20<br \/>\nP\u00ebrputhshm\u00ebria: P\u00ebr mekanizma elektrik\u00eb t\u00eb seris\u00eb Classia<br \/>\nCertifikime: N\u00eb p\u00ebrputhje me direktivat evropiane LVD 2014\/35\/EU dhe EMC 2014\/30\/EU; standarde IEC; certifikuar n\u00eb skem\u00ebn\u00a0CB-scheme<\/p>","protected":false},"excerpt":{"rendered":"<p>Lloji: Panel mbulues p\u00ebr 7 module Montimi: Flush-mounted (i integruar n\u00eb mur) Ngjyra: E zez\u00eb satin Materiali: Plastik teknopolimer P\u00ebrmasat: 86 \u00d7 212mm Mbrojtja: IP20 P\u00ebrputhshm\u00ebria: P\u00ebr mekanizma elektrik\u00eb t\u00eb seris\u00eb Classia Certifikime: N\u00eb p\u00ebrputhje me direktivat evropiane LVD 2014\/35\/EU dhe EMC 2014\/30\/EU; standarde IEC; certifikuar n\u00eb skem\u00ebn\u00a0CB-scheme<\/p>","protected":false},"featured_media":2864,"comment_status":"open","ping_status":"closed","template":"","meta":{"_acf_changed":false},"product_brand":[],"product_cat":[15],"product_tag":[],"class_list":{"0":"post-2861","1":"product","2":"type-product","3":"status-publish","4":"has-post-thumbnail","6":"product_cat-uncategorized","8":"first","9":"instock","10":"shipping-taxable","11":"product-type-simple"},"acf":[],"_links":{"self":[{"href":"https:\/\/www.brikaelektrik.al\/al\/wp-json\/wp\/v2\/product\/2861","targetHints":{"allow":["GET"]}}],"collection":[{"href":"https:\/\/www.brikaelektrik.al\/al\/wp-json\/wp\/v2\/product"}],"about":[{"href":"https:\/\/www.brikaelektrik.al\/al\/wp-json\/wp\/v2\/types\/product"}],"replies":[{"embeddable":true,"href":"https:\/\/www.brikaelektrik.al\/al\/wp-json\/wp\/v2\/comments?post=2861"}],"wp:featuredmedia":[{"embeddable":true,"href":"https:\/\/www.brikaelektrik.al\/al\/wp-json\/wp\/v2\/media\/2864"}],"wp:attachment":[{"href":"https:\/\/www.brikaelektrik.al\/al\/wp-json\/wp\/v2\/media?parent=2861"}],"wp:term":[{"taxonomy":"product_brand","embeddable":true,"href":"https:\/\/www.brikaelektrik.al\/al\/wp-json\/wp\/v2\/product_brand?post=2861"},{"taxonomy":"product_cat","embeddable":true,"href":"https:\/\/www.brikaelektrik.al\/al\/wp-json\/wp\/v2\/product_cat?post=2861"},{"taxonomy":"product_tag","embeddable":true,"href":"https:\/\/www.brikaelektrik.al\/al\/wp-json\/wp\/v2\/product_tag?post=2861"}],"curies":[{"name":"wp","href":"https:\/\/api.w.org\/{rel}","templated":true}]}}