{"id":2862,"date":"2025-08-18T13:55:53","date_gmt":"2025-08-18T13:55:53","guid":{"rendered":"https:\/\/www.brikaelektrik.al\/?post_type=product&#038;p=2862"},"modified":"2025-08-18T13:55:53","modified_gmt":"2025-08-18T13:55:53","slug":"deviat-i-bardhe-1p-10a-ipp60","status":"publish","type":"product","link":"https:\/\/www.brikaelektrik.al\/al\/produkt\/deviat-i-bardhe-1p-10a-ipp60\/","title":{"rendered":"DEVIAT I BARDH\u00cb 1P 10A IPP60"},"content":{"rendered":"<p>Seria: Classia<br data-start=\"173\" data-end=\"176\" \/>Lloji: \u00c7el\u00ebs dy\u2011drejtimor (Two-way switch)<br data-start=\"222\" data-end=\"225\" \/>Pol: 1P (nj\u00eb pol)<br data-start=\"246\" data-end=\"249\" \/>P\u00ebrmasat: 22.2 \u00d7 45.1 \u00d7 42.7mm<br data-start=\"284\" data-end=\"287\" \/>Ngjyra: E bardh\u00eb (White)<br data-start=\"315\" data-end=\"318\" \/>Materiali: Plastik teknopolimer (ABS)<br data-start=\"359\" data-end=\"362\" \/>Mbrojtja: IP40<br data-start=\"380\" data-end=\"383\" \/>Tensioni i pun\u00ebs: 250V AC<br data-start=\"413\" data-end=\"416\" \/>Rryma e pun\u00ebs: 10A<br data-start=\"439\" data-end=\"442\" \/>Lidhja: Terminale me vida (screw terminals)<br data-start=\"489\" data-end=\"492\" \/>P\u00ebrputhshm\u00ebria: P\u00ebr mekanizma elektrik\u00eb t\u00eb seris\u00eb Classia<br data-start=\"553\" data-end=\"556\" \/>Certifikime: CE; n\u00eb p\u00ebrputhje me direktivat LVD 2014\/35\/EU dhe EMC 2014\/30\/EU; standarde IEC; certifikuar n\u00eb skem\u00ebn CB\u2011scheme<br data-start=\"685\" data-end=\"688\" \/>\u00c7el\u00ebs dy\u2011drejtimor i dizajnuar p\u00ebr instalim t\u00eb integruar n\u00eb mur, me dizajn minimalist dhe modern, ideal p\u00ebr p\u00ebrdorim n\u00eb ambiente sht\u00ebpiake dhe profesionale<\/p>","protected":false},"excerpt":{"rendered":"<p>Seria: ClassiaLloji: \u00c7el\u00ebs dy\u2011drejtimor (Two-way switch)Pol: 1P (nj\u00eb pol)P\u00ebrmasat: 22.2 \u00d7 45.1 \u00d7 42.7mmNgjyra: E bardh\u00eb (White)Materiali: Plastik teknopolimer (ABS)Mbrojtja: IP40Tensioni i pun\u00ebs: 250V ACRryma e pun\u00ebs: 10ALidhja: Terminale me vida (screw terminals)P\u00ebrputhshm\u00ebria: P\u00ebr mekanizma elektrik\u00eb t\u00eb seris\u00eb ClassiaCertifikime: CE; n\u00eb p\u00ebrputhje me direktivat LVD 2014\/35\/EU dhe EMC 2014\/30\/EU; standarde IEC; certifikuar n\u00eb skem\u00ebn CB\u2011scheme\u00c7el\u00ebs [&hellip;]<\/p>","protected":false},"featured_media":2863,"comment_status":"open","ping_status":"closed","template":"","meta":{"_acf_changed":false},"product_brand":[],"product_cat":[40,63],"product_tag":[],"class_list":{"0":"post-2862","1":"product","2":"type-product","3":"status-publish","4":"has-post-thumbnail","6":"product_cat-serite-civile","7":"product_cat-classia","9":"first","10":"instock","11":"shipping-taxable","12":"product-type-simple"},"acf":[],"_links":{"self":[{"href":"https:\/\/www.brikaelektrik.al\/al\/wp-json\/wp\/v2\/product\/2862","targetHints":{"allow":["GET"]}}],"collection":[{"href":"https:\/\/www.brikaelektrik.al\/al\/wp-json\/wp\/v2\/product"}],"about":[{"href":"https:\/\/www.brikaelektrik.al\/al\/wp-json\/wp\/v2\/types\/product"}],"replies":[{"embeddable":true,"href":"https:\/\/www.brikaelektrik.al\/al\/wp-json\/wp\/v2\/comments?post=2862"}],"wp:featuredmedia":[{"embeddable":true,"href":"https:\/\/www.brikaelektrik.al\/al\/wp-json\/wp\/v2\/media\/2863"}],"wp:attachment":[{"href":"https:\/\/www.brikaelektrik.al\/al\/wp-json\/wp\/v2\/media?parent=2862"}],"wp:term":[{"taxonomy":"product_brand","embeddable":true,"href":"https:\/\/www.brikaelektrik.al\/al\/wp-json\/wp\/v2\/product_brand?post=2862"},{"taxonomy":"product_cat","embeddable":true,"href":"https:\/\/www.brikaelektrik.al\/al\/wp-json\/wp\/v2\/product_cat?post=2862"},{"taxonomy":"product_tag","embeddable":true,"href":"https:\/\/www.brikaelektrik.al\/al\/wp-json\/wp\/v2\/product_tag?post=2862"}],"curies":[{"name":"wp","href":"https:\/\/api.w.org\/{rel}","templated":true}]}}