{"id":2866,"date":"2025-08-18T13:58:36","date_gmt":"2025-08-18T13:58:36","guid":{"rendered":"https:\/\/www.brikaelektrik.al\/?post_type=product&#038;p=2866"},"modified":"2025-08-18T13:58:36","modified_gmt":"2025-08-18T13:58:36","slug":"deviat-i-bardhe-1p-10a-me-drite","status":"publish","type":"product","link":"https:\/\/www.brikaelektrik.al\/al\/produkt\/deviat-i-bardhe-1p-10a-me-drite\/","title":{"rendered":"DEVIAT I BARDH\u00cb 1P 10A ME DRIT\u00cb"},"content":{"rendered":"<p>Seria: Classia<br data-start=\"178\" data-end=\"181\" \/>Lloji: \u00c7el\u00ebs dy\u2011drejtimor i ndri\u00e7uar (Two-way switch with LED indicator)<br data-start=\"257\" data-end=\"260\" \/>Pol: 1P (nj\u00eb pol)<br data-start=\"281\" data-end=\"284\" \/>P\u00ebrmasat: 45.1 \u00d7 22.3 \u00d7 27mm<br data-start=\"317\" data-end=\"320\" \/>Ngjyra: E bardh\u00eb (White)<br data-start=\"348\" data-end=\"351\" \/>Materiali: Plastik\/ABS (halogen-free)<br data-start=\"392\" data-end=\"395\" \/>Mbrojtja: IP40<br data-start=\"413\" data-end=\"416\" \/>Tensioni i pun\u00ebs: 250 V AC<br data-start=\"446\" data-end=\"449\" \/>Rryma e pun\u00ebs: 10 A<br data-start=\"472\" data-end=\"475\" \/>Lidhja: Terminale me vida (screw terminals)<br data-start=\"522\" data-end=\"525\" \/>Ndri\u00e7imi: LED i integruar (230 V) p\u00ebr ndri\u00e7im t\u00eb but\u00eb kur \u00ebsht\u00eb i fikur<br data-start=\"600\" data-end=\"603\" \/>P\u00ebrputhshm\u00ebria: P\u00ebr mekanizma elektrik\u00eb t\u00eb seris\u00eb Classia<br data-start=\"664\" data-end=\"667\" \/>Certifikime: CE; n\u00eb p\u00ebrputhje me direktivat LVD 2014\/35\/EU dhe EMC 2014\/30\/EU; standarde IEC; certifikuar n\u00eb skem\u00ebn CB\u2011scheme<br \/>\n<strong>\u00c7el\u00ebs dy\u2011drejtimor i dizajnuar p\u00ebr instalim t\u00eb integruar n\u00eb mur, me ndri\u00e7im t\u00eb integruar p\u00ebr p\u00ebrdorim t\u00eb leht\u00eb n\u00eb err\u00ebsir\u00eb<\/strong><\/p>","protected":false},"excerpt":{"rendered":"<p>Seria: ClassiaLloji: \u00c7el\u00ebs dy\u2011drejtimor i ndri\u00e7uar (Two-way switch with LED indicator)Pol: 1P (nj\u00eb pol)P\u00ebrmasat: 45.1 \u00d7 22.3 \u00d7 27mmNgjyra: E bardh\u00eb (White)Materiali: Plastik\/ABS (halogen-free)Mbrojtja: IP40Tensioni i pun\u00ebs: 250 V ACRryma e pun\u00ebs: 10 ALidhja: Terminale me vida (screw terminals)Ndri\u00e7imi: LED i integruar (230 V) p\u00ebr ndri\u00e7im t\u00eb but\u00eb kur \u00ebsht\u00eb i fikurP\u00ebrputhshm\u00ebria: P\u00ebr mekanizma elektrik\u00eb [&hellip;]<\/p>","protected":false},"featured_media":2867,"comment_status":"open","ping_status":"closed","template":"","meta":{"_acf_changed":false},"product_brand":[],"product_cat":[40,63],"product_tag":[],"class_list":{"0":"post-2866","1":"product","2":"type-product","3":"status-publish","4":"has-post-thumbnail","6":"product_cat-serite-civile","7":"product_cat-classia","9":"first","10":"instock","11":"shipping-taxable","12":"product-type-simple"},"acf":[],"_links":{"self":[{"href":"https:\/\/www.brikaelektrik.al\/al\/wp-json\/wp\/v2\/product\/2866","targetHints":{"allow":["GET"]}}],"collection":[{"href":"https:\/\/www.brikaelektrik.al\/al\/wp-json\/wp\/v2\/product"}],"about":[{"href":"https:\/\/www.brikaelektrik.al\/al\/wp-json\/wp\/v2\/types\/product"}],"replies":[{"embeddable":true,"href":"https:\/\/www.brikaelektrik.al\/al\/wp-json\/wp\/v2\/comments?post=2866"}],"wp:featuredmedia":[{"embeddable":true,"href":"https:\/\/www.brikaelektrik.al\/al\/wp-json\/wp\/v2\/media\/2867"}],"wp:attachment":[{"href":"https:\/\/www.brikaelektrik.al\/al\/wp-json\/wp\/v2\/media?parent=2866"}],"wp:term":[{"taxonomy":"product_brand","embeddable":true,"href":"https:\/\/www.brikaelektrik.al\/al\/wp-json\/wp\/v2\/product_brand?post=2866"},{"taxonomy":"product_cat","embeddable":true,"href":"https:\/\/www.brikaelektrik.al\/al\/wp-json\/wp\/v2\/product_cat?post=2866"},{"taxonomy":"product_tag","embeddable":true,"href":"https:\/\/www.brikaelektrik.al\/al\/wp-json\/wp\/v2\/product_tag?post=2866"}],"curies":[{"name":"wp","href":"https:\/\/api.w.org\/{rel}","templated":true}]}}