{"id":2870,"date":"2025-08-18T14:01:24","date_gmt":"2025-08-18T14:01:24","guid":{"rendered":"https:\/\/www.brikaelektrik.al\/?post_type=product&#038;p=2870"},"modified":"2025-08-18T14:01:24","modified_gmt":"2025-08-18T14:01:24","slug":"invertitor-i-zi-1p-10a-me-drite","status":"publish","type":"product","link":"https:\/\/www.brikaelektrik.al\/al\/produkt\/invertitor-i-zi-1p-10a-me-drite\/","title":{"rendered":"INVERTITOR I ZI 1P 10A ME DRIT\u00cb"},"content":{"rendered":"<p>Seria: Classia<br data-start=\"138\" data-end=\"141\" \/>Lloji: \u00c7el\u00ebs kat\u00ebr\u2011drejtimor i ndri\u00e7uar (Four-way switch with LED indicator)<br data-start=\"221\" data-end=\"224\" \/>Pol: 1P (nj\u00eb pol)<br data-start=\"245\" data-end=\"248\" data-is-only-node=\"\" \/>P\u00ebrmasat: 45.1 \u00d7 22.3 \u00d7 27mm<br data-start=\"281\" data-end=\"284\" \/>Ngjyra: E zez\u00eb (Black)<br data-start=\"310\" data-end=\"313\" \/>Materiali: Plastik teknopolimer (ABS)<br data-start=\"354\" data-end=\"357\" \/>Mbrojtja: IP40<br data-start=\"375\" data-end=\"378\" \/>Tensioni i pun\u00ebs: 250V AC<br data-start=\"408\" data-end=\"411\" \/>Rryma e pun\u00ebs: 10A<br data-start=\"434\" data-end=\"437\" \/>Lidhja: Terminale me vida (screw terminals)<br data-start=\"484\" data-end=\"487\" \/>Ndri\u00e7imi: LED i integruar (230 V) p\u00ebr ndri\u00e7im t\u00eb but\u00eb kur \u00ebsht\u00eb i fikur<br data-start=\"562\" data-end=\"565\" \/>P\u00ebrputhshm\u00ebria: P\u00ebr mekanizma elektrik\u00eb t\u00eb seris\u00eb Classia<br data-start=\"626\" data-end=\"629\" \/>Certifikime: CE; n\u00eb p\u00ebrputhje me direktivat LVD 2014\/35\/EU dhe EMC 2014\/30\/EU; standarde IEC; certifikuar n\u00eb skem\u00ebn CB\u2011scheme<br data-start=\"758\" data-end=\"761\" \/><strong>\u00c7el\u00ebs kat\u00ebr\u2011drejtimor i dizajnuar p\u00ebr instalim t\u00eb integruar n\u00eb mur, me ndri\u00e7im t\u00eb integruar p\u00ebr p\u00ebrdorim t\u00eb leht\u00eb n\u00eb err\u00ebsir\u00eb<\/strong><\/p>","protected":false},"excerpt":{"rendered":"<p>Seria: ClassiaLloji: \u00c7el\u00ebs kat\u00ebr\u2011drejtimor i ndri\u00e7uar (Four-way switch with LED indicator)Pol: 1P (nj\u00eb pol)P\u00ebrmasat: 45.1 \u00d7 22.3 \u00d7 27mmNgjyra: E zez\u00eb (Black)Materiali: Plastik teknopolimer (ABS)Mbrojtja: IP40Tensioni i pun\u00ebs: 250V ACRryma e pun\u00ebs: 10ALidhja: Terminale me vida (screw terminals)Ndri\u00e7imi: LED i integruar (230 V) p\u00ebr ndri\u00e7im t\u00eb but\u00eb kur \u00ebsht\u00eb i fikurP\u00ebrputhshm\u00ebria: P\u00ebr mekanizma elektrik\u00eb t\u00eb [&hellip;]<\/p>","protected":false},"featured_media":2871,"comment_status":"open","ping_status":"closed","template":"","meta":{"_acf_changed":false},"product_brand":[],"product_cat":[40,63],"product_tag":[],"class_list":{"0":"post-2870","1":"product","2":"type-product","3":"status-publish","4":"has-post-thumbnail","6":"product_cat-serite-civile","7":"product_cat-classia","9":"first","10":"instock","11":"shipping-taxable","12":"product-type-simple"},"acf":[],"_links":{"self":[{"href":"https:\/\/www.brikaelektrik.al\/al\/wp-json\/wp\/v2\/product\/2870","targetHints":{"allow":["GET"]}}],"collection":[{"href":"https:\/\/www.brikaelektrik.al\/al\/wp-json\/wp\/v2\/product"}],"about":[{"href":"https:\/\/www.brikaelektrik.al\/al\/wp-json\/wp\/v2\/types\/product"}],"replies":[{"embeddable":true,"href":"https:\/\/www.brikaelektrik.al\/al\/wp-json\/wp\/v2\/comments?post=2870"}],"wp:featuredmedia":[{"embeddable":true,"href":"https:\/\/www.brikaelektrik.al\/al\/wp-json\/wp\/v2\/media\/2871"}],"wp:attachment":[{"href":"https:\/\/www.brikaelektrik.al\/al\/wp-json\/wp\/v2\/media?parent=2870"}],"wp:term":[{"taxonomy":"product_brand","embeddable":true,"href":"https:\/\/www.brikaelektrik.al\/al\/wp-json\/wp\/v2\/product_brand?post=2870"},{"taxonomy":"product_cat","embeddable":true,"href":"https:\/\/www.brikaelektrik.al\/al\/wp-json\/wp\/v2\/product_cat?post=2870"},{"taxonomy":"product_tag","embeddable":true,"href":"https:\/\/www.brikaelektrik.al\/al\/wp-json\/wp\/v2\/product_tag?post=2870"}],"curies":[{"name":"wp","href":"https:\/\/api.w.org\/{rel}","templated":true}]}}