{"id":2873,"date":"2025-08-18T14:03:13","date_gmt":"2025-08-18T14:03:13","guid":{"rendered":"https:\/\/www.brikaelektrik.al\/?post_type=product&#038;p=2873"},"modified":"2025-08-18T14:03:13","modified_gmt":"2025-08-18T14:03:13","slug":"kapak-i-zi-mat-4p-bg","status":"publish","type":"product","link":"https:\/\/www.brikaelektrik.al\/al\/produkt\/kapak-i-zi-mat-4p-bg\/","title":{"rendered":"KAPAK I ZI MAT 4P\u00a0BG"},"content":{"rendered":"<p>Lloji: Panel mbulues p\u00ebr 4 module<br \/>\nMontimi: Flush-mounted<br \/>\nNgjyra: E zez\u00eb satin<br \/>\nMateriali: Plastik teknopolimer<br \/>\nP\u00ebrmasat: 86 \u00d7 144,5mm<br \/>\nMbrojtja: IP20<br \/>\nP\u00ebrputhshm\u00ebria: P\u00ebr mekanizma elektrik\u00eb t\u00eb seris\u00eb Classia<br \/>\nCertifikime: CE, n\u00eb p\u00ebrputhje me LVD 2014\/35\/EU, EMC 2014\/30\/EU, standarde\u00a0IEC,\u00a0CB-scheme<\/p>","protected":false},"excerpt":{"rendered":"<p>Lloji: Panel mbulues p\u00ebr 4 module Montimi: Flush-mounted Ngjyra: E zez\u00eb satin Materiali: Plastik teknopolimer P\u00ebrmasat: 86 \u00d7 144,5mm Mbrojtja: IP20 P\u00ebrputhshm\u00ebria: P\u00ebr mekanizma elektrik\u00eb t\u00eb seris\u00eb Classia Certifikime: CE, n\u00eb p\u00ebrputhje me LVD 2014\/35\/EU, EMC 2014\/30\/EU, standarde\u00a0IEC,\u00a0CB-scheme<\/p>","protected":false},"featured_media":2876,"comment_status":"open","ping_status":"closed","template":"","meta":{"_acf_changed":false},"product_brand":[],"product_cat":[40,63],"product_tag":[],"class_list":{"0":"post-2873","1":"product","2":"type-product","3":"status-publish","4":"has-post-thumbnail","6":"product_cat-serite-civile","7":"product_cat-classia","9":"first","10":"instock","11":"shipping-taxable","12":"product-type-simple"},"acf":[],"_links":{"self":[{"href":"https:\/\/www.brikaelektrik.al\/al\/wp-json\/wp\/v2\/product\/2873","targetHints":{"allow":["GET"]}}],"collection":[{"href":"https:\/\/www.brikaelektrik.al\/al\/wp-json\/wp\/v2\/product"}],"about":[{"href":"https:\/\/www.brikaelektrik.al\/al\/wp-json\/wp\/v2\/types\/product"}],"replies":[{"embeddable":true,"href":"https:\/\/www.brikaelektrik.al\/al\/wp-json\/wp\/v2\/comments?post=2873"}],"wp:featuredmedia":[{"embeddable":true,"href":"https:\/\/www.brikaelektrik.al\/al\/wp-json\/wp\/v2\/media\/2876"}],"wp:attachment":[{"href":"https:\/\/www.brikaelektrik.al\/al\/wp-json\/wp\/v2\/media?parent=2873"}],"wp:term":[{"taxonomy":"product_brand","embeddable":true,"href":"https:\/\/www.brikaelektrik.al\/al\/wp-json\/wp\/v2\/product_brand?post=2873"},{"taxonomy":"product_cat","embeddable":true,"href":"https:\/\/www.brikaelektrik.al\/al\/wp-json\/wp\/v2\/product_cat?post=2873"},{"taxonomy":"product_tag","embeddable":true,"href":"https:\/\/www.brikaelektrik.al\/al\/wp-json\/wp\/v2\/product_tag?post=2873"}],"curies":[{"name":"wp","href":"https:\/\/api.w.org\/{rel}","templated":true}]}}