{"id":2874,"date":"2025-08-18T14:05:24","date_gmt":"2025-08-18T14:05:24","guid":{"rendered":"https:\/\/www.brikaelektrik.al\/?post_type=product&#038;p=2874"},"modified":"2025-08-18T14:05:24","modified_gmt":"2025-08-18T14:05:24","slug":"invertitor-i-bardhe-1p-10a","status":"publish","type":"product","link":"https:\/\/www.brikaelektrik.al\/al\/produkt\/invertitor-i-bardhe-1p-10a\/","title":{"rendered":"INVERTITOR I BARDH\u00cb 1P 10A"},"content":{"rendered":"<p>Seria: Classia<br data-start=\"137\" data-end=\"140\" \/>Lloji: \u00c7el\u00ebs kat\u00ebr\u2011drejtimor (Four-way switch)<br data-start=\"190\" data-end=\"193\" \/>Pol: 1P (nj\u00eb pol)<br data-start=\"214\" data-end=\"217\" data-is-only-node=\"\" \/>P\u00ebrmasat: 45.1 \u00d7 22.3 \u00d7 27mm<br data-start=\"250\" data-end=\"253\" \/>Ngjyra: E bardh\u00eb (White)<br data-start=\"281\" data-end=\"284\" \/>Materiali: Plastik teknopolimer (ABS)<br data-start=\"325\" data-end=\"328\" \/>Mbrojtja: IP40<br data-start=\"346\" data-end=\"349\" \/>Tensioni i pun\u00ebs: 250V AC<br data-start=\"379\" data-end=\"382\" \/>Rryma e pun\u00ebs: 10A<br data-start=\"405\" data-end=\"408\" \/>Lidhja: Terminale me vida (screw terminals)<br data-start=\"455\" data-end=\"458\" \/>P\u00ebrputhshm\u00ebria: P\u00ebr mekanizma elektrik\u00eb t\u00eb seris\u00eb Classia<br data-start=\"519\" data-end=\"522\" \/>Certifikime: CE; n\u00eb p\u00ebrputhje me direktivat LVD 2014\/35\/EU dhe EMC 2014\/30\/EU; standarde IEC; certifikuar n\u00eb skem\u00ebn CB\u2011scheme<\/p>","protected":false},"excerpt":{"rendered":"<p>Seria: ClassiaLloji: \u00c7el\u00ebs kat\u00ebr\u2011drejtimor (Four-way switch)Pol: 1P (nj\u00eb pol)P\u00ebrmasat: 45.1 \u00d7 22.3 \u00d7 27mmNgjyra: E bardh\u00eb (White)Materiali: Plastik teknopolimer (ABS)Mbrojtja: IP40Tensioni i pun\u00ebs: 250V ACRryma e pun\u00ebs: 10ALidhja: Terminale me vida (screw terminals)P\u00ebrputhshm\u00ebria: P\u00ebr mekanizma elektrik\u00eb t\u00eb seris\u00eb ClassiaCertifikime: CE; n\u00eb p\u00ebrputhje me direktivat LVD 2014\/35\/EU dhe EMC 2014\/30\/EU; standarde IEC; certifikuar n\u00eb skem\u00ebn CB\u2011scheme<\/p>","protected":false},"featured_media":2875,"comment_status":"open","ping_status":"closed","template":"","meta":{"_acf_changed":false},"product_brand":[],"product_cat":[40,63],"product_tag":[],"class_list":{"0":"post-2874","1":"product","2":"type-product","3":"status-publish","4":"has-post-thumbnail","6":"product_cat-serite-civile","7":"product_cat-classia","9":"first","10":"instock","11":"shipping-taxable","12":"product-type-simple"},"acf":[],"_links":{"self":[{"href":"https:\/\/www.brikaelektrik.al\/al\/wp-json\/wp\/v2\/product\/2874","targetHints":{"allow":["GET"]}}],"collection":[{"href":"https:\/\/www.brikaelektrik.al\/al\/wp-json\/wp\/v2\/product"}],"about":[{"href":"https:\/\/www.brikaelektrik.al\/al\/wp-json\/wp\/v2\/types\/product"}],"replies":[{"embeddable":true,"href":"https:\/\/www.brikaelektrik.al\/al\/wp-json\/wp\/v2\/comments?post=2874"}],"wp:featuredmedia":[{"embeddable":true,"href":"https:\/\/www.brikaelektrik.al\/al\/wp-json\/wp\/v2\/media\/2875"}],"wp:attachment":[{"href":"https:\/\/www.brikaelektrik.al\/al\/wp-json\/wp\/v2\/media?parent=2874"}],"wp:term":[{"taxonomy":"product_brand","embeddable":true,"href":"https:\/\/www.brikaelektrik.al\/al\/wp-json\/wp\/v2\/product_brand?post=2874"},{"taxonomy":"product_cat","embeddable":true,"href":"https:\/\/www.brikaelektrik.al\/al\/wp-json\/wp\/v2\/product_cat?post=2874"},{"taxonomy":"product_tag","embeddable":true,"href":"https:\/\/www.brikaelektrik.al\/al\/wp-json\/wp\/v2\/product_tag?post=2874"}],"curies":[{"name":"wp","href":"https:\/\/api.w.org\/{rel}","templated":true}]}}