{"id":2877,"date":"2025-08-18T14:05:54","date_gmt":"2025-08-18T14:05:54","guid":{"rendered":"https:\/\/www.brikaelektrik.al\/?post_type=product&#038;p=2877"},"modified":"2025-08-18T14:05:55","modified_gmt":"2025-08-18T14:05:55","slug":"kapak-akull-mat-4p","status":"publish","type":"product","link":"https:\/\/www.brikaelektrik.al\/al\/produkt\/kapak-akull-mat-4p\/","title":{"rendered":"KAPAK AKULL MAT\u00a04P"},"content":{"rendered":"<p>Lloji: Panel mbulues p\u00ebr 4 module<br \/>\nMontimi: Flush-mounted<br \/>\nNgjyra: E bardh\u00eb satin<br \/>\nMateriali: Plastik teknopolimer<br \/>\nP\u00ebrmasat: 86 \u00d7 144,5mm<br \/>\nP\u00ebrputhshm\u00ebria: P\u00ebr mekanizma elektrik\u00eb t\u00eb seris\u00eb Classia<br \/>\nMbrojtja: IP20<br \/>\nCertifikime: CE, n\u00eb p\u00ebrputhje me LVD 2014\/35\/EU, EMC 2014\/30\/EU, standarde\u00a0IEC,\u00a0CB-scheme<\/p>","protected":false},"excerpt":{"rendered":"<p>Lloji: Panel mbulues p\u00ebr 4 module Montimi: Flush-mounted Ngjyra: E bardh\u00eb satin Materiali: Plastik teknopolimer P\u00ebrmasat: 86 \u00d7 144,5mm P\u00ebrputhshm\u00ebria: P\u00ebr mekanizma elektrik\u00eb t\u00eb seris\u00eb Classia Mbrojtja: IP20 Certifikime: CE, n\u00eb p\u00ebrputhje me LVD 2014\/35\/EU, EMC 2014\/30\/EU, standarde\u00a0IEC,\u00a0CB-scheme<\/p>","protected":false},"featured_media":2879,"comment_status":"open","ping_status":"closed","template":"","meta":{"_acf_changed":false},"product_brand":[],"product_cat":[40,63],"product_tag":[],"class_list":{"0":"post-2877","1":"product","2":"type-product","3":"status-publish","4":"has-post-thumbnail","6":"product_cat-serite-civile","7":"product_cat-classia","9":"first","10":"instock","11":"shipping-taxable","12":"product-type-simple"},"acf":[],"_links":{"self":[{"href":"https:\/\/www.brikaelektrik.al\/al\/wp-json\/wp\/v2\/product\/2877","targetHints":{"allow":["GET"]}}],"collection":[{"href":"https:\/\/www.brikaelektrik.al\/al\/wp-json\/wp\/v2\/product"}],"about":[{"href":"https:\/\/www.brikaelektrik.al\/al\/wp-json\/wp\/v2\/types\/product"}],"replies":[{"embeddable":true,"href":"https:\/\/www.brikaelektrik.al\/al\/wp-json\/wp\/v2\/comments?post=2877"}],"wp:featuredmedia":[{"embeddable":true,"href":"https:\/\/www.brikaelektrik.al\/al\/wp-json\/wp\/v2\/media\/2879"}],"wp:attachment":[{"href":"https:\/\/www.brikaelektrik.al\/al\/wp-json\/wp\/v2\/media?parent=2877"}],"wp:term":[{"taxonomy":"product_brand","embeddable":true,"href":"https:\/\/www.brikaelektrik.al\/al\/wp-json\/wp\/v2\/product_brand?post=2877"},{"taxonomy":"product_cat","embeddable":true,"href":"https:\/\/www.brikaelektrik.al\/al\/wp-json\/wp\/v2\/product_cat?post=2877"},{"taxonomy":"product_tag","embeddable":true,"href":"https:\/\/www.brikaelektrik.al\/al\/wp-json\/wp\/v2\/product_tag?post=2877"}],"curies":[{"name":"wp","href":"https:\/\/api.w.org\/{rel}","templated":true}]}}