{"id":2878,"date":"2025-08-18T14:08:04","date_gmt":"2025-08-18T14:08:04","guid":{"rendered":"https:\/\/www.brikaelektrik.al\/?post_type=product&#038;p=2878"},"modified":"2025-08-18T14:08:05","modified_gmt":"2025-08-18T14:08:05","slug":"invertitor-i-bardhe-me-drite-1p-10a","status":"publish","type":"product","link":"https:\/\/www.brikaelektrik.al\/al\/produkt\/invertitor-i-bardhe-me-drite-1p-10a\/","title":{"rendered":"INVERTITOR I BARDH\u00cb ME DRIT\u00cb 1P 10A"},"content":{"rendered":"<p>Seria: Classia<br data-start=\"184\" data-end=\"187\" \/>Lloji: \u00c7el\u00ebs kat\u00ebr\u2011drejtimor i ndri\u00e7uar (Four-way switch with LED indicator)<br data-start=\"267\" data-end=\"270\" \/>Pol: 1P (nj\u00eb pol)<br data-start=\"291\" data-end=\"294\" \/>P\u00ebrmasat: 45.1 \u00d7 22.3 \u00d7 27mm<br data-start=\"327\" data-end=\"330\" \/>Ngjyra: E bardh\u00eb (White)<br data-start=\"358\" data-end=\"361\" \/>Materiali: Plastik teknopolimer (ABS)<br data-start=\"402\" data-end=\"405\" \/>Mbrojtja: IP40<br data-start=\"423\" data-end=\"426\" \/>Tensioni i pun\u00ebs: 250V AC<br data-start=\"456\" data-end=\"459\" \/>Rryma e pun\u00ebs: 10A<br data-start=\"482\" data-end=\"485\" \/>Lidhja: Terminale me vida (screw terminals)<br data-start=\"532\" data-end=\"535\" \/>Ndri\u00e7imi: LED i integruar (230V) p\u00ebr ndri\u00e7im t\u00eb but\u00eb kur \u00ebsht\u00eb i fikur<br data-start=\"610\" data-end=\"613\" \/>P\u00ebrputhshm\u00ebria: P\u00ebr mekanizma elektrik\u00eb t\u00eb seris\u00eb Classia<br data-start=\"674\" data-end=\"677\" \/>Certifikime: CE; n\u00eb p\u00ebrputhje me direktivat LVD 2014\/35\/EU dhe EMC 2014\/30\/EU; standarde IEC; certifikuar n\u00eb skem\u00ebn CB\u2011scheme<\/p>","protected":false},"excerpt":{"rendered":"<p>Seria: ClassiaLloji: \u00c7el\u00ebs kat\u00ebr\u2011drejtimor i ndri\u00e7uar (Four-way switch with LED indicator)Pol: 1P (nj\u00eb pol)P\u00ebrmasat: 45.1 \u00d7 22.3 \u00d7 27mmNgjyra: E bardh\u00eb (White)Materiali: Plastik teknopolimer (ABS)Mbrojtja: IP40Tensioni i pun\u00ebs: 250V ACRryma e pun\u00ebs: 10ALidhja: Terminale me vida (screw terminals)Ndri\u00e7imi: LED i integruar (230V) p\u00ebr ndri\u00e7im t\u00eb but\u00eb kur \u00ebsht\u00eb i fikurP\u00ebrputhshm\u00ebria: P\u00ebr mekanizma elektrik\u00eb t\u00eb seris\u00eb [&hellip;]<\/p>","protected":false},"featured_media":2880,"comment_status":"open","ping_status":"closed","template":"","meta":{"_acf_changed":false},"product_brand":[],"product_cat":[40,63],"product_tag":[],"class_list":{"0":"post-2878","1":"product","2":"type-product","3":"status-publish","4":"has-post-thumbnail","6":"product_cat-serite-civile","7":"product_cat-classia","9":"first","10":"instock","11":"shipping-taxable","12":"product-type-simple"},"acf":[],"_links":{"self":[{"href":"https:\/\/www.brikaelektrik.al\/al\/wp-json\/wp\/v2\/product\/2878","targetHints":{"allow":["GET"]}}],"collection":[{"href":"https:\/\/www.brikaelektrik.al\/al\/wp-json\/wp\/v2\/product"}],"about":[{"href":"https:\/\/www.brikaelektrik.al\/al\/wp-json\/wp\/v2\/types\/product"}],"replies":[{"embeddable":true,"href":"https:\/\/www.brikaelektrik.al\/al\/wp-json\/wp\/v2\/comments?post=2878"}],"wp:featuredmedia":[{"embeddable":true,"href":"https:\/\/www.brikaelektrik.al\/al\/wp-json\/wp\/v2\/media\/2880"}],"wp:attachment":[{"href":"https:\/\/www.brikaelektrik.al\/al\/wp-json\/wp\/v2\/media?parent=2878"}],"wp:term":[{"taxonomy":"product_brand","embeddable":true,"href":"https:\/\/www.brikaelektrik.al\/al\/wp-json\/wp\/v2\/product_brand?post=2878"},{"taxonomy":"product_cat","embeddable":true,"href":"https:\/\/www.brikaelektrik.al\/al\/wp-json\/wp\/v2\/product_cat?post=2878"},{"taxonomy":"product_tag","embeddable":true,"href":"https:\/\/www.brikaelektrik.al\/al\/wp-json\/wp\/v2\/product_tag?post=2878"}],"curies":[{"name":"wp","href":"https:\/\/api.w.org\/{rel}","templated":true}]}}