{"id":2884,"date":"2025-08-18T14:11:22","date_gmt":"2025-08-18T14:11:22","guid":{"rendered":"https:\/\/www.brikaelektrik.al\/?post_type=product&#038;p=2884"},"modified":"2025-08-18T14:11:22","modified_gmt":"2025-08-18T14:11:22","slug":"deviat-1p-10a-2-module-i-bardhe","status":"publish","type":"product","link":"https:\/\/www.brikaelektrik.al\/al\/produkt\/deviat-1p-10a-2-module-i-bardhe\/","title":{"rendered":"DEVIAT 1P 10A 2 MODULE I BARDH\u00cb"},"content":{"rendered":"<p>Seria: Classia<br data-start=\"139\" data-end=\"142\" \/>Lloji: \u00c7el\u00ebs dy\u2011drejtimor (Two-way switch)<br data-start=\"188\" data-end=\"191\" \/>Pol: 1P (nj\u00eb pol)<br data-start=\"212\" data-end=\"215\" data-is-only-node=\"\" \/>P\u00ebrmasat: 45.1 \u00d7 22.3 \u00d7 27mm<br data-start=\"248\" data-end=\"251\" \/>Ngjyra: E bardh\u00eb (White)<br data-start=\"279\" data-end=\"282\" \/>Materiali: Plastik teknopolimer (ABS)<br data-start=\"323\" data-end=\"326\" \/>Mbrojtja: IP40<br data-start=\"344\" data-end=\"347\" \/>Tensioni i pun\u00ebs: 250V AC<br data-start=\"377\" data-end=\"380\" \/>Rryma e pun\u00ebs: 10A<br data-start=\"403\" data-end=\"406\" \/>Lidhja: Terminale me vida (screw terminals)<br data-start=\"453\" data-end=\"456\" \/>P\u00ebrputhshm\u00ebria: P\u00ebr mekanizma elektrik\u00eb t\u00eb seris\u00eb Classia<br data-start=\"517\" data-end=\"520\" \/>Certifikime: CE; n\u00eb p\u00ebrputhje me direktivat LVD 2014\/35\/EU dhe EMC 2014\/30\/EU; standarde IEC; certifikuar n\u00eb skem\u00ebn CB\u2011scheme<\/p>","protected":false},"excerpt":{"rendered":"<p>Seria: ClassiaLloji: \u00c7el\u00ebs dy\u2011drejtimor (Two-way switch)Pol: 1P (nj\u00eb pol)P\u00ebrmasat: 45.1 \u00d7 22.3 \u00d7 27mmNgjyra: E bardh\u00eb (White)Materiali: Plastik teknopolimer (ABS)Mbrojtja: IP40Tensioni i pun\u00ebs: 250V ACRryma e pun\u00ebs: 10ALidhja: Terminale me vida (screw terminals)P\u00ebrputhshm\u00ebria: P\u00ebr mekanizma elektrik\u00eb t\u00eb seris\u00eb ClassiaCertifikime: CE; n\u00eb p\u00ebrputhje me direktivat LVD 2014\/35\/EU dhe EMC 2014\/30\/EU; standarde IEC; certifikuar n\u00eb skem\u00ebn CB\u2011scheme<\/p>","protected":false},"featured_media":2885,"comment_status":"open","ping_status":"closed","template":"","meta":{"_acf_changed":false},"product_brand":[],"product_cat":[40,63],"product_tag":[],"class_list":{"0":"post-2884","1":"product","2":"type-product","3":"status-publish","4":"has-post-thumbnail","6":"product_cat-serite-civile","7":"product_cat-classia","9":"first","10":"instock","11":"shipping-taxable","12":"product-type-simple"},"acf":[],"_links":{"self":[{"href":"https:\/\/www.brikaelektrik.al\/al\/wp-json\/wp\/v2\/product\/2884","targetHints":{"allow":["GET"]}}],"collection":[{"href":"https:\/\/www.brikaelektrik.al\/al\/wp-json\/wp\/v2\/product"}],"about":[{"href":"https:\/\/www.brikaelektrik.al\/al\/wp-json\/wp\/v2\/types\/product"}],"replies":[{"embeddable":true,"href":"https:\/\/www.brikaelektrik.al\/al\/wp-json\/wp\/v2\/comments?post=2884"}],"wp:featuredmedia":[{"embeddable":true,"href":"https:\/\/www.brikaelektrik.al\/al\/wp-json\/wp\/v2\/media\/2885"}],"wp:attachment":[{"href":"https:\/\/www.brikaelektrik.al\/al\/wp-json\/wp\/v2\/media?parent=2884"}],"wp:term":[{"taxonomy":"product_brand","embeddable":true,"href":"https:\/\/www.brikaelektrik.al\/al\/wp-json\/wp\/v2\/product_brand?post=2884"},{"taxonomy":"product_cat","embeddable":true,"href":"https:\/\/www.brikaelektrik.al\/al\/wp-json\/wp\/v2\/product_cat?post=2884"},{"taxonomy":"product_tag","embeddable":true,"href":"https:\/\/www.brikaelektrik.al\/al\/wp-json\/wp\/v2\/product_tag?post=2884"}],"curies":[{"name":"wp","href":"https:\/\/api.w.org\/{rel}","templated":true}]}}