{"id":2886,"date":"2025-08-18T14:14:27","date_gmt":"2025-08-18T14:14:27","guid":{"rendered":"https:\/\/www.brikaelektrik.al\/?post_type=product&#038;p=2886"},"modified":"2025-08-18T14:14:27","modified_gmt":"2025-08-18T14:14:27","slug":"celes-i-thjeshte-i-bardhe-1p-10a-me-drite","status":"publish","type":"product","link":"https:\/\/www.brikaelektrik.al\/al\/produkt\/celes-i-thjeshte-i-bardhe-1p-10a-me-drite\/","title":{"rendered":"\u00c7EL\u00cbS I THJESHT\u00cb I BARDH\u00cb 1P 10A ME DRIT\u00cb"},"content":{"rendered":"<p>Seria: Classia<br data-start=\"138\" data-end=\"141\" \/>Lloji: \u00c7el\u00ebs nj\u00eb\u2011drejtimor i ndri\u00e7uar (One-way switch with LED indicator)<br data-start=\"218\" data-end=\"221\" \/>Pol: 1P (nj\u00eb pol)<br data-start=\"242\" data-end=\"245\" data-is-only-node=\"\" \/>P\u00ebrmasat: 45.1 \u00d7 22.3 \u00d7 27mm<br data-start=\"278\" data-end=\"281\" \/>Ngjyra: E bardh\u00eb (White)<br data-start=\"309\" data-end=\"312\" \/>Materiali: Plastik teknopolimer (ABS)<br data-start=\"353\" data-end=\"356\" \/>Mbrojtja: IP40<br data-start=\"374\" data-end=\"377\" \/>Tensioni i pun\u00ebs: 250V AC<br data-start=\"407\" data-end=\"410\" \/>Rryma e pun\u00ebs: 10A<br data-start=\"433\" data-end=\"436\" \/>Lidhja: Terminale me vida (screw terminals)<br data-start=\"483\" data-end=\"486\" \/>Ndri\u00e7imi: LED i integruar (230V) p\u00ebr ndri\u00e7im t\u00eb but\u00eb kur \u00ebsht\u00eb i fikur<br data-start=\"561\" data-end=\"564\" \/>P\u00ebrputhshm\u00ebria: P\u00ebr mekanizma elektrik\u00eb t\u00eb seris\u00eb Classia<br data-start=\"625\" data-end=\"628\" \/>Certifikime: CE; n\u00eb p\u00ebrputhje me direktivat LVD 2014\/35\/EU dhe EMC 2014\/30\/EU; standarde IEC; certifikuar n\u00eb skem\u00ebn CB\u2011scheme<\/p>","protected":false},"excerpt":{"rendered":"<p>Seria: ClassiaLloji: \u00c7el\u00ebs nj\u00eb\u2011drejtimor i ndri\u00e7uar (One-way switch with LED indicator)Pol: 1P (nj\u00eb pol)P\u00ebrmasat: 45.1 \u00d7 22.3 \u00d7 27mmNgjyra: E bardh\u00eb (White)Materiali: Plastik teknopolimer (ABS)Mbrojtja: IP40Tensioni i pun\u00ebs: 250V ACRryma e pun\u00ebs: 10ALidhja: Terminale me vida (screw terminals)Ndri\u00e7imi: LED i integruar (230V) p\u00ebr ndri\u00e7im t\u00eb but\u00eb kur \u00ebsht\u00eb i fikurP\u00ebrputhshm\u00ebria: P\u00ebr mekanizma elektrik\u00eb t\u00eb seris\u00eb [&hellip;]<\/p>","protected":false},"featured_media":2887,"comment_status":"open","ping_status":"closed","template":"","meta":{"_acf_changed":false},"product_brand":[],"product_cat":[40,63],"product_tag":[],"class_list":{"0":"post-2886","1":"product","2":"type-product","3":"status-publish","4":"has-post-thumbnail","6":"product_cat-serite-civile","7":"product_cat-classia","9":"first","10":"instock","11":"shipping-taxable","12":"product-type-simple"},"acf":[],"_links":{"self":[{"href":"https:\/\/www.brikaelektrik.al\/al\/wp-json\/wp\/v2\/product\/2886","targetHints":{"allow":["GET"]}}],"collection":[{"href":"https:\/\/www.brikaelektrik.al\/al\/wp-json\/wp\/v2\/product"}],"about":[{"href":"https:\/\/www.brikaelektrik.al\/al\/wp-json\/wp\/v2\/types\/product"}],"replies":[{"embeddable":true,"href":"https:\/\/www.brikaelektrik.al\/al\/wp-json\/wp\/v2\/comments?post=2886"}],"wp:featuredmedia":[{"embeddable":true,"href":"https:\/\/www.brikaelektrik.al\/al\/wp-json\/wp\/v2\/media\/2887"}],"wp:attachment":[{"href":"https:\/\/www.brikaelektrik.al\/al\/wp-json\/wp\/v2\/media?parent=2886"}],"wp:term":[{"taxonomy":"product_brand","embeddable":true,"href":"https:\/\/www.brikaelektrik.al\/al\/wp-json\/wp\/v2\/product_brand?post=2886"},{"taxonomy":"product_cat","embeddable":true,"href":"https:\/\/www.brikaelektrik.al\/al\/wp-json\/wp\/v2\/product_cat?post=2886"},{"taxonomy":"product_tag","embeddable":true,"href":"https:\/\/www.brikaelektrik.al\/al\/wp-json\/wp\/v2\/product_tag?post=2886"}],"curies":[{"name":"wp","href":"https:\/\/api.w.org\/{rel}","templated":true}]}}