{"id":2892,"date":"2025-08-18T14:21:26","date_gmt":"2025-08-18T14:21:26","guid":{"rendered":"https:\/\/www.brikaelektrik.al\/?post_type=product&#038;p=2892"},"modified":"2025-08-18T14:21:26","modified_gmt":"2025-08-18T14:21:26","slug":"celes-bipolar-i-bardhe-2p-16a-me-drite","status":"publish","type":"product","link":"https:\/\/www.brikaelektrik.al\/al\/produkt\/celes-bipolar-i-bardhe-2p-16a-me-drite\/","title":{"rendered":"\u00c7EL\u00cbS BIPOLAR I BARDH\u00cb 2P 16A ME DRIT\u00cb"},"content":{"rendered":"<p>Seria: Classia<br data-start=\"138\" data-end=\"141\" \/>Lloji: \u00c7el\u00ebs nj\u00eb\u2011drejtimor dy\u2011pol\u00ebsh i ndri\u00e7uar (One-way double-pole switch with LED indicator)<br data-start=\"240\" data-end=\"243\" \/>Pol: 2P (dy pol\u00eb)<br data-start=\"264\" data-end=\"267\" data-is-only-node=\"\" \/>P\u00ebrmasat: 45.1 \u00d7 22.3 \u00d7 27mm<br data-start=\"300\" data-end=\"303\" \/>Ngjyra: E bardh\u00eb (White)<br data-start=\"331\" data-end=\"334\" \/>Materiali: Plastik teknopolimer (ABS)<br data-start=\"375\" data-end=\"378\" \/>Mbrojtja: IP40<br data-start=\"396\" data-end=\"399\" \/>Tensioni i pun\u00ebs: 250V AC<br data-start=\"429\" data-end=\"432\" \/>Rryma e pun\u00ebs: 16A<br data-start=\"455\" data-end=\"458\" \/>Lidhja: Terminale me vida (screw terminals)<br data-start=\"505\" data-end=\"508\" \/>Ndri\u00e7imi: LED i integruar (230V) p\u00ebr ndri\u00e7im t\u00eb but\u00eb kur \u00ebsht\u00eb i fikur<br data-start=\"583\" data-end=\"586\" \/>P\u00ebrputhshm\u00ebria: P\u00ebr mekanizma elektrik\u00eb t\u00eb seris\u00eb Classia<br data-start=\"647\" data-end=\"650\" \/>Certifikime: CE; n\u00eb p\u00ebrputhje me direktivat LVD 2014\/35\/EU dhe EMC 2014\/30\/EU; standarde IEC; certifikuar n\u00eb skem\u00ebn CB\u2011scheme<\/p>","protected":false},"excerpt":{"rendered":"<p>Seria: ClassiaLloji: \u00c7el\u00ebs nj\u00eb\u2011drejtimor dy\u2011pol\u00ebsh i ndri\u00e7uar (One-way double-pole switch with LED indicator)Pol: 2P (dy pol\u00eb)P\u00ebrmasat: 45.1 \u00d7 22.3 \u00d7 27mmNgjyra: E bardh\u00eb (White)Materiali: Plastik teknopolimer (ABS)Mbrojtja: IP40Tensioni i pun\u00ebs: 250V ACRryma e pun\u00ebs: 16ALidhja: Terminale me vida (screw terminals)Ndri\u00e7imi: LED i integruar (230V) p\u00ebr ndri\u00e7im t\u00eb but\u00eb kur \u00ebsht\u00eb i fikurP\u00ebrputhshm\u00ebria: P\u00ebr mekanizma elektrik\u00eb [&hellip;]<\/p>","protected":false},"featured_media":2895,"comment_status":"open","ping_status":"closed","template":"","meta":{"_acf_changed":false},"product_brand":[],"product_cat":[40,63],"product_tag":[],"class_list":{"0":"post-2892","1":"product","2":"type-product","3":"status-publish","4":"has-post-thumbnail","6":"product_cat-serite-civile","7":"product_cat-classia","9":"first","10":"instock","11":"shipping-taxable","12":"product-type-simple"},"acf":[],"_links":{"self":[{"href":"https:\/\/www.brikaelektrik.al\/al\/wp-json\/wp\/v2\/product\/2892","targetHints":{"allow":["GET"]}}],"collection":[{"href":"https:\/\/www.brikaelektrik.al\/al\/wp-json\/wp\/v2\/product"}],"about":[{"href":"https:\/\/www.brikaelektrik.al\/al\/wp-json\/wp\/v2\/types\/product"}],"replies":[{"embeddable":true,"href":"https:\/\/www.brikaelektrik.al\/al\/wp-json\/wp\/v2\/comments?post=2892"}],"wp:featuredmedia":[{"embeddable":true,"href":"https:\/\/www.brikaelektrik.al\/al\/wp-json\/wp\/v2\/media\/2895"}],"wp:attachment":[{"href":"https:\/\/www.brikaelektrik.al\/al\/wp-json\/wp\/v2\/media?parent=2892"}],"wp:term":[{"taxonomy":"product_brand","embeddable":true,"href":"https:\/\/www.brikaelektrik.al\/al\/wp-json\/wp\/v2\/product_brand?post=2892"},{"taxonomy":"product_cat","embeddable":true,"href":"https:\/\/www.brikaelektrik.al\/al\/wp-json\/wp\/v2\/product_cat?post=2892"},{"taxonomy":"product_tag","embeddable":true,"href":"https:\/\/www.brikaelektrik.al\/al\/wp-json\/wp\/v2\/product_tag?post=2892"}],"curies":[{"name":"wp","href":"https:\/\/api.w.org\/{rel}","templated":true}]}}