{"id":2899,"date":"2025-08-18T14:22:47","date_gmt":"2025-08-18T14:22:47","guid":{"rendered":"https:\/\/www.brikaelektrik.al\/?post_type=product&#038;p=2899"},"modified":"2025-08-18T14:22:47","modified_gmt":"2025-08-18T14:22:47","slug":"kapak-metal-siena-soft-7p","status":"publish","type":"product","link":"https:\/\/www.brikaelektrik.al\/al\/produkt\/kapak-metal-siena-soft-7p\/","title":{"rendered":"KAPAK METAL SIENA SOFT\u00a07P"},"content":{"rendered":"<p>Lloji: Panel mbulues p\u00ebr 7 module<br \/>\nMontimi: Flush-mounted (i integruar n\u00eb mur)<br \/>\nNgjyra: Siena Soft (ngjyr\u00eb e kuqe e err\u00ebt me efekt t\u00eb but\u00eb)<br \/>\nMateriali: Plastik teknopolimer<br \/>\nP\u00ebrmasat: 86 \u00d7 212mm<br \/>\nP\u00ebrputhshm\u00ebria: P\u00ebr mekanizma elektrik\u00eb t\u00eb seris\u00eb Classia<br \/>\nMbrojtja: IP20<br \/>\nCertifikime: CE, n\u00eb p\u00ebrputhje me direktivat LVD 2014\/35\/EU dhe\u00a0EMC\u00a02014\/30\/EU<\/p>","protected":false},"excerpt":{"rendered":"<p>Lloji: Panel mbulues p\u00ebr 7 module Montimi: Flush-mounted (i integruar n\u00eb mur) Ngjyra: Siena Soft (ngjyr\u00eb e kuqe e err\u00ebt me efekt t\u00eb but\u00eb) Materiali: Plastik teknopolimer P\u00ebrmasat: 86 \u00d7 212mm P\u00ebrputhshm\u00ebria: P\u00ebr mekanizma elektrik\u00eb t\u00eb seris\u00eb Classia Mbrojtja: IP20 Certifikime: CE, n\u00eb p\u00ebrputhje me direktivat LVD 2014\/35\/EU dhe\u00a0EMC\u00a02014\/30\/EU<\/p>","protected":false},"featured_media":2902,"comment_status":"open","ping_status":"closed","template":"","meta":{"_acf_changed":false},"product_brand":[],"product_cat":[40,63],"product_tag":[],"class_list":{"0":"post-2899","1":"product","2":"type-product","3":"status-publish","4":"has-post-thumbnail","6":"product_cat-serite-civile","7":"product_cat-classia","9":"first","10":"instock","11":"shipping-taxable","12":"product-type-simple"},"acf":[],"_links":{"self":[{"href":"https:\/\/www.brikaelektrik.al\/al\/wp-json\/wp\/v2\/product\/2899","targetHints":{"allow":["GET"]}}],"collection":[{"href":"https:\/\/www.brikaelektrik.al\/al\/wp-json\/wp\/v2\/product"}],"about":[{"href":"https:\/\/www.brikaelektrik.al\/al\/wp-json\/wp\/v2\/types\/product"}],"replies":[{"embeddable":true,"href":"https:\/\/www.brikaelektrik.al\/al\/wp-json\/wp\/v2\/comments?post=2899"}],"wp:featuredmedia":[{"embeddable":true,"href":"https:\/\/www.brikaelektrik.al\/al\/wp-json\/wp\/v2\/media\/2902"}],"wp:attachment":[{"href":"https:\/\/www.brikaelektrik.al\/al\/wp-json\/wp\/v2\/media?parent=2899"}],"wp:term":[{"taxonomy":"product_brand","embeddable":true,"href":"https:\/\/www.brikaelektrik.al\/al\/wp-json\/wp\/v2\/product_brand?post=2899"},{"taxonomy":"product_cat","embeddable":true,"href":"https:\/\/www.brikaelektrik.al\/al\/wp-json\/wp\/v2\/product_cat?post=2899"},{"taxonomy":"product_tag","embeddable":true,"href":"https:\/\/www.brikaelektrik.al\/al\/wp-json\/wp\/v2\/product_tag?post=2899"}],"curies":[{"name":"wp","href":"https:\/\/api.w.org\/{rel}","templated":true}]}}