{"id":2906,"date":"2025-08-18T14:28:21","date_gmt":"2025-08-18T14:28:21","guid":{"rendered":"https:\/\/www.brikaelektrik.al\/?post_type=product&#038;p=2906"},"modified":"2025-08-18T14:28:22","modified_gmt":"2025-08-18T14:28:22","slug":"celes-i-thjeshte-i-zi-1p-10a-2","status":"publish","type":"product","link":"https:\/\/www.brikaelektrik.al\/al\/produkt\/celes-i-thjeshte-i-zi-1p-10a-2\/","title":{"rendered":"\u00c7EL\u00cbS I THJESHT\u00cb I ZI 1P 10A"},"content":{"rendered":"<p>Seria: Classia<br data-start=\"18\" data-end=\"21\" \/>Lloji: \u00c7el\u00ebs nj\u00eb\u2011drejtimor<br data-start=\"51\" data-end=\"54\" \/>Pol: 1P<br data-start=\"65\" data-end=\"68\" \/>P\u00ebrmasat: 45.1 \u00d7 22.3 \u00d7 27mm<br data-start=\"101\" data-end=\"104\" \/>Ngjyra: E zez\u00eb (Black)<br data-start=\"130\" data-end=\"133\" \/>Materiali: Plastik teknopolimer (ABS)<br data-start=\"174\" data-end=\"177\" \/>Mbrojtja: IP40<br data-start=\"195\" data-end=\"198\" \/>Tensioni i pun\u00ebs: 250V AC<br data-start=\"228\" data-end=\"231\" \/>Rryma e pun\u00ebs: 10A<br data-start=\"254\" data-end=\"257\" \/>Lidhja: Terminale me vida<br data-start=\"286\" data-end=\"289\" \/>P\u00ebrputhshm\u00ebria: P\u00ebr mekanizma elektrik\u00eb t\u00eb seris\u00eb Classia<br data-start=\"350\" data-end=\"353\" \/>Certifikime: CE; n\u00eb p\u00ebrputhje me direktivat LVD 2014\/35\/EU dhe EMC 2014\/30\/EU; standarde IEC; certifikuar n\u00eb skem\u00ebn CB\u2011scheme<\/p>","protected":false},"excerpt":{"rendered":"<p>Seria: ClassiaLloji: \u00c7el\u00ebs nj\u00eb\u2011drejtimorPol: 1PP\u00ebrmasat: 45.1 \u00d7 22.3 \u00d7 27mmNgjyra: E zez\u00eb (Black)Materiali: Plastik teknopolimer (ABS)Mbrojtja: IP40Tensioni i pun\u00ebs: 250V ACRryma e pun\u00ebs: 10ALidhja: Terminale me vidaP\u00ebrputhshm\u00ebria: P\u00ebr mekanizma elektrik\u00eb t\u00eb seris\u00eb ClassiaCertifikime: CE; n\u00eb p\u00ebrputhje me direktivat LVD 2014\/35\/EU dhe EMC 2014\/30\/EU; standarde IEC; certifikuar n\u00eb skem\u00ebn CB\u2011scheme<\/p>","protected":false},"featured_media":2908,"comment_status":"open","ping_status":"closed","template":"","meta":{"_acf_changed":false},"product_brand":[],"product_cat":[40,63],"product_tag":[],"class_list":{"0":"post-2906","1":"product","2":"type-product","3":"status-publish","4":"has-post-thumbnail","6":"product_cat-serite-civile","7":"product_cat-classia","9":"first","10":"instock","11":"shipping-taxable","12":"product-type-simple"},"acf":[],"_links":{"self":[{"href":"https:\/\/www.brikaelektrik.al\/al\/wp-json\/wp\/v2\/product\/2906","targetHints":{"allow":["GET"]}}],"collection":[{"href":"https:\/\/www.brikaelektrik.al\/al\/wp-json\/wp\/v2\/product"}],"about":[{"href":"https:\/\/www.brikaelektrik.al\/al\/wp-json\/wp\/v2\/types\/product"}],"replies":[{"embeddable":true,"href":"https:\/\/www.brikaelektrik.al\/al\/wp-json\/wp\/v2\/comments?post=2906"}],"wp:featuredmedia":[{"embeddable":true,"href":"https:\/\/www.brikaelektrik.al\/al\/wp-json\/wp\/v2\/media\/2908"}],"wp:attachment":[{"href":"https:\/\/www.brikaelektrik.al\/al\/wp-json\/wp\/v2\/media?parent=2906"}],"wp:term":[{"taxonomy":"product_brand","embeddable":true,"href":"https:\/\/www.brikaelektrik.al\/al\/wp-json\/wp\/v2\/product_brand?post=2906"},{"taxonomy":"product_cat","embeddable":true,"href":"https:\/\/www.brikaelektrik.al\/al\/wp-json\/wp\/v2\/product_cat?post=2906"},{"taxonomy":"product_tag","embeddable":true,"href":"https:\/\/www.brikaelektrik.al\/al\/wp-json\/wp\/v2\/product_tag?post=2906"}],"curies":[{"name":"wp","href":"https:\/\/api.w.org\/{rel}","templated":true}]}}