{"id":2910,"date":"2025-08-18T14:31:24","date_gmt":"2025-08-18T14:31:24","guid":{"rendered":"https:\/\/www.brikaelektrik.al\/?post_type=product&#038;p=2910"},"modified":"2025-08-18T14:31:24","modified_gmt":"2025-08-18T14:31:24","slug":"celes-i-thjesht3-i-zi-1p-10a-me-drite","status":"publish","type":"product","link":"https:\/\/www.brikaelektrik.al\/al\/produkt\/celes-i-thjesht3-i-zi-1p-10a-me-drite\/","title":{"rendered":"\u00c7EL\u00cbS I THJESHT3 I ZI 1P 10A ME DRIT\u00cb"},"content":{"rendered":"<p>Seria: Classia<br data-start=\"116\" data-end=\"119\" \/>Lloji: \u00c7el\u00ebs nj\u00eb\u2011drejtimor i ndri\u00e7uar<br data-start=\"160\" data-end=\"163\" \/>Pol: 1P<br data-start=\"174\" data-end=\"177\" \/>P\u00ebrmasat: 45.1 \u00d7 22.3 \u00d7 27mm<br data-start=\"210\" data-end=\"213\" \/>Ngjyra: E zez\u00eb (Black)<br data-start=\"239\" data-end=\"242\" \/>Materiali: Plastik teknopolimer (ABS)<br data-start=\"283\" data-end=\"286\" \/>Mbrojtja: IP40<br data-start=\"304\" data-end=\"307\" \/>Tensioni i pun\u00ebs: 250V AC<br data-start=\"337\" data-end=\"340\" \/>Rryma e pun\u00ebs: 10A<br data-start=\"363\" data-end=\"366\" \/>Lidhja: Terminale me vida<br data-start=\"395\" data-end=\"398\" \/>Ndri\u00e7imi: LED i integruar (230V) p\u00ebr ndri\u00e7im t\u00eb but\u00eb kur \u00ebsht\u00eb i fikur<br data-start=\"473\" data-end=\"476\" \/>P\u00ebrputhshm\u00ebria: P\u00ebr mekanizma elektrik\u00eb t\u00eb seris\u00eb Classia<br data-start=\"537\" data-end=\"540\" \/>Certifikime: CE; n\u00eb p\u00ebrputhje me direktivat LVD 2014\/35\/EU dhe EMC 2014\/30\/EU; standarde IEC; certifikuar n\u00eb skem\u00ebn CB\u2011scheme<\/p>","protected":false},"excerpt":{"rendered":"<p>Seria: ClassiaLloji: \u00c7el\u00ebs nj\u00eb\u2011drejtimor i ndri\u00e7uarPol: 1PP\u00ebrmasat: 45.1 \u00d7 22.3 \u00d7 27mmNgjyra: E zez\u00eb (Black)Materiali: Plastik teknopolimer (ABS)Mbrojtja: IP40Tensioni i pun\u00ebs: 250V ACRryma e pun\u00ebs: 10ALidhja: Terminale me vidaNdri\u00e7imi: LED i integruar (230V) p\u00ebr ndri\u00e7im t\u00eb but\u00eb kur \u00ebsht\u00eb i fikurP\u00ebrputhshm\u00ebria: P\u00ebr mekanizma elektrik\u00eb t\u00eb seris\u00eb ClassiaCertifikime: CE; n\u00eb p\u00ebrputhje me direktivat LVD 2014\/35\/EU dhe [&hellip;]<\/p>","protected":false},"featured_media":2911,"comment_status":"open","ping_status":"closed","template":"","meta":{"_acf_changed":false},"product_brand":[],"product_cat":[40,63],"product_tag":[],"class_list":{"0":"post-2910","1":"product","2":"type-product","3":"status-publish","4":"has-post-thumbnail","6":"product_cat-serite-civile","7":"product_cat-classia","9":"first","10":"instock","11":"shipping-taxable","12":"product-type-simple"},"acf":[],"_links":{"self":[{"href":"https:\/\/www.brikaelektrik.al\/al\/wp-json\/wp\/v2\/product\/2910","targetHints":{"allow":["GET"]}}],"collection":[{"href":"https:\/\/www.brikaelektrik.al\/al\/wp-json\/wp\/v2\/product"}],"about":[{"href":"https:\/\/www.brikaelektrik.al\/al\/wp-json\/wp\/v2\/types\/product"}],"replies":[{"embeddable":true,"href":"https:\/\/www.brikaelektrik.al\/al\/wp-json\/wp\/v2\/comments?post=2910"}],"wp:featuredmedia":[{"embeddable":true,"href":"https:\/\/www.brikaelektrik.al\/al\/wp-json\/wp\/v2\/media\/2911"}],"wp:attachment":[{"href":"https:\/\/www.brikaelektrik.al\/al\/wp-json\/wp\/v2\/media?parent=2910"}],"wp:term":[{"taxonomy":"product_brand","embeddable":true,"href":"https:\/\/www.brikaelektrik.al\/al\/wp-json\/wp\/v2\/product_brand?post=2910"},{"taxonomy":"product_cat","embeddable":true,"href":"https:\/\/www.brikaelektrik.al\/al\/wp-json\/wp\/v2\/product_cat?post=2910"},{"taxonomy":"product_tag","embeddable":true,"href":"https:\/\/www.brikaelektrik.al\/al\/wp-json\/wp\/v2\/product_tag?post=2910"}],"curies":[{"name":"wp","href":"https:\/\/api.w.org\/{rel}","templated":true}]}}