{"id":2929,"date":"2025-08-19T07:54:26","date_gmt":"2025-08-19T07:54:26","guid":{"rendered":"https:\/\/www.brikaelektrik.al\/?post_type=product&#038;p=2929"},"modified":"2025-08-19T07:54:26","modified_gmt":"2025-08-19T07:54:26","slug":"celes-bipolar-i-zi-2p-16a-me-drite","status":"publish","type":"product","link":"https:\/\/www.brikaelektrik.al\/al\/produkt\/celes-bipolar-i-zi-2p-16a-me-drite\/","title":{"rendered":"\u00c7EL\u00cbS BIPOLAR I ZI 2P 16A ME DRIT\u00cb"},"content":{"rendered":"<p>Seria: Classia<br data-start=\"128\" data-end=\"131\" \/>Lloji: \u00c7el\u00ebs nj\u00eb-drejtimor dy-pol\u00ebsh i ndri\u00e7uar (One-way double-pole switch with LED indicator)<br data-start=\"230\" data-end=\"233\" \/>Pol: 2P (dy pol\u00eb)<br data-start=\"254\" data-end=\"257\" data-is-only-node=\"\" \/>P\u00ebrmasat: 45.1 \u00d7 22.3 \u00d7 27mm<br data-start=\"290\" data-end=\"293\" \/>Ngjyra: E zez\u00eb (Black)<br data-start=\"319\" data-end=\"322\" \/>Materiali: Plastik teknopolimer (ABS)<br data-start=\"401\" data-end=\"404\" \/>Mbrojtja: IP40\u00a0<br data-start=\"460\" data-end=\"463\" \/>Tensioni i pun\u00ebs: 250V AC\u00a0<br data-start=\"531\" data-end=\"534\" \/>Rryma e pun\u00ebs: 16A (16 AX)<br data-start=\"603\" data-end=\"606\" \/>Lidhja: Terminale me vida (screw terminals)<br data-start=\"691\" data-end=\"694\" \/>Ndri\u00e7imi: LED i integruar (230V) p\u00ebr ndri\u00e7im t\u00eb but\u00eb kur \u00ebsht\u00eb i fikur<br data-start=\"807\" data-end=\"810\" \/>P\u00ebrputhshm\u00ebria: P\u00ebr mekanizma elektrik\u00eb t\u00eb seris\u00eb Classia<br data-start=\"871\" data-end=\"874\" \/>Certifikime: CE; n\u00eb p\u00ebrputhje me direktivat LVD 2014\/35\/EU dhe EMC 2014\/30\/EU; standarde IEC; certifikuar n\u00eb skem\u00ebn CB-scheme<\/p>","protected":false},"excerpt":{"rendered":"<p>Seria: ClassiaLloji: \u00c7el\u00ebs nj\u00eb-drejtimor dy-pol\u00ebsh i ndri\u00e7uar (One-way double-pole switch with LED indicator)Pol: 2P (dy pol\u00eb)P\u00ebrmasat: 45.1 \u00d7 22.3 \u00d7 27mmNgjyra: E zez\u00eb (Black)Materiali: Plastik teknopolimer (ABS)Mbrojtja: IP40\u00a0Tensioni i pun\u00ebs: 250V AC\u00a0Rryma e pun\u00ebs: 16A (16 AX)Lidhja: Terminale me vida (screw terminals)Ndri\u00e7imi: LED i integruar (230V) p\u00ebr ndri\u00e7im t\u00eb but\u00eb kur \u00ebsht\u00eb i fikurP\u00ebrputhshm\u00ebria: P\u00ebr [&hellip;]<\/p>","protected":false},"featured_media":2930,"comment_status":"open","ping_status":"closed","template":"","meta":{"_acf_changed":false},"product_brand":[],"product_cat":[40,63],"product_tag":[],"class_list":{"0":"post-2929","1":"product","2":"type-product","3":"status-publish","4":"has-post-thumbnail","6":"product_cat-serite-civile","7":"product_cat-classia","9":"first","10":"instock","11":"shipping-taxable","12":"product-type-simple"},"acf":[],"_links":{"self":[{"href":"https:\/\/www.brikaelektrik.al\/al\/wp-json\/wp\/v2\/product\/2929","targetHints":{"allow":["GET"]}}],"collection":[{"href":"https:\/\/www.brikaelektrik.al\/al\/wp-json\/wp\/v2\/product"}],"about":[{"href":"https:\/\/www.brikaelektrik.al\/al\/wp-json\/wp\/v2\/types\/product"}],"replies":[{"embeddable":true,"href":"https:\/\/www.brikaelektrik.al\/al\/wp-json\/wp\/v2\/comments?post=2929"}],"wp:featuredmedia":[{"embeddable":true,"href":"https:\/\/www.brikaelektrik.al\/al\/wp-json\/wp\/v2\/media\/2930"}],"wp:attachment":[{"href":"https:\/\/www.brikaelektrik.al\/al\/wp-json\/wp\/v2\/media?parent=2929"}],"wp:term":[{"taxonomy":"product_brand","embeddable":true,"href":"https:\/\/www.brikaelektrik.al\/al\/wp-json\/wp\/v2\/product_brand?post=2929"},{"taxonomy":"product_cat","embeddable":true,"href":"https:\/\/www.brikaelektrik.al\/al\/wp-json\/wp\/v2\/product_cat?post=2929"},{"taxonomy":"product_tag","embeddable":true,"href":"https:\/\/www.brikaelektrik.al\/al\/wp-json\/wp\/v2\/product_tag?post=2929"}],"curies":[{"name":"wp","href":"https:\/\/api.w.org\/{rel}","templated":true}]}}