{"id":2931,"date":"2025-08-19T07:57:04","date_gmt":"2025-08-19T07:57:04","guid":{"rendered":"https:\/\/www.brikaelektrik.al\/?post_type=product&#038;p=2931"},"modified":"2025-08-19T07:57:04","modified_gmt":"2025-08-19T07:57:04","slug":"bivalente-e-zeze-2pe-16a","status":"publish","type":"product","link":"https:\/\/www.brikaelektrik.al\/al\/produkt\/bivalente-e-zeze-2pe-16a\/","title":{"rendered":"BIVALENTE E ZEZ\u00cb 2P+E 16A"},"content":{"rendered":"<p>Seria: Classia<br data-start=\"109\" data-end=\"112\" \/>Lloji: Priz\u00eb murale standard italian 2P+T (me tok\u00ebzim)<br data-start=\"170\" data-end=\"173\" \/>Pol: 2P+T<br data-start=\"186\" data-end=\"189\" data-is-only-node=\"\" \/>Tensioni i pun\u00ebs: 250V AC\u00a0<br data-start=\"257\" data-end=\"260\" \/>Rryma e pun\u00ebs: 16A <br data-start=\"321\" data-end=\"324\" \/>Ngjyra: E zez\u00eb (Black) <br data-start=\"388\" data-end=\"391\" \/>Kontakte: Me tulip me mbrojtje (shuttered tulip contacts)\u00a0<br data-start=\"490\" data-end=\"493\" \/>Lidhja: Terminale me vida (screw terminals)\u00a0<br data-start=\"578\" data-end=\"581\" \/>Distanc\u00eb mes qendrave: 19mm dhe 26mm\u00a0<br data-start=\"661\" data-end=\"664\" \/>Mbrojtja: IP20 (p\u00ebr instalim standard) \u2014 tipike p\u00ebr k\u00ebto sisteme<br data-start=\"732\" data-end=\"735\" \/>Certifikime: CE; n\u00eb p\u00ebrputhje me LVD 2014\/35\/EU, EMC 2014\/30\/EU; standarde IEC; certifikuar n\u00eb skem\u00ebn CB-scheme<\/p>","protected":false},"excerpt":{"rendered":"<p>Seria: ClassiaLloji: Priz\u00eb murale standard italian 2P+T (me tok\u00ebzim)Pol: 2P+TTensioni i pun\u00ebs: 250V AC\u00a0Rryma e pun\u00ebs: 16A Ngjyra: E zez\u00eb (Black) Kontakte: Me tulip me mbrojtje (shuttered tulip contacts)\u00a0Lidhja: Terminale me vida (screw terminals)\u00a0Distanc\u00eb mes qendrave: 19mm dhe 26mm\u00a0Mbrojtja: IP20 (p\u00ebr instalim standard) \u2014 tipike p\u00ebr k\u00ebto sistemeCertifikime: CE; n\u00eb p\u00ebrputhje me LVD 2014\/35\/EU, EMC [&hellip;]<\/p>","protected":false},"featured_media":2932,"comment_status":"open","ping_status":"closed","template":"","meta":{"_acf_changed":false},"product_brand":[],"product_cat":[40,63],"product_tag":[],"class_list":{"0":"post-2931","1":"product","2":"type-product","3":"status-publish","4":"has-post-thumbnail","6":"product_cat-serite-civile","7":"product_cat-classia","9":"first","10":"instock","11":"shipping-taxable","12":"product-type-simple"},"acf":[],"_links":{"self":[{"href":"https:\/\/www.brikaelektrik.al\/al\/wp-json\/wp\/v2\/product\/2931","targetHints":{"allow":["GET"]}}],"collection":[{"href":"https:\/\/www.brikaelektrik.al\/al\/wp-json\/wp\/v2\/product"}],"about":[{"href":"https:\/\/www.brikaelektrik.al\/al\/wp-json\/wp\/v2\/types\/product"}],"replies":[{"embeddable":true,"href":"https:\/\/www.brikaelektrik.al\/al\/wp-json\/wp\/v2\/comments?post=2931"}],"wp:featuredmedia":[{"embeddable":true,"href":"https:\/\/www.brikaelektrik.al\/al\/wp-json\/wp\/v2\/media\/2932"}],"wp:attachment":[{"href":"https:\/\/www.brikaelektrik.al\/al\/wp-json\/wp\/v2\/media?parent=2931"}],"wp:term":[{"taxonomy":"product_brand","embeddable":true,"href":"https:\/\/www.brikaelektrik.al\/al\/wp-json\/wp\/v2\/product_brand?post=2931"},{"taxonomy":"product_cat","embeddable":true,"href":"https:\/\/www.brikaelektrik.al\/al\/wp-json\/wp\/v2\/product_cat?post=2931"},{"taxonomy":"product_tag","embeddable":true,"href":"https:\/\/www.brikaelektrik.al\/al\/wp-json\/wp\/v2\/product_tag?post=2931"}],"curies":[{"name":"wp","href":"https:\/\/api.w.org\/{rel}","templated":true}]}}