{"id":2933,"date":"2025-08-19T08:01:13","date_gmt":"2025-08-19T08:01:13","guid":{"rendered":"https:\/\/www.brikaelektrik.al\/?post_type=product&#038;p=2933"},"modified":"2025-08-19T08:01:13","modified_gmt":"2025-08-19T08:01:13","slug":"bivalente-e-kuqe-2pe-16a","status":"publish","type":"product","link":"https:\/\/www.brikaelektrik.al\/al\/produkt\/bivalente-e-kuqe-2pe-16a\/","title":{"rendered":"BIVALENTE E KUQE 2P+E 16A"},"content":{"rendered":"<p>Seria: Classia<br data-start=\"136\" data-end=\"139\" \/>Lloji: Priz\u00eb murale standard italian 2P+T \u2013 ngjyr\u00eb t\u00eb kuqe (Red)<br data-start=\"207\" data-end=\"210\" \/>Pol: 2P+T (Dy pol\u00eb plus tok\u00ebzim)<br data-start=\"246\" data-end=\"249\" data-is-only-node=\"\" \/>Tensioni i pun\u00ebs: 250V AC\u00a0<br data-start=\"317\" data-end=\"320\" \/>Rryma e pun\u00ebs: 16A\u00a0<br data-start=\"381\" data-end=\"384\" \/>Ngjyra: E kuqe (Red)\u00a0<br data-start=\"446\" data-end=\"449\" \/>Kontakte: Me tulip t\u00eb mbrojtur (shielded tulip contacts)\u00a0<br data-start=\"547\" data-end=\"550\" \/>Distanc\u00eb mes qendrave: 19mm dhe 26mm\u00a0<br data-start=\"630\" data-end=\"633\" \/>Lidhja: Terminale me vida (screw terminals)\u00a0<br data-start=\"718\" data-end=\"721\" \/>Mbrojtja: IP20 (p\u00ebr instalim standard, typical)\u00a0<br data-start=\"810\" data-end=\"813\" \/>Certifikime: CE; n\u00eb p\u00ebrputhje me LVD 2014\/35\/EU, EMC 2014\/30\/EU; standarde IEC; certifikuar n\u00eb skem\u00ebn CB-scheme<\/p>","protected":false},"excerpt":{"rendered":"<p>Seria: ClassiaLloji: Priz\u00eb murale standard italian 2P+T \u2013 ngjyr\u00eb t\u00eb kuqe (Red)Pol: 2P+T (Dy pol\u00eb plus tok\u00ebzim)Tensioni i pun\u00ebs: 250V AC\u00a0Rryma e pun\u00ebs: 16A\u00a0Ngjyra: E kuqe (Red)\u00a0Kontakte: Me tulip t\u00eb mbrojtur (shielded tulip contacts)\u00a0Distanc\u00eb mes qendrave: 19mm dhe 26mm\u00a0Lidhja: Terminale me vida (screw terminals)\u00a0Mbrojtja: IP20 (p\u00ebr instalim standard, typical)\u00a0Certifikime: CE; n\u00eb p\u00ebrputhje me LVD 2014\/35\/EU, [&hellip;]<\/p>","protected":false},"featured_media":2934,"comment_status":"open","ping_status":"closed","template":"","meta":{"_acf_changed":false},"product_brand":[],"product_cat":[40,63],"product_tag":[],"class_list":{"0":"post-2933","1":"product","2":"type-product","3":"status-publish","4":"has-post-thumbnail","6":"product_cat-serite-civile","7":"product_cat-classia","9":"first","10":"instock","11":"shipping-taxable","12":"product-type-simple"},"acf":[],"_links":{"self":[{"href":"https:\/\/www.brikaelektrik.al\/al\/wp-json\/wp\/v2\/product\/2933","targetHints":{"allow":["GET"]}}],"collection":[{"href":"https:\/\/www.brikaelektrik.al\/al\/wp-json\/wp\/v2\/product"}],"about":[{"href":"https:\/\/www.brikaelektrik.al\/al\/wp-json\/wp\/v2\/types\/product"}],"replies":[{"embeddable":true,"href":"https:\/\/www.brikaelektrik.al\/al\/wp-json\/wp\/v2\/comments?post=2933"}],"wp:featuredmedia":[{"embeddable":true,"href":"https:\/\/www.brikaelektrik.al\/al\/wp-json\/wp\/v2\/media\/2934"}],"wp:attachment":[{"href":"https:\/\/www.brikaelektrik.al\/al\/wp-json\/wp\/v2\/media?parent=2933"}],"wp:term":[{"taxonomy":"product_brand","embeddable":true,"href":"https:\/\/www.brikaelektrik.al\/al\/wp-json\/wp\/v2\/product_brand?post=2933"},{"taxonomy":"product_cat","embeddable":true,"href":"https:\/\/www.brikaelektrik.al\/al\/wp-json\/wp\/v2\/product_cat?post=2933"},{"taxonomy":"product_tag","embeddable":true,"href":"https:\/\/www.brikaelektrik.al\/al\/wp-json\/wp\/v2\/product_tag?post=2933"}],"curies":[{"name":"wp","href":"https:\/\/api.w.org\/{rel}","templated":true}]}}