{"id":2935,"date":"2025-08-19T08:03:07","date_gmt":"2025-08-19T08:03:07","guid":{"rendered":"https:\/\/www.brikaelektrik.al\/?post_type=product&#038;p=2935"},"modified":"2025-08-19T08:03:07","modified_gmt":"2025-08-19T08:03:07","slug":"celes-i-thjeshte-i-bardhe-1p-10a-2","status":"publish","type":"product","link":"https:\/\/www.brikaelektrik.al\/al\/produkt\/celes-i-thjeshte-i-bardhe-1p-10a-2\/","title":{"rendered":"\u00c7EL\u00cbS I THJESHT\u00cb I BARDH\u00cb 1P 10A"},"content":{"rendered":"<p>Seria: Classia<br data-start=\"115\" data-end=\"118\" \/>Lloji: \u00c7el\u00ebs nj\u00eb-drejtimor (One-way switch)<br data-start=\"165\" data-end=\"168\" \/>Pol: 1P (nj\u00eb pol)<br data-start=\"189\" data-end=\"192\" data-is-only-node=\"\" \/>P\u00ebrmasat: 45.1 \u00d7 22.2 \u00d7 42.7mm; Thell\u00ebsi montimi: 32.9mm\u00a0<br data-start=\"292\" data-end=\"295\" \/>Ngjyra: E bardh\u00eb (White)<br data-start=\"323\" data-end=\"326\" \/>Materiali: Plastik teknopolimer (ABS)\u00a0<br data-start=\"405\" data-end=\"408\" \/>Mbrojtja: IP40\u00a0<br data-start=\"464\" data-end=\"467\" \/>Tensioni i pun\u00ebs: 250V AC\u00a0<br data-start=\"535\" data-end=\"538\" \/>Rryma e pun\u00ebs: 10A (10AX)<br data-start=\"607\" data-end=\"610\" \/>Lidhja: Terminale me vida (screw terminals)<br data-start=\"657\" data-end=\"660\" \/>P\u00ebrputhshm\u00ebria: P\u00ebr mekanizma elektrik\u00eb t\u00eb seris\u00eb Classia<br data-start=\"721\" data-end=\"724\" \/>Certifikime: CE; n\u00eb p\u00ebrputhje me direktivat LVD 2014\/35\/EU dhe EMC 2014\/30\/EU; standarde IEC; certifikuar n\u00eb skem\u00ebn CB-scheme<\/p>","protected":false},"excerpt":{"rendered":"<p>Seria: ClassiaLloji: \u00c7el\u00ebs nj\u00eb-drejtimor (One-way switch)Pol: 1P (nj\u00eb pol)P\u00ebrmasat: 45.1 \u00d7 22.2 \u00d7 42.7mm; Thell\u00ebsi montimi: 32.9mm\u00a0Ngjyra: E bardh\u00eb (White)Materiali: Plastik teknopolimer (ABS)\u00a0Mbrojtja: IP40\u00a0Tensioni i pun\u00ebs: 250V AC\u00a0Rryma e pun\u00ebs: 10A (10AX)Lidhja: Terminale me vida (screw terminals)P\u00ebrputhshm\u00ebria: P\u00ebr mekanizma elektrik\u00eb t\u00eb seris\u00eb ClassiaCertifikime: CE; n\u00eb p\u00ebrputhje me direktivat LVD 2014\/35\/EU dhe EMC 2014\/30\/EU; standarde IEC; [&hellip;]<\/p>","protected":false},"featured_media":2936,"comment_status":"open","ping_status":"closed","template":"","meta":{"_acf_changed":false},"product_brand":[],"product_cat":[40,63],"product_tag":[],"class_list":{"0":"post-2935","1":"product","2":"type-product","3":"status-publish","4":"has-post-thumbnail","6":"product_cat-serite-civile","7":"product_cat-classia","9":"first","10":"instock","11":"shipping-taxable","12":"product-type-simple"},"acf":[],"_links":{"self":[{"href":"https:\/\/www.brikaelektrik.al\/al\/wp-json\/wp\/v2\/product\/2935","targetHints":{"allow":["GET"]}}],"collection":[{"href":"https:\/\/www.brikaelektrik.al\/al\/wp-json\/wp\/v2\/product"}],"about":[{"href":"https:\/\/www.brikaelektrik.al\/al\/wp-json\/wp\/v2\/types\/product"}],"replies":[{"embeddable":true,"href":"https:\/\/www.brikaelektrik.al\/al\/wp-json\/wp\/v2\/comments?post=2935"}],"wp:featuredmedia":[{"embeddable":true,"href":"https:\/\/www.brikaelektrik.al\/al\/wp-json\/wp\/v2\/media\/2936"}],"wp:attachment":[{"href":"https:\/\/www.brikaelektrik.al\/al\/wp-json\/wp\/v2\/media?parent=2935"}],"wp:term":[{"taxonomy":"product_brand","embeddable":true,"href":"https:\/\/www.brikaelektrik.al\/al\/wp-json\/wp\/v2\/product_brand?post=2935"},{"taxonomy":"product_cat","embeddable":true,"href":"https:\/\/www.brikaelektrik.al\/al\/wp-json\/wp\/v2\/product_cat?post=2935"},{"taxonomy":"product_tag","embeddable":true,"href":"https:\/\/www.brikaelektrik.al\/al\/wp-json\/wp\/v2\/product_tag?post=2935"}],"curies":[{"name":"wp","href":"https:\/\/api.w.org\/{rel}","templated":true}]}}