{"id":2937,"date":"2025-08-19T08:05:39","date_gmt":"2025-08-19T08:05:39","guid":{"rendered":"https:\/\/www.brikaelektrik.al\/?post_type=product&#038;p=2937"},"modified":"2025-08-19T08:05:39","modified_gmt":"2025-08-19T08:05:39","slug":"celes-qepeni-1-0-2-i-bardhe","status":"publish","type":"product","link":"https:\/\/www.brikaelektrik.al\/al\/produkt\/celes-qepeni-1-0-2-i-bardhe\/","title":{"rendered":"\u00c7EL\u00cbS QEPENI 1-0-2 I BARDH\u00cb"},"content":{"rendered":"<p>Seria: Classia<br data-start=\"144\" data-end=\"147\" \/>Lloji: \u00c7el\u00ebs nj\u00eb-drejtimor i ndri\u00e7uar (One-way switch with LED indicator)<br data-start=\"224\" data-end=\"227\" \/>Pol: 1P (nj\u00eb pol)<br data-start=\"248\" data-end=\"251\" data-is-only-node=\"\" \/>P\u00ebrmasat: 45.1 \u00d7 22.3 \u00d7 27mm<br data-start=\"284\" data-end=\"287\" \/>Ngjyra: E zez\u00eb (Black)<br data-start=\"313\" data-end=\"316\" \/>Materiali: Plastik teknopolimer (ABS)<br data-start=\"357\" data-end=\"360\" \/>Mbrojtja: IP40<br data-start=\"378\" data-end=\"381\" \/>Tensioni i pun\u00ebs: 250V AC<br data-start=\"411\" data-end=\"414\" \/>Rryma e pun\u00ebs: 10A<br data-start=\"437\" data-end=\"440\" \/>Lidhja: Terminale me vida<br data-start=\"469\" data-end=\"472\" \/>Ndri\u00e7imi: LED i integruar (230V) p\u00ebr ndri\u00e7im t\u00eb leht\u00eb\u00a0<br data-start=\"542\" data-end=\"545\" \/>P\u00ebrputhshm\u00ebria: P\u00ebr mekanizma elektrik\u00eb t\u00eb seris\u00eb Classia<br data-start=\"606\" data-end=\"609\" \/>Certifikime: CE; n\u00eb p\u00ebrputhje me LVD 2014\/35\/EU, EMC 2014\/30\/EU; standarde IEC; certifikuar n\u00eb skem\u00ebn CB-scheme<\/p>","protected":false},"excerpt":{"rendered":"<p>Seria: ClassiaLloji: \u00c7el\u00ebs nj\u00eb-drejtimor i ndri\u00e7uar (One-way switch with LED indicator)Pol: 1P (nj\u00eb pol)P\u00ebrmasat: 45.1 \u00d7 22.3 \u00d7 27mmNgjyra: E zez\u00eb (Black)Materiali: Plastik teknopolimer (ABS)Mbrojtja: IP40Tensioni i pun\u00ebs: 250V ACRryma e pun\u00ebs: 10ALidhja: Terminale me vidaNdri\u00e7imi: LED i integruar (230V) p\u00ebr ndri\u00e7im t\u00eb leht\u00eb\u00a0P\u00ebrputhshm\u00ebria: P\u00ebr mekanizma elektrik\u00eb t\u00eb seris\u00eb ClassiaCertifikime: CE; n\u00eb p\u00ebrputhje me LVD [&hellip;]<\/p>","protected":false},"featured_media":2938,"comment_status":"open","ping_status":"closed","template":"","meta":{"_acf_changed":false},"product_brand":[],"product_cat":[40,63],"product_tag":[],"class_list":{"0":"post-2937","1":"product","2":"type-product","3":"status-publish","4":"has-post-thumbnail","6":"product_cat-serite-civile","7":"product_cat-classia","9":"first","10":"instock","11":"shipping-taxable","12":"product-type-simple"},"acf":[],"_links":{"self":[{"href":"https:\/\/www.brikaelektrik.al\/al\/wp-json\/wp\/v2\/product\/2937","targetHints":{"allow":["GET"]}}],"collection":[{"href":"https:\/\/www.brikaelektrik.al\/al\/wp-json\/wp\/v2\/product"}],"about":[{"href":"https:\/\/www.brikaelektrik.al\/al\/wp-json\/wp\/v2\/types\/product"}],"replies":[{"embeddable":true,"href":"https:\/\/www.brikaelektrik.al\/al\/wp-json\/wp\/v2\/comments?post=2937"}],"wp:featuredmedia":[{"embeddable":true,"href":"https:\/\/www.brikaelektrik.al\/al\/wp-json\/wp\/v2\/media\/2938"}],"wp:attachment":[{"href":"https:\/\/www.brikaelektrik.al\/al\/wp-json\/wp\/v2\/media?parent=2937"}],"wp:term":[{"taxonomy":"product_brand","embeddable":true,"href":"https:\/\/www.brikaelektrik.al\/al\/wp-json\/wp\/v2\/product_brand?post=2937"},{"taxonomy":"product_cat","embeddable":true,"href":"https:\/\/www.brikaelektrik.al\/al\/wp-json\/wp\/v2\/product_cat?post=2937"},{"taxonomy":"product_tag","embeddable":true,"href":"https:\/\/www.brikaelektrik.al\/al\/wp-json\/wp\/v2\/product_tag?post=2937"}],"curies":[{"name":"wp","href":"https:\/\/api.w.org\/{rel}","templated":true}]}}