{"id":2939,"date":"2025-08-19T08:08:18","date_gmt":"2025-08-19T08:08:18","guid":{"rendered":"https:\/\/www.brikaelektrik.al\/?post_type=product&#038;p=2939"},"modified":"2025-08-19T08:08:18","modified_gmt":"2025-08-19T08:08:18","slug":"bivalente-e-bardhe-2pe-16a","status":"publish","type":"product","link":"https:\/\/www.brikaelektrik.al\/al\/produkt\/bivalente-e-bardhe-2pe-16a\/","title":{"rendered":"BIVALENTE E BARDH\u00cb 2P+E 16A"},"content":{"rendered":"<p>Seria: Classia<br data-start=\"159\" data-end=\"162\" \/>Lloji: Priz\u00eb murale standard italian 2P+T<br data-start=\"207\" data-end=\"210\" \/>Pol: 2P+T (dy pol\u00eb + tok\u00ebzim)<br data-start=\"243\" data-end=\"246\" data-is-only-node=\"\" \/>Tensioni i pun\u00ebs: 250V AC\u00a0<br data-start=\"314\" data-end=\"317\" \/>Rryma e pun\u00ebs: 16A\u00a0<br data-start=\"378\" data-end=\"381\" \/>Ngjyra: E bardh\u00eb (White)\u00a0<br data-start=\"447\" data-end=\"450\" \/>Kontakte: Me tulip t\u00eb mbrojtura (shielded tulip contacts)\u00a0<br data-start=\"549\" data-end=\"552\" \/>Distanc\u00eb mes qendrave: 19mm dhe 26mm\u00a0<br data-start=\"632\" data-end=\"635\" \/>Lidhja: Terminale me vida (screw terminals)\u00a0<br data-start=\"720\" data-end=\"723\" \/>Mbrojtja: IP20<br data-start=\"741\" data-end=\"744\" \/>Certifikime: CE; n\u00eb p\u00ebrputhje me LVD 2014\/35\/EU dhe EMC 2014\/30\/EU; standarde IEC; certifikim n\u00eb skem\u00ebn CB-scheme<\/p>","protected":false},"excerpt":{"rendered":"<p>Seria: ClassiaLloji: Priz\u00eb murale standard italian 2P+TPol: 2P+T (dy pol\u00eb + tok\u00ebzim)Tensioni i pun\u00ebs: 250V AC\u00a0Rryma e pun\u00ebs: 16A\u00a0Ngjyra: E bardh\u00eb (White)\u00a0Kontakte: Me tulip t\u00eb mbrojtura (shielded tulip contacts)\u00a0Distanc\u00eb mes qendrave: 19mm dhe 26mm\u00a0Lidhja: Terminale me vida (screw terminals)\u00a0Mbrojtja: IP20Certifikime: CE; n\u00eb p\u00ebrputhje me LVD 2014\/35\/EU dhe EMC 2014\/30\/EU; standarde IEC; certifikim n\u00eb skem\u00ebn CB-scheme<\/p>","protected":false},"featured_media":2940,"comment_status":"open","ping_status":"closed","template":"","meta":{"_acf_changed":false},"product_brand":[],"product_cat":[40,63],"product_tag":[],"class_list":{"0":"post-2939","1":"product","2":"type-product","3":"status-publish","4":"has-post-thumbnail","6":"product_cat-serite-civile","7":"product_cat-classia","9":"first","10":"instock","11":"shipping-taxable","12":"product-type-simple"},"acf":[],"_links":{"self":[{"href":"https:\/\/www.brikaelektrik.al\/al\/wp-json\/wp\/v2\/product\/2939","targetHints":{"allow":["GET"]}}],"collection":[{"href":"https:\/\/www.brikaelektrik.al\/al\/wp-json\/wp\/v2\/product"}],"about":[{"href":"https:\/\/www.brikaelektrik.al\/al\/wp-json\/wp\/v2\/types\/product"}],"replies":[{"embeddable":true,"href":"https:\/\/www.brikaelektrik.al\/al\/wp-json\/wp\/v2\/comments?post=2939"}],"wp:featuredmedia":[{"embeddable":true,"href":"https:\/\/www.brikaelektrik.al\/al\/wp-json\/wp\/v2\/media\/2940"}],"wp:attachment":[{"href":"https:\/\/www.brikaelektrik.al\/al\/wp-json\/wp\/v2\/media?parent=2939"}],"wp:term":[{"taxonomy":"product_brand","embeddable":true,"href":"https:\/\/www.brikaelektrik.al\/al\/wp-json\/wp\/v2\/product_brand?post=2939"},{"taxonomy":"product_cat","embeddable":true,"href":"https:\/\/www.brikaelektrik.al\/al\/wp-json\/wp\/v2\/product_cat?post=2939"},{"taxonomy":"product_tag","embeddable":true,"href":"https:\/\/www.brikaelektrik.al\/al\/wp-json\/wp\/v2\/product_tag?post=2939"}],"curies":[{"name":"wp","href":"https:\/\/api.w.org\/{rel}","templated":true}]}}