{"id":2941,"date":"2025-08-19T10:16:39","date_gmt":"2025-08-19T10:16:39","guid":{"rendered":"https:\/\/www.brikaelektrik.al\/?post_type=product&#038;p=2941"},"modified":"2025-08-19T10:16:39","modified_gmt":"2025-08-19T10:16:39","slug":"kuti-shperndarese-pt9-480x160x75mm","status":"publish","type":"product","link":"https:\/\/www.brikaelektrik.al\/al\/produkt\/kuti-shperndarese-pt9-480x160x75mm\/","title":{"rendered":"KUTI SHP\u00cbRNDAR\u00cbSE PT9 480X160X75MM"},"content":{"rendered":"<p data-start=\"162\" data-end=\"653\"><strong data-start=\"105\" data-end=\"115\">Seria:<\/strong> 48 Range Gewiss<br data-start=\"131\" data-end=\"134\" \/><strong data-start=\"134\" data-end=\"144\">Lloji:<\/strong> Kaset\u00eb derivimi dhe lidhjeje p\u00ebr mure me tulla me montim t\u00eb thell\u00eb<br data-start=\"211\" data-end=\"214\" \/><strong data-start=\"214\" data-end=\"234\" data-is-only-node=\"\">P\u00ebrmasat totale:<\/strong> 480 x 160 x 75 mm<br data-start=\"252\" data-end=\"255\" \/><strong data-start=\"255\" data-end=\"269\">Materiali:<\/strong> GW PLAST (teknopolimer i halogjenit t\u00eb lir\u00eb)<br data-start=\"314\" data-end=\"317\" \/><strong data-start=\"317\" data-end=\"338\">Ngjyra e kapakut:<\/strong> E bardh\u00eb (RAL 9016)<br data-start=\"358\" data-end=\"361\" \/><strong data-start=\"361\" data-end=\"374\">Mbrojtja:<\/strong> IP40<br data-start=\"379\" data-end=\"382\" \/><strong data-start=\"382\" data-end=\"406\">Temperatura e pun\u00ebs:<\/strong> Nga -15 \u00b0C deri n\u00eb +60 \u00b0C<br data-start=\"432\" data-end=\"435\" \/><strong data-start=\"435\" data-end=\"465\">Rezistenca ndaj goditjeve:<\/strong> IK07<br data-start=\"470\" data-end=\"473\" \/><strong data-start=\"473\" data-end=\"498\">Kapaciteti i modulit:<\/strong> 8 module EN 50022 p\u00ebr \u00e7do ndarje<br data-start=\"531\" data-end=\"534\" \/><strong data-start=\"534\" data-end=\"565\">P\u00ebrputhshm\u00ebria me DIN Rail:<\/strong> Po, me montim t\u00eb integruar DIN rail<br data-start=\"601\" data-end=\"604\" \/><strong data-start=\"604\" data-end=\"634\">Aksesueshm\u00ebria e lidhjeve:<\/strong> Terminale me vida p\u00ebr lidhje t\u00eb sigurt dhe t\u00eb q\u00ebndrueshme<br data-start=\"692\" data-end=\"695\" \/><strong data-start=\"695\" data-end=\"724\">Aksesueshm\u00ebria e kapakut:<\/strong> Kapak i heqsh\u00ebm p\u00ebr leht\u00ebsi instalimi dhe mir\u00ebmbajtjeje<br data-start=\"780\" data-end=\"783\" \/><strong data-start=\"783\" data-end=\"797\">P\u00ebrdorimi:<\/strong> Ideal p\u00ebr instalime elektrike n\u00eb mure me tulla p\u00ebr ndarjen dhe lidhjen e sigurt t\u00eb kabllove dhe pajisjeve elektrike<br data-start=\"913\" data-end=\"916\" \/><strong data-start=\"916\" data-end=\"941\">Seria e p\u00ebrshtatshme:<\/strong> Kompatibile me modulet e seris\u00eb 48 Range Gewiss<\/p>\n<p data-start=\"655\" data-end=\"922\">","protected":false},"excerpt":{"rendered":"<p>Seria: 48 Range GewissLloji: Kaset\u00eb derivimi dhe lidhjeje p\u00ebr mure me tulla me montim t\u00eb thell\u00ebP\u00ebrmasat totale: 480 x 160 x 75 mmMateriali: GW PLAST (teknopolimer i halogjenit t\u00eb lir\u00eb)Ngjyra e kapakut: E bardh\u00eb (RAL 9016)Mbrojtja: IP40Temperatura e pun\u00ebs: Nga -15 \u00b0C deri n\u00eb +60 \u00b0CRezistenca ndaj goditjeve: IK07Kapaciteti i modulit: 8 module EN 50022 [&hellip;]<\/p>","protected":false},"featured_media":2942,"comment_status":"open","ping_status":"closed","template":"","meta":{"_acf_changed":false},"product_brand":[],"product_cat":[40,69],"product_tag":[],"class_list":{"0":"post-2941","1":"product","2":"type-product","3":"status-publish","4":"has-post-thumbnail","6":"product_cat-serite-civile","7":"product_cat-gewiss-system","9":"first","10":"instock","11":"shipping-taxable","12":"product-type-simple"},"acf":[],"_links":{"self":[{"href":"https:\/\/www.brikaelektrik.al\/al\/wp-json\/wp\/v2\/product\/2941","targetHints":{"allow":["GET"]}}],"collection":[{"href":"https:\/\/www.brikaelektrik.al\/al\/wp-json\/wp\/v2\/product"}],"about":[{"href":"https:\/\/www.brikaelektrik.al\/al\/wp-json\/wp\/v2\/types\/product"}],"replies":[{"embeddable":true,"href":"https:\/\/www.brikaelektrik.al\/al\/wp-json\/wp\/v2\/comments?post=2941"}],"wp:featuredmedia":[{"embeddable":true,"href":"https:\/\/www.brikaelektrik.al\/al\/wp-json\/wp\/v2\/media\/2942"}],"wp:attachment":[{"href":"https:\/\/www.brikaelektrik.al\/al\/wp-json\/wp\/v2\/media?parent=2941"}],"wp:term":[{"taxonomy":"product_brand","embeddable":true,"href":"https:\/\/www.brikaelektrik.al\/al\/wp-json\/wp\/v2\/product_brand?post=2941"},{"taxonomy":"product_cat","embeddable":true,"href":"https:\/\/www.brikaelektrik.al\/al\/wp-json\/wp\/v2\/product_cat?post=2941"},{"taxonomy":"product_tag","embeddable":true,"href":"https:\/\/www.brikaelektrik.al\/al\/wp-json\/wp\/v2\/product_tag?post=2941"}],"curies":[{"name":"wp","href":"https:\/\/api.w.org\/{rel}","templated":true}]}}