{"id":2943,"date":"2025-08-19T10:19:03","date_gmt":"2025-08-19T10:19:03","guid":{"rendered":"https:\/\/www.brikaelektrik.al\/?post_type=product&#038;p=2943"},"modified":"2025-08-19T10:19:03","modified_gmt":"2025-08-19T10:19:03","slug":"kuti-shperndarese-pt10-516x202x90mm","status":"publish","type":"product","link":"https:\/\/www.brikaelektrik.al\/al\/produkt\/kuti-shperndarese-pt10-516x202x90mm\/","title":{"rendered":"KUTI SHP\u00cbRNDAR\u00cbSE PT10 516X202X90MM"},"content":{"rendered":"<p><strong data-start=\"111\" data-end=\"121\">Seria:<\/strong> 48 Range Gewiss<br data-start=\"137\" data-end=\"140\" \/><strong data-start=\"140\" data-end=\"150\">Lloji:<\/strong> Kaset\u00eb derivimi dhe lidhjeje p\u00ebr mure me tulla me montim t\u00eb thell\u00eb<br data-start=\"217\" data-end=\"220\" \/><strong data-start=\"220\" data-end=\"240\">P\u00ebrmasat totale:<\/strong> 516 x 202 x 90 mm<br data-start=\"258\" data-end=\"261\" data-is-only-node=\"\" \/><strong data-start=\"261\" data-end=\"275\">Materiali:<\/strong> GW PLAST (teknopolimer i halogjenit t\u00eb lir\u00eb)<br data-start=\"320\" data-end=\"323\" \/><strong data-start=\"323\" data-end=\"344\">Ngjyra e kapakut:<\/strong> E bardh\u00eb (RAL 9016)<br data-start=\"364\" data-end=\"367\" \/><strong data-start=\"367\" data-end=\"380\">Mbrojtja:<\/strong> IP40<br data-start=\"385\" data-end=\"388\" \/><strong data-start=\"388\" data-end=\"412\">Temperatura e pun\u00ebs:<\/strong> Nga -15 \u00b0C deri n\u00eb +60 \u00b0C<br data-start=\"438\" data-end=\"441\" \/><strong data-start=\"441\" data-end=\"471\">Rezistenca ndaj goditjeve:<\/strong> IK07<br data-start=\"476\" data-end=\"479\" \/><strong data-start=\"479\" data-end=\"504\">Kapaciteti i modulit:<\/strong> 9 module EN 50022 p\u00ebr \u00e7do ndarje<br data-start=\"537\" data-end=\"540\" \/><strong data-start=\"540\" data-end=\"571\">P\u00ebrputhshm\u00ebria me DIN Rail:<\/strong> Po, me montim t\u00eb integruar DIN rail<br data-start=\"607\" data-end=\"610\" \/><strong data-start=\"610\" data-end=\"640\">Aksesueshm\u00ebria e lidhjeve:<\/strong> Terminale me vida p\u00ebr lidhje t\u00eb sigurt dhe t\u00eb q\u00ebndrueshme<br data-start=\"698\" data-end=\"701\" \/><strong data-start=\"701\" data-end=\"730\">Aksesueshm\u00ebria e kapakut:<\/strong> Kapak i heqsh\u00ebm p\u00ebr leht\u00ebsi instalimi dhe mir\u00ebmbajtjeje<br data-start=\"786\" data-end=\"789\" \/><strong data-start=\"789\" data-end=\"803\">P\u00ebrdorimi:<\/strong> Ideal p\u00ebr instalime elektrike n\u00eb mure me tulla p\u00ebr ndarjen dhe lidhjen e sigurt t\u00eb kabllove dhe pajisjeve elektrike<br data-start=\"919\" data-end=\"922\" \/><strong data-start=\"922\" data-end=\"947\">Seria e p\u00ebrshtatshme:<\/strong> Kompatibile me modulet e seris\u00eb 48 Range Gewiss<\/p>","protected":false},"excerpt":{"rendered":"<p>Seria: 48 Range GewissLloji: Kaset\u00eb derivimi dhe lidhjeje p\u00ebr mure me tulla me montim t\u00eb thell\u00ebP\u00ebrmasat totale: 516 x 202 x 90 mmMateriali: GW PLAST (teknopolimer i halogjenit t\u00eb lir\u00eb)Ngjyra e kapakut: E bardh\u00eb (RAL 9016)Mbrojtja: IP40Temperatura e pun\u00ebs: Nga -15 \u00b0C deri n\u00eb +60 \u00b0CRezistenca ndaj goditjeve: IK07Kapaciteti i modulit: 9 module EN 50022 [&hellip;]<\/p>","protected":false},"featured_media":2944,"comment_status":"open","ping_status":"closed","template":"","meta":{"_acf_changed":false},"product_brand":[],"product_cat":[40,69],"product_tag":[],"class_list":{"0":"post-2943","1":"product","2":"type-product","3":"status-publish","4":"has-post-thumbnail","6":"product_cat-serite-civile","7":"product_cat-gewiss-system","9":"first","10":"instock","11":"shipping-taxable","12":"product-type-simple"},"acf":[],"_links":{"self":[{"href":"https:\/\/www.brikaelektrik.al\/al\/wp-json\/wp\/v2\/product\/2943","targetHints":{"allow":["GET"]}}],"collection":[{"href":"https:\/\/www.brikaelektrik.al\/al\/wp-json\/wp\/v2\/product"}],"about":[{"href":"https:\/\/www.brikaelektrik.al\/al\/wp-json\/wp\/v2\/types\/product"}],"replies":[{"embeddable":true,"href":"https:\/\/www.brikaelektrik.al\/al\/wp-json\/wp\/v2\/comments?post=2943"}],"wp:featuredmedia":[{"embeddable":true,"href":"https:\/\/www.brikaelektrik.al\/al\/wp-json\/wp\/v2\/media\/2944"}],"wp:attachment":[{"href":"https:\/\/www.brikaelektrik.al\/al\/wp-json\/wp\/v2\/media?parent=2943"}],"wp:term":[{"taxonomy":"product_brand","embeddable":true,"href":"https:\/\/www.brikaelektrik.al\/al\/wp-json\/wp\/v2\/product_brand?post=2943"},{"taxonomy":"product_cat","embeddable":true,"href":"https:\/\/www.brikaelektrik.al\/al\/wp-json\/wp\/v2\/product_cat?post=2943"},{"taxonomy":"product_tag","embeddable":true,"href":"https:\/\/www.brikaelektrik.al\/al\/wp-json\/wp\/v2\/product_tag?post=2943"}],"curies":[{"name":"wp","href":"https:\/\/api.w.org\/{rel}","templated":true}]}}