{"id":2945,"date":"2025-08-19T10:22:17","date_gmt":"2025-08-19T10:22:17","guid":{"rendered":"https:\/\/www.brikaelektrik.al\/?post_type=product&#038;p=2945"},"modified":"2025-08-19T10:22:17","modified_gmt":"2025-08-19T10:22:17","slug":"kuti-shperndarese-pt11-516x294x90mm","status":"publish","type":"product","link":"https:\/\/www.brikaelektrik.al\/al\/produkt\/kuti-shperndarese-pt11-516x294x90mm\/","title":{"rendered":"KUTI SHP\u00cbRNDAR\u00cbSE PT11 516X294X90MM"},"content":{"rendered":"<p><strong data-start=\"167\" data-end=\"177\">Seria:<\/strong> 48 Range Gewiss<br data-start=\"193\" data-end=\"196\" \/><strong data-start=\"196\" data-end=\"206\">Lloji:<\/strong> Kaset\u00eb derivimi dhe lidhjeje p\u00ebr mure me tulla, me montim t\u00eb thell\u00eb<br data-start=\"274\" data-end=\"277\" \/><strong data-start=\"277\" data-end=\"297\">P\u00ebrmasat totale:<\/strong> 516 x 294 x 90 mm<br data-start=\"315\" data-end=\"318\" \/><strong data-start=\"318\" data-end=\"332\" data-is-only-node=\"\">Materiali:<\/strong> GW PLAST (teknopolimer i halogjenit t\u00eb lir\u00eb)<br data-start=\"377\" data-end=\"380\" \/><strong data-start=\"380\" data-end=\"401\">Ngjyra e kapakut:<\/strong> E bardh\u00eb (RAL 9016)<br data-start=\"421\" data-end=\"424\" \/><strong data-start=\"424\" data-end=\"437\">Mbrojtja:<\/strong> IP40<br data-start=\"442\" data-end=\"445\" \/><strong data-start=\"445\" data-end=\"469\">Temperatura e pun\u00ebs:<\/strong> Nga -15 \u00b0C deri n\u00eb +60 \u00b0C<br data-start=\"495\" data-end=\"498\" \/><strong data-start=\"498\" data-end=\"528\">Rezistenca ndaj goditjeve:<\/strong> IK07<br data-start=\"533\" data-end=\"536\" \/><strong data-start=\"536\" data-end=\"561\">Kapaciteti i modulit:<\/strong> 4 module EN 50022 p\u00ebr \u00e7do ndarje<br data-start=\"594\" data-end=\"597\" \/><strong data-start=\"597\" data-end=\"618\">Numri i ndarjeve:<\/strong> 6<br data-start=\"620\" data-end=\"623\" \/><strong data-start=\"623\" data-end=\"653\">P\u00ebrputhshm\u00ebri me DIN Rail:<\/strong> Po, me montim t\u00eb integruar DIN rail<br data-start=\"689\" data-end=\"692\" \/><strong data-start=\"692\" data-end=\"722\">Aksesueshm\u00ebria e lidhjeve:<\/strong> Terminale me vida p\u00ebr lidhje t\u00eb sigurt dhe t\u00eb q\u00ebndrueshme<br data-start=\"780\" data-end=\"783\" \/><strong data-start=\"783\" data-end=\"812\">Aksesueshm\u00ebria e kapakut:<\/strong> Kapak i heqsh\u00ebm p\u00ebr leht\u00ebsi instalimi dhe mir\u00ebmbajtjeje<br data-start=\"868\" data-end=\"871\" \/><strong data-start=\"871\" data-end=\"885\">P\u00ebrdorimi:<\/strong> Ideal p\u00ebr instalime elektrike n\u00eb mure me tulla, p\u00ebr ndarjen dhe lidhjen e sigurt t\u00eb kabllove dhe pajisjeve elektrike<br data-start=\"1002\" data-end=\"1005\" \/><strong data-start=\"1005\" data-end=\"1030\">Seria e p\u00ebrshtatshme:<\/strong> Kompatibile me modulet e seris\u00eb 48 Range Gewiss<\/p>","protected":false},"excerpt":{"rendered":"<p>Seria: 48 Range GewissLloji: Kaset\u00eb derivimi dhe lidhjeje p\u00ebr mure me tulla, me montim t\u00eb thell\u00ebP\u00ebrmasat totale: 516 x 294 x 90 mmMateriali: GW PLAST (teknopolimer i halogjenit t\u00eb lir\u00eb)Ngjyra e kapakut: E bardh\u00eb (RAL 9016)Mbrojtja: IP40Temperatura e pun\u00ebs: Nga -15 \u00b0C deri n\u00eb +60 \u00b0CRezistenca ndaj goditjeve: IK07Kapaciteti i modulit: 4 module EN 50022 [&hellip;]<\/p>","protected":false},"featured_media":2946,"comment_status":"open","ping_status":"closed","template":"","meta":{"_acf_changed":false},"product_brand":[],"product_cat":[40,69],"product_tag":[],"class_list":{"0":"post-2945","1":"product","2":"type-product","3":"status-publish","4":"has-post-thumbnail","6":"product_cat-serite-civile","7":"product_cat-gewiss-system","9":"first","10":"instock","11":"shipping-taxable","12":"product-type-simple"},"acf":[],"_links":{"self":[{"href":"https:\/\/www.brikaelektrik.al\/al\/wp-json\/wp\/v2\/product\/2945","targetHints":{"allow":["GET"]}}],"collection":[{"href":"https:\/\/www.brikaelektrik.al\/al\/wp-json\/wp\/v2\/product"}],"about":[{"href":"https:\/\/www.brikaelektrik.al\/al\/wp-json\/wp\/v2\/types\/product"}],"replies":[{"embeddable":true,"href":"https:\/\/www.brikaelektrik.al\/al\/wp-json\/wp\/v2\/comments?post=2945"}],"wp:featuredmedia":[{"embeddable":true,"href":"https:\/\/www.brikaelektrik.al\/al\/wp-json\/wp\/v2\/media\/2946"}],"wp:attachment":[{"href":"https:\/\/www.brikaelektrik.al\/al\/wp-json\/wp\/v2\/media?parent=2945"}],"wp:term":[{"taxonomy":"product_brand","embeddable":true,"href":"https:\/\/www.brikaelektrik.al\/al\/wp-json\/wp\/v2\/product_brand?post=2945"},{"taxonomy":"product_cat","embeddable":true,"href":"https:\/\/www.brikaelektrik.al\/al\/wp-json\/wp\/v2\/product_cat?post=2945"},{"taxonomy":"product_tag","embeddable":true,"href":"https:\/\/www.brikaelektrik.al\/al\/wp-json\/wp\/v2\/product_tag?post=2945"}],"curies":[{"name":"wp","href":"https:\/\/api.w.org\/{rel}","templated":true}]}}