{"id":2947,"date":"2025-08-19T10:31:19","date_gmt":"2025-08-19T10:31:19","guid":{"rendered":"https:\/\/www.brikaelektrik.al\/?post_type=product&#038;p=2947"},"modified":"2025-08-19T10:31:19","modified_gmt":"2025-08-19T10:31:19","slug":"tapa-fallco-e-bardhe-ipp480","status":"publish","type":"product","link":"https:\/\/www.brikaelektrik.al\/al\/produkt\/tapa-fallco-e-bardhe-ipp480\/","title":{"rendered":"TAPA FALLCO E BARDH\u00cb IPP480"},"content":{"rendered":"<p><strong data-start=\"185\" data-end=\"195\">Seria:<\/strong><span class=\"relative -mx-px my-[-0.2rem] rounded px-px py-[0.2rem] transition-colors duration-100 ease-in-out\">\u00a0Gewiss<\/span><br data-start=\"233\" data-end=\"236\" \/><strong data-start=\"236\" data-end=\"246\">Lloji:<\/strong> <span class=\"relative -mx-px my-[-0.2rem] rounded px-px py-[0.2rem] transition-colors duration-100 ease-in-out\">Copriforo 1 posto \u2013 1 modulo<\/span><br data-start=\"284\" data-end=\"287\" \/><strong data-start=\"287\" data-end=\"298\">Ngjyra:<\/strong> <span class=\"relative -mx-px my-[-0.2rem] rounded px-px py-[0.2rem] transition-colors duration-100 ease-in-out\">Bianco lucido (e bardh\u00eb me shk\u00eblqim)<\/span><br data-start=\"336\" data-end=\"339\" \/><strong data-start=\"339\" data-end=\"353\">Materiali:<\/strong> <span class=\"relative -mx-px my-[-0.2rem] rounded px-px py-[0.2rem] transition-colors duration-100 ease-in-out\">Tehnopolimer<\/span><br data-start=\"393\" data-end=\"396\" \/><strong data-start=\"396\" data-end=\"420\">Temperatura e pun\u00ebs:<\/strong> <span class=\"relative -mx-px my-[-0.2rem] rounded px-px py-[0.2rem] transition-colors duration-100 ease-in-out\">Termopressione con biglia 125 \u00b0C<\/span><br data-start=\"460\" data-end=\"463\" \/><strong data-start=\"463\" data-end=\"494\">Rezistenca ndaj nxeht\u00ebsis\u00eb:<\/strong> <span class=\"relative -mx-px my-[-0.2rem] rounded px-px py-[0.2rem] transition-colors duration-100 ease-in-out\">Resistenza al filo incandescente 850 \u00b0C<\/span><br data-start=\"534\" data-end=\"537\" \/><strong data-start=\"537\" data-end=\"570\">P\u00ebrputhshm\u00ebria me standardin:<\/strong> <span class=\"relative -mx-px my-[-0.2rem] rounded px-px py-[0.2rem] transition-colors duration-100 ease-in-out\">EN 60669-1<\/span><br data-start=\"610\" data-end=\"613\" \/><strong data-start=\"613\" data-end=\"627\">P\u00ebrdorimi:<\/strong> <span class=\"relative -mx-px my-[-0.2rem] rounded px-px py-[0.2rem] transition-colors duration-100 ease-in-out\">Ideal p\u00ebr mbulimin e hap\u00ebsirave t\u00eb pap\u00ebrdorura n\u00eb kutit\u00eb modulare t\u00eb seris\u00eb System White Gewiss<\/span><\/p>","protected":false},"excerpt":{"rendered":"<p>Seria:\u00a0GewissLloji: Copriforo 1 posto \u2013 1 moduloNgjyra: Bianco lucido (e bardh\u00eb me shk\u00eblqim)Materiali: TehnopolimerTemperatura e pun\u00ebs: Termopressione con biglia 125 \u00b0CRezistenca ndaj nxeht\u00ebsis\u00eb: Resistenza al filo incandescente 850 \u00b0CP\u00ebrputhshm\u00ebria me standardin: EN 60669-1P\u00ebrdorimi: Ideal p\u00ebr mbulimin e hap\u00ebsirave t\u00eb pap\u00ebrdorura n\u00eb kutit\u00eb modulare t\u00eb seris\u00eb System White Gewiss<\/p>","protected":false},"featured_media":2948,"comment_status":"open","ping_status":"closed","template":"","meta":{"_acf_changed":false},"product_brand":[],"product_cat":[40,69],"product_tag":[],"class_list":{"0":"post-2947","1":"product","2":"type-product","3":"status-publish","4":"has-post-thumbnail","6":"product_cat-serite-civile","7":"product_cat-gewiss-system","9":"first","10":"instock","11":"shipping-taxable","12":"product-type-simple"},"acf":[],"_links":{"self":[{"href":"https:\/\/www.brikaelektrik.al\/al\/wp-json\/wp\/v2\/product\/2947","targetHints":{"allow":["GET"]}}],"collection":[{"href":"https:\/\/www.brikaelektrik.al\/al\/wp-json\/wp\/v2\/product"}],"about":[{"href":"https:\/\/www.brikaelektrik.al\/al\/wp-json\/wp\/v2\/types\/product"}],"replies":[{"embeddable":true,"href":"https:\/\/www.brikaelektrik.al\/al\/wp-json\/wp\/v2\/comments?post=2947"}],"wp:featuredmedia":[{"embeddable":true,"href":"https:\/\/www.brikaelektrik.al\/al\/wp-json\/wp\/v2\/media\/2948"}],"wp:attachment":[{"href":"https:\/\/www.brikaelektrik.al\/al\/wp-json\/wp\/v2\/media?parent=2947"}],"wp:term":[{"taxonomy":"product_brand","embeddable":true,"href":"https:\/\/www.brikaelektrik.al\/al\/wp-json\/wp\/v2\/product_brand?post=2947"},{"taxonomy":"product_cat","embeddable":true,"href":"https:\/\/www.brikaelektrik.al\/al\/wp-json\/wp\/v2\/product_cat?post=2947"},{"taxonomy":"product_tag","embeddable":true,"href":"https:\/\/www.brikaelektrik.al\/al\/wp-json\/wp\/v2\/product_tag?post=2947"}],"curies":[{"name":"wp","href":"https:\/\/api.w.org\/{rel}","templated":true}]}}