{"id":2950,"date":"2025-08-19T10:37:54","date_gmt":"2025-08-19T10:37:54","guid":{"rendered":"https:\/\/www.brikaelektrik.al\/?post_type=product&#038;p=2950"},"modified":"2025-08-19T10:37:54","modified_gmt":"2025-08-19T10:37:54","slug":"adaptor-1-hyrje-3-dalje-3x16a","status":"publish","type":"product","link":"https:\/\/www.brikaelektrik.al\/al\/produkt\/adaptor-1-hyrje-3-dalje-3x16a\/","title":{"rendered":"ADAPTOR 1 HYRJE &#8211; 3 DALJE 3X16A"},"content":{"rendered":"<p><strong data-start=\"106\" data-end=\"116\">Seria:<\/strong> Gewiss<br data-start=\"123\" data-end=\"126\" \/><strong data-start=\"126\" data-end=\"136\">Lloji:<\/strong> Shp\u00ebrndar\u00ebs me 3 dalje (3-way socket coupler)<br data-start=\"182\" data-end=\"185\" \/><strong data-start=\"185\" data-end=\"206\" data-is-only-node=\"\">Tensioni i pun\u00ebs:<\/strong> 230\u202fV AC<br data-start=\"215\" data-end=\"218\" \/><strong data-start=\"218\" data-end=\"236\">Rryma e pun\u00ebs:<\/strong> 16\u202fA<br data-start=\"241\" data-end=\"244\" \/><strong data-start=\"244\" data-end=\"252\">Pol:<\/strong> 2P+E (dy pol\u00eb + tok\u00ebzim)<br data-start=\"277\" data-end=\"280\" \/><strong data-start=\"280\" data-end=\"294\">Frekuenca:<\/strong> 50\/60\u202fHz<br data-start=\"303\" data-end=\"306\" \/><strong data-start=\"306\" data-end=\"317\">Ngjyra:<\/strong> Blu<br data-start=\"321\" data-end=\"324\" \/><strong data-start=\"324\" data-end=\"338\">Materiali:<\/strong> Tehnopolimer i q\u00ebndruesh\u00ebm ndaj kushteve t\u00eb jashtme<br data-start=\"390\" data-end=\"393\" \/><strong data-start=\"393\" data-end=\"406\">Mbrojtja:<\/strong> IP67 \u2013 i pap\u00ebrshkuesh\u00ebm nga pluhuri dhe i mbrojtur kund\u00ebr zhytjes n\u00eb uj\u00eb deri n\u00eb 1 met\u00ebr thell\u00ebsi<br data-start=\"504\" data-end=\"507\" \/><strong data-start=\"507\" data-end=\"521\">P\u00ebrdorimi:<\/strong> Ideal p\u00ebr instalime t\u00eb p\u00ebrkohshme dhe lidhje mobile n\u00eb kushte t\u00eb jashtme, si kantier nd\u00ebrtimi, ngjarje, kampingje, etj.<br data-start=\"641\" data-end=\"644\" \/><strong data-start=\"644\" data-end=\"656\">Montimi:<\/strong> Plug-in (i lidhur direkt me nj\u00eb priz\u00eb industriale IEC 309)<br data-start=\"715\" data-end=\"718\" \/><strong data-start=\"718\" data-end=\"751\">P\u00ebrputhshm\u00ebria me standardin:<\/strong> IEC 309<\/p>","protected":false},"excerpt":{"rendered":"<p>Seria: GewissLloji: Shp\u00ebrndar\u00ebs me 3 dalje (3-way socket coupler)Tensioni i pun\u00ebs: 230\u202fV ACRryma e pun\u00ebs: 16\u202fAPol: 2P+E (dy pol\u00eb + tok\u00ebzim)Frekuenca: 50\/60\u202fHzNgjyra: BluMateriali: Tehnopolimer i q\u00ebndruesh\u00ebm ndaj kushteve t\u00eb jashtmeMbrojtja: IP67 \u2013 i pap\u00ebrshkuesh\u00ebm nga pluhuri dhe i mbrojtur kund\u00ebr zhytjes n\u00eb uj\u00eb deri n\u00eb 1 met\u00ebr thell\u00ebsiP\u00ebrdorimi: Ideal p\u00ebr instalime t\u00eb p\u00ebrkohshme dhe lidhje [&hellip;]<\/p>","protected":false},"featured_media":2951,"comment_status":"open","ping_status":"closed","template":"","meta":{"_acf_changed":false},"product_brand":[],"product_cat":[40,69],"product_tag":[],"class_list":{"0":"post-2950","1":"product","2":"type-product","3":"status-publish","4":"has-post-thumbnail","6":"product_cat-serite-civile","7":"product_cat-gewiss-system","9":"first","10":"instock","11":"shipping-taxable","12":"product-type-simple"},"acf":[],"_links":{"self":[{"href":"https:\/\/www.brikaelektrik.al\/al\/wp-json\/wp\/v2\/product\/2950","targetHints":{"allow":["GET"]}}],"collection":[{"href":"https:\/\/www.brikaelektrik.al\/al\/wp-json\/wp\/v2\/product"}],"about":[{"href":"https:\/\/www.brikaelektrik.al\/al\/wp-json\/wp\/v2\/types\/product"}],"replies":[{"embeddable":true,"href":"https:\/\/www.brikaelektrik.al\/al\/wp-json\/wp\/v2\/comments?post=2950"}],"wp:featuredmedia":[{"embeddable":true,"href":"https:\/\/www.brikaelektrik.al\/al\/wp-json\/wp\/v2\/media\/2951"}],"wp:attachment":[{"href":"https:\/\/www.brikaelektrik.al\/al\/wp-json\/wp\/v2\/media?parent=2950"}],"wp:term":[{"taxonomy":"product_brand","embeddable":true,"href":"https:\/\/www.brikaelektrik.al\/al\/wp-json\/wp\/v2\/product_brand?post=2950"},{"taxonomy":"product_cat","embeddable":true,"href":"https:\/\/www.brikaelektrik.al\/al\/wp-json\/wp\/v2\/product_cat?post=2950"},{"taxonomy":"product_tag","embeddable":true,"href":"https:\/\/www.brikaelektrik.al\/al\/wp-json\/wp\/v2\/product_tag?post=2950"}],"curies":[{"name":"wp","href":"https:\/\/api.w.org\/{rel}","templated":true}]}}