{"id":2953,"date":"2025-08-19T10:40:29","date_gmt":"2025-08-19T10:40:29","guid":{"rendered":"https:\/\/www.brikaelektrik.al\/?post_type=product&#038;p=2953"},"modified":"2025-08-19T10:40:29","modified_gmt":"2025-08-19T10:40:29","slug":"adaptor-1-hyrje-2-dalje-3x16a","status":"publish","type":"product","link":"https:\/\/www.brikaelektrik.al\/al\/produkt\/adaptor-1-hyrje-2-dalje-3x16a\/","title":{"rendered":"ADAPTOR 1 HYRJE &#8211; 2 DALJE 3X16A"},"content":{"rendered":"<p><strong data-start=\"140\" data-end=\"150\">Seria:<\/strong> <span class=\"relative -mx-px my-[-0.2rem] rounded px-px py-[0.2rem] transition-colors duration-100 ease-in-out\">Gewiss<\/span><br data-start=\"188\" data-end=\"191\" \/><strong data-start=\"191\" data-end=\"201\">Lloji:<\/strong> <span class=\"relative -mx-px my-[-0.2rem] rounded px-px py-[0.2rem] transition-colors duration-100 ease-in-out\">Shp\u00ebrndar\u00ebs me 2 dalje (2-way socket coupler)<\/span><br data-start=\"239\" data-end=\"242\" \/><strong data-start=\"242\" data-end=\"263\" data-is-only-node=\"\">Tensioni i pun\u00ebs:<\/strong> <span class=\"relative -mx-px my-[-0.2rem] rounded px-px py-[0.2rem] transition-colors duration-100 ease-in-out\">230\u202fV AC<\/span><br data-start=\"301\" data-end=\"304\" \/><strong data-start=\"304\" data-end=\"322\">Rryma e pun\u00ebs:<\/strong> 16\u202fA<br data-start=\"327\" data-end=\"330\" \/><strong data-start=\"330\" data-end=\"338\">Pol:<\/strong> <span class=\"relative -mx-px my-[-0.2rem] rounded px-px py-[0.2rem] transition-colors duration-100 ease-in-out\">2P+E (dy pol\u00eb + tok\u00ebzim)<\/span><br data-start=\"378\" data-end=\"381\" \/><strong data-start=\"381\" data-end=\"395\">Frekuenca:<\/strong> <span class=\"relative -mx-px my-[-0.2rem] rounded px-px py-[0.2rem] transition-colors duration-100 ease-in-out\">50\/60\u202fHz<\/span><br data-start=\"435\" data-end=\"438\" \/><strong data-start=\"438\" data-end=\"449\">Ngjyra:<\/strong> Blu<br data-start=\"453\" data-end=\"456\" \/><strong data-start=\"456\" data-end=\"470\">Materiali:<\/strong> <span class=\"relative -mx-px my-[-0.2rem] rounded px-px py-[0.2rem] transition-colors duration-100 ease-in-out\">Tehnopolimer i q\u00ebndruesh\u00ebm ndaj kushteve t\u00eb jashtme<\/span><br data-start=\"510\" data-end=\"513\" \/><strong data-start=\"513\" data-end=\"526\">Mbrojtja:<\/strong> <span class=\"relative -mx-px my-[-0.2rem] rounded px-px py-[0.2rem] transition-colors duration-100 ease-in-out\">IP67 \u2013 i pap\u00ebrshkuesh\u00ebm nga pluhuri dhe i mbrojtur kund\u00ebr zhytjes n\u00eb uj\u00eb deri n\u00eb 1 met\u00ebr thell\u00ebsi<\/span><br data-start=\"566\" data-end=\"569\" \/><strong data-start=\"569\" data-end=\"583\">P\u00ebrdorimi:<\/strong> <span class=\"relative -mx-px my-[-0.2rem] rounded px-px py-[0.2rem] transition-colors duration-100 ease-in-out\">Ideal p\u00ebr instalime t\u00eb p\u00ebrkohshme dhe lidhje mobile n\u00eb kushte t\u00eb jashtme, si kantier nd\u00ebrtimi, ngjarje, kampingje, etj.<\/span><br data-start=\"623\" data-end=\"626\" \/><strong data-start=\"626\" data-end=\"638\">Montimi:<\/strong> <span class=\"relative -mx-px my-[-0.2rem] rounded px-px py-[0.2rem] transition-colors duration-100 ease-in-out\">Plug-in (i lidhur direkt me nj\u00eb priz\u00eb industriale IEC 309)<\/span><br data-start=\"678\" data-end=\"681\" \/><strong data-start=\"681\" data-end=\"714\">P\u00ebrputhshm\u00ebria me standardin:<\/strong> <span class=\"relative -mx-px my-[-0.2rem] rounded px-px py-[0.2rem] transition-colors duration-100 ease-in-out\">IEC 309<\/span><\/p>","protected":false},"excerpt":{"rendered":"<p>Seria: GewissLloji: Shp\u00ebrndar\u00ebs me 2 dalje (2-way socket coupler)Tensioni i pun\u00ebs: 230\u202fV ACRryma e pun\u00ebs: 16\u202fAPol: 2P+E (dy pol\u00eb + tok\u00ebzim)Frekuenca: 50\/60\u202fHzNgjyra: BluMateriali: Tehnopolimer i q\u00ebndruesh\u00ebm ndaj kushteve t\u00eb jashtmeMbrojtja: IP67 \u2013 i pap\u00ebrshkuesh\u00ebm nga pluhuri dhe i mbrojtur kund\u00ebr zhytjes n\u00eb uj\u00eb deri n\u00eb 1 met\u00ebr thell\u00ebsiP\u00ebrdorimi: Ideal p\u00ebr instalime t\u00eb p\u00ebrkohshme dhe lidhje [&hellip;]<\/p>","protected":false},"featured_media":2954,"comment_status":"open","ping_status":"closed","template":"","meta":{"_acf_changed":false},"product_brand":[],"product_cat":[40,69],"product_tag":[],"class_list":{"0":"post-2953","1":"product","2":"type-product","3":"status-publish","4":"has-post-thumbnail","6":"product_cat-serite-civile","7":"product_cat-gewiss-system","9":"first","10":"instock","11":"shipping-taxable","12":"product-type-simple"},"acf":[],"_links":{"self":[{"href":"https:\/\/www.brikaelektrik.al\/al\/wp-json\/wp\/v2\/product\/2953","targetHints":{"allow":["GET"]}}],"collection":[{"href":"https:\/\/www.brikaelektrik.al\/al\/wp-json\/wp\/v2\/product"}],"about":[{"href":"https:\/\/www.brikaelektrik.al\/al\/wp-json\/wp\/v2\/types\/product"}],"replies":[{"embeddable":true,"href":"https:\/\/www.brikaelektrik.al\/al\/wp-json\/wp\/v2\/comments?post=2953"}],"wp:featuredmedia":[{"embeddable":true,"href":"https:\/\/www.brikaelektrik.al\/al\/wp-json\/wp\/v2\/media\/2954"}],"wp:attachment":[{"href":"https:\/\/www.brikaelektrik.al\/al\/wp-json\/wp\/v2\/media?parent=2953"}],"wp:term":[{"taxonomy":"product_brand","embeddable":true,"href":"https:\/\/www.brikaelektrik.al\/al\/wp-json\/wp\/v2\/product_brand?post=2953"},{"taxonomy":"product_cat","embeddable":true,"href":"https:\/\/www.brikaelektrik.al\/al\/wp-json\/wp\/v2\/product_cat?post=2953"},{"taxonomy":"product_tag","embeddable":true,"href":"https:\/\/www.brikaelektrik.al\/al\/wp-json\/wp\/v2\/product_tag?post=2953"}],"curies":[{"name":"wp","href":"https:\/\/api.w.org\/{rel}","templated":true}]}}