{"id":2961,"date":"2025-08-19T10:53:35","date_gmt":"2025-08-19T10:53:35","guid":{"rendered":"https:\/\/www.brikaelektrik.al\/?post_type=product&#038;p=2961"},"modified":"2025-08-19T10:53:35","modified_gmt":"2025-08-19T10:53:35","slug":"kuti-rrethore-cp-2p-gipsi-jeshile","status":"publish","type":"product","link":"https:\/\/www.brikaelektrik.al\/al\/produkt\/kuti-rrethore-cp-2p-gipsi-jeshile\/","title":{"rendered":"KUTI RRETHORE C+P 2P GIPSI JESHILE"},"content":{"rendered":"<p><strong data-start=\"157\" data-end=\"167\">Seria:<\/strong> Gewiss<br data-start=\"174\" data-end=\"177\" \/><strong data-start=\"177\" data-end=\"187\">Lloji:<\/strong> Box i rrumbullak\u00ebt p\u00ebr montim t\u00eb thell\u00eb n\u00eb mure gipsi<br data-start=\"241\" data-end=\"244\" \/><strong data-start=\"244\" data-end=\"257\">P\u00ebrmasat:<\/strong> \u00d865 x 45 mm<br data-start=\"269\" data-end=\"272\" data-is-only-node=\"\" \/><strong data-start=\"272\" data-end=\"283\">Ngjyra:<\/strong> E gjelb\u00ebr<br data-start=\"293\" data-end=\"296\" \/><strong data-start=\"296\" data-end=\"310\">Materiali:<\/strong> Tehnopolimer i vet\u00eb-shuar\u00eb, pa halogjen<br data-start=\"350\" data-end=\"353\" \/><strong data-start=\"353\" data-end=\"366\">Mbrojtja:<\/strong> IP20 \u2013 i pap\u00ebrshkuesh\u00ebm nga pluhuri<br data-start=\"402\" data-end=\"405\" \/><strong data-start=\"405\" data-end=\"429\">Temperatura e pun\u00ebs:<\/strong> -25\u202f\u00b0C deri n\u00eb +55\u202f\u00b0C<br data-start=\"451\" data-end=\"454\" \/><strong data-start=\"454\" data-end=\"478\">Rezistenca mekanike:<\/strong> IK09 \u2013 i q\u00ebndruesh\u00ebm ndaj goditjeve mekanike<br data-start=\"523\" data-end=\"526\" \/><strong data-start=\"526\" data-end=\"540\">Instalimi:<\/strong> P\u00ebr p\u00ebrdorim n\u00eb mure gipsi dhe mure t\u00eb lehta<br data-start=\"585\" data-end=\"588\" \/><strong data-start=\"588\" data-end=\"621\">P\u00ebrputhshm\u00ebria me standardet:<\/strong> CEI 23-49<br data-start=\"631\" data-end=\"634\" \/><br data-start=\"733\" data-end=\"736\" \/><\/p>","protected":false},"excerpt":{"rendered":"<p>Seria: GewissLloji: Box i rrumbullak\u00ebt p\u00ebr montim t\u00eb thell\u00eb n\u00eb mure gipsiP\u00ebrmasat: \u00d865 x 45 mmNgjyra: E gjelb\u00ebrMateriali: Tehnopolimer i vet\u00eb-shuar\u00eb, pa halogjenMbrojtja: IP20 \u2013 i pap\u00ebrshkuesh\u00ebm nga pluhuriTemperatura e pun\u00ebs: -25\u202f\u00b0C deri n\u00eb +55\u202f\u00b0CRezistenca mekanike: IK09 \u2013 i q\u00ebndruesh\u00ebm ndaj goditjeve mekanikeInstalimi: P\u00ebr p\u00ebrdorim n\u00eb mure gipsi dhe mure t\u00eb lehtaP\u00ebrputhshm\u00ebria me standardet: CEI [&hellip;]<\/p>","protected":false},"featured_media":2962,"comment_status":"open","ping_status":"closed","template":"","meta":{"_acf_changed":false},"product_brand":[],"product_cat":[40,69],"product_tag":[],"class_list":{"0":"post-2961","1":"product","2":"type-product","3":"status-publish","4":"has-post-thumbnail","6":"product_cat-serite-civile","7":"product_cat-gewiss-system","9":"first","10":"instock","11":"shipping-taxable","12":"product-type-simple"},"acf":[],"_links":{"self":[{"href":"https:\/\/www.brikaelektrik.al\/al\/wp-json\/wp\/v2\/product\/2961","targetHints":{"allow":["GET"]}}],"collection":[{"href":"https:\/\/www.brikaelektrik.al\/al\/wp-json\/wp\/v2\/product"}],"about":[{"href":"https:\/\/www.brikaelektrik.al\/al\/wp-json\/wp\/v2\/types\/product"}],"replies":[{"embeddable":true,"href":"https:\/\/www.brikaelektrik.al\/al\/wp-json\/wp\/v2\/comments?post=2961"}],"wp:featuredmedia":[{"embeddable":true,"href":"https:\/\/www.brikaelektrik.al\/al\/wp-json\/wp\/v2\/media\/2962"}],"wp:attachment":[{"href":"https:\/\/www.brikaelektrik.al\/al\/wp-json\/wp\/v2\/media?parent=2961"}],"wp:term":[{"taxonomy":"product_brand","embeddable":true,"href":"https:\/\/www.brikaelektrik.al\/al\/wp-json\/wp\/v2\/product_brand?post=2961"},{"taxonomy":"product_cat","embeddable":true,"href":"https:\/\/www.brikaelektrik.al\/al\/wp-json\/wp\/v2\/product_cat?post=2961"},{"taxonomy":"product_tag","embeddable":true,"href":"https:\/\/www.brikaelektrik.al\/al\/wp-json\/wp\/v2\/product_tag?post=2961"}],"curies":[{"name":"wp","href":"https:\/\/api.w.org\/{rel}","templated":true}]}}