{"id":2963,"date":"2025-08-19T10:58:26","date_gmt":"2025-08-19T10:58:26","guid":{"rendered":"https:\/\/www.brikaelektrik.al\/?post_type=product&#038;p=2963"},"modified":"2025-08-19T10:58:26","modified_gmt":"2025-08-19T10:58:26","slug":"suport-kapak-4p-hermetik-ip65-i-bardhe","status":"publish","type":"product","link":"https:\/\/www.brikaelektrik.al\/al\/produkt\/suport-kapak-4p-hermetik-ip65-i-bardhe\/","title":{"rendered":"SUPORT + KAPAK 4P HERMETIK IP65 I BARDH\u00cb"},"content":{"rendered":"<p><strong data-start=\"200\" data-end=\"210\">Seria:<\/strong> Gewiss<br data-start=\"217\" data-end=\"220\" \/><strong data-start=\"220\" data-end=\"230\">Lloji:<\/strong> Pllak\u00eb e pap\u00ebrshkueshme nga uji, vet\u00eb-mb\u00ebshtet\u00ebse, 4 vende<br data-start=\"289\" data-end=\"292\" \/><strong data-start=\"292\" data-end=\"303\">Ngjyra:<\/strong> E bardh\u00eb e re (Cloud White)<br data-start=\"331\" data-end=\"334\" \/><strong data-start=\"334\" data-end=\"348\" data-is-only-node=\"\">Materiali:<\/strong> Tehnopolimer i vet\u00eb-shuar\u00eb, pa halogjen<br data-start=\"388\" data-end=\"391\" \/><strong data-start=\"391\" data-end=\"404\">Mbrojtja:<\/strong> IP55 \u2013 i pap\u00ebrshkuesh\u00ebm nga pluhuri dhe i mbrojtur kund\u00ebr sp\u00ebrkatjes s\u00eb ujit<br data-start=\"481\" data-end=\"484\" \/><strong data-start=\"484\" data-end=\"508\">Temperatura e pun\u00ebs:<\/strong> -25\u202f\u00b0C deri n\u00eb +60\u202f\u00b0C<br data-start=\"530\" data-end=\"533\" \/><strong data-start=\"533\" data-end=\"557\">Rezistenca mekanike:<\/strong> IK07 \u2013 i q\u00ebndruesh\u00ebm ndaj goditjeve mekanike<br data-start=\"602\" data-end=\"605\" \/><strong data-start=\"605\" data-end=\"655\">Testi i fijeve t\u00eb nxeht\u00ebsis\u00eb (Glow wire test):<\/strong> 650\u202f\u00b0C<br data-start=\"662\" data-end=\"665\" \/><strong data-start=\"665\" data-end=\"715\">Testi i presionit me top (Ball pressure test):<\/strong> 70\u202f\u00b0C<br data-start=\"721\" data-end=\"724\" \/><strong data-start=\"724\" data-end=\"735\">Lidhja:<\/strong> Me vida (screw terminals)<br data-start=\"761\" data-end=\"764\" \/><strong data-start=\"764\" data-end=\"797\">P\u00ebrputhshm\u00ebria me standardet:<\/strong> EN 60669-1<br data-start=\"808\" data-end=\"811\" \/><strong data-start=\"811\" data-end=\"825\">P\u00ebrdorimi:<\/strong> I p\u00ebrshtatsh\u00ebm p\u00ebr instalimin e moduleve t\u00eb seris\u00eb Gewiss SYSTEM<br data-start=\"890\" data-end=\"893\" \/><strong data-start=\"893\" data-end=\"907\">Instalimi:<\/strong> P\u00ebr p\u00ebrdorim n\u00eb kutit\u00eb e montimit t\u00eb thell\u00eb GW24404 dhe GW24404PM<\/p>","protected":false},"excerpt":{"rendered":"<p>Seria: GewissLloji: Pllak\u00eb e pap\u00ebrshkueshme nga uji, vet\u00eb-mb\u00ebshtet\u00ebse, 4 vendeNgjyra: E bardh\u00eb e re (Cloud White)Materiali: Tehnopolimer i vet\u00eb-shuar\u00eb, pa halogjenMbrojtja: IP55 \u2013 i pap\u00ebrshkuesh\u00ebm nga pluhuri dhe i mbrojtur kund\u00ebr sp\u00ebrkatjes s\u00eb ujitTemperatura e pun\u00ebs: -25\u202f\u00b0C deri n\u00eb +60\u202f\u00b0CRezistenca mekanike: IK07 \u2013 i q\u00ebndruesh\u00ebm ndaj goditjeve mekanikeTesti i fijeve t\u00eb nxeht\u00ebsis\u00eb (Glow wire test): [&hellip;]<\/p>","protected":false},"featured_media":2964,"comment_status":"open","ping_status":"closed","template":"","meta":{"_acf_changed":false},"product_brand":[],"product_cat":[40,69],"product_tag":[],"class_list":{"0":"post-2963","1":"product","2":"type-product","3":"status-publish","4":"has-post-thumbnail","6":"product_cat-serite-civile","7":"product_cat-gewiss-system","9":"first","10":"instock","11":"shipping-taxable","12":"product-type-simple"},"acf":[],"_links":{"self":[{"href":"https:\/\/www.brikaelektrik.al\/al\/wp-json\/wp\/v2\/product\/2963","targetHints":{"allow":["GET"]}}],"collection":[{"href":"https:\/\/www.brikaelektrik.al\/al\/wp-json\/wp\/v2\/product"}],"about":[{"href":"https:\/\/www.brikaelektrik.al\/al\/wp-json\/wp\/v2\/types\/product"}],"replies":[{"embeddable":true,"href":"https:\/\/www.brikaelektrik.al\/al\/wp-json\/wp\/v2\/comments?post=2963"}],"wp:featuredmedia":[{"embeddable":true,"href":"https:\/\/www.brikaelektrik.al\/al\/wp-json\/wp\/v2\/media\/2964"}],"wp:attachment":[{"href":"https:\/\/www.brikaelektrik.al\/al\/wp-json\/wp\/v2\/media?parent=2963"}],"wp:term":[{"taxonomy":"product_brand","embeddable":true,"href":"https:\/\/www.brikaelektrik.al\/al\/wp-json\/wp\/v2\/product_brand?post=2963"},{"taxonomy":"product_cat","embeddable":true,"href":"https:\/\/www.brikaelektrik.al\/al\/wp-json\/wp\/v2\/product_cat?post=2963"},{"taxonomy":"product_tag","embeddable":true,"href":"https:\/\/www.brikaelektrik.al\/al\/wp-json\/wp\/v2\/product_tag?post=2963"}],"curies":[{"name":"wp","href":"https:\/\/api.w.org\/{rel}","templated":true}]}}