{"id":2966,"date":"2025-08-19T11:01:34","date_gmt":"2025-08-19T11:01:34","guid":{"rendered":"https:\/\/www.brikaelektrik.al\/?post_type=product&#038;p=2966"},"modified":"2025-08-19T11:01:34","modified_gmt":"2025-08-19T11:01:34","slug":"suport-kapak-4p-hermetik-ip65-i-zi","status":"publish","type":"product","link":"https:\/\/www.brikaelektrik.al\/al\/produkt\/suport-kapak-4p-hermetik-ip65-i-zi\/","title":{"rendered":"SUPORT + KAPAK 4P HERMETIK IP65 I ZI"},"content":{"rendered":"<p><strong data-start=\"160\" data-end=\"170\">Seria:<\/strong> Gewiss<br data-start=\"177\" data-end=\"180\" \/><strong data-start=\"180\" data-end=\"190\">Lloji:<\/strong> Pllak\u00eb e pap\u00ebrshkueshme nga uji, vet\u00eb-mb\u00ebshtet\u00ebse, 4 vende<br data-start=\"249\" data-end=\"252\" \/><strong data-start=\"252\" data-end=\"263\">Ngjyra:<\/strong> E zez\u00eb (Toner Black)<br data-start=\"284\" data-end=\"287\" data-is-only-node=\"\" \/><strong data-start=\"287\" data-end=\"301\">Materiali:<\/strong> Tehnopolimer i vet\u00eb-shuar\u00eb, pa halogjen<br data-start=\"341\" data-end=\"344\" \/><strong data-start=\"344\" data-end=\"357\">Mbrojtja:<\/strong> IP55 \u2013 i pap\u00ebrshkuesh\u00ebm nga pluhuri dhe i mbrojtur kund\u00ebr sp\u00ebrkatjes s\u00eb ujit<br data-start=\"434\" data-end=\"437\" \/><strong data-start=\"437\" data-end=\"461\">Temperatura e pun\u00ebs:<\/strong> -25\u202f\u00b0C deri n\u00eb +60\u202f\u00b0C<br data-start=\"483\" data-end=\"486\" \/><strong data-start=\"486\" data-end=\"510\">Rezistenca mekanike:<\/strong> IK07 \u2013 i q\u00ebndruesh\u00ebm ndaj goditjeve mekanike<br data-start=\"555\" data-end=\"558\" \/><strong data-start=\"558\" data-end=\"608\">Testi i fijeve t\u00eb nxeht\u00ebsis\u00eb (Glow wire test):<\/strong> 650\u202f\u00b0C<br data-start=\"615\" data-end=\"618\" \/><strong data-start=\"618\" data-end=\"668\">Testi i presionit me top (Ball pressure test):<\/strong> 70\u202f\u00b0C<br data-start=\"674\" data-end=\"677\" \/><strong data-start=\"677\" data-end=\"688\">Lidhja:<\/strong> Me vida (screw terminals)<br data-start=\"714\" data-end=\"717\" \/><strong data-start=\"717\" data-end=\"750\">P\u00ebrputhshm\u00ebria me standardet:<\/strong> EN 60669-1<br data-start=\"761\" data-end=\"764\" \/><strong data-start=\"764\" data-end=\"778\">P\u00ebrdorimi:<\/strong> I p\u00ebrshtatsh\u00ebm p\u00ebr instalimin e moduleve t\u00eb seris\u00eb Gewiss SYSTEM<br data-start=\"843\" data-end=\"846\" \/><strong data-start=\"846\" data-end=\"860\">Instalimi:<\/strong> P\u00ebr p\u00ebrdorim n\u00eb kutit\u00eb e montimit t\u00eb thell\u00eb GW24404 dhe GW24404PM<\/p>","protected":false},"excerpt":{"rendered":"<p>Seria: GewissLloji: Pllak\u00eb e pap\u00ebrshkueshme nga uji, vet\u00eb-mb\u00ebshtet\u00ebse, 4 vendeNgjyra: E zez\u00eb (Toner Black)Materiali: Tehnopolimer i vet\u00eb-shuar\u00eb, pa halogjenMbrojtja: IP55 \u2013 i pap\u00ebrshkuesh\u00ebm nga pluhuri dhe i mbrojtur kund\u00ebr sp\u00ebrkatjes s\u00eb ujitTemperatura e pun\u00ebs: -25\u202f\u00b0C deri n\u00eb +60\u202f\u00b0CRezistenca mekanike: IK07 \u2013 i q\u00ebndruesh\u00ebm ndaj goditjeve mekanikeTesti i fijeve t\u00eb nxeht\u00ebsis\u00eb (Glow wire test): 650\u202f\u00b0CTesti i [&hellip;]<\/p>","protected":false},"featured_media":2967,"comment_status":"open","ping_status":"closed","template":"","meta":{"_acf_changed":false},"product_brand":[],"product_cat":[40,69],"product_tag":[],"class_list":{"0":"post-2966","1":"product","2":"type-product","3":"status-publish","4":"has-post-thumbnail","6":"product_cat-serite-civile","7":"product_cat-gewiss-system","9":"first","10":"instock","11":"shipping-taxable","12":"product-type-simple"},"acf":[],"_links":{"self":[{"href":"https:\/\/www.brikaelektrik.al\/al\/wp-json\/wp\/v2\/product\/2966","targetHints":{"allow":["GET"]}}],"collection":[{"href":"https:\/\/www.brikaelektrik.al\/al\/wp-json\/wp\/v2\/product"}],"about":[{"href":"https:\/\/www.brikaelektrik.al\/al\/wp-json\/wp\/v2\/types\/product"}],"replies":[{"embeddable":true,"href":"https:\/\/www.brikaelektrik.al\/al\/wp-json\/wp\/v2\/comments?post=2966"}],"wp:featuredmedia":[{"embeddable":true,"href":"https:\/\/www.brikaelektrik.al\/al\/wp-json\/wp\/v2\/media\/2967"}],"wp:attachment":[{"href":"https:\/\/www.brikaelektrik.al\/al\/wp-json\/wp\/v2\/media?parent=2966"}],"wp:term":[{"taxonomy":"product_brand","embeddable":true,"href":"https:\/\/www.brikaelektrik.al\/al\/wp-json\/wp\/v2\/product_brand?post=2966"},{"taxonomy":"product_cat","embeddable":true,"href":"https:\/\/www.brikaelektrik.al\/al\/wp-json\/wp\/v2\/product_cat?post=2966"},{"taxonomy":"product_tag","embeddable":true,"href":"https:\/\/www.brikaelektrik.al\/al\/wp-json\/wp\/v2\/product_tag?post=2966"}],"curies":[{"name":"wp","href":"https:\/\/api.w.org\/{rel}","templated":true}]}}