{"id":2972,"date":"2025-08-19T11:37:16","date_gmt":"2025-08-19T11:37:16","guid":{"rendered":"https:\/\/www.brikaelektrik.al\/?post_type=product&#038;p=2972"},"modified":"2025-08-19T11:37:16","modified_gmt":"2025-08-19T11:37:16","slug":"kuti-industriale-14-module-6-priza-16-32a-ip44-67","status":"publish","type":"product","link":"https:\/\/www.brikaelektrik.al\/al\/produkt\/kuti-industriale-14-module-6-priza-16-32a-ip44-67\/","title":{"rendered":"KUTI INDUSTRIALE 14 MODULE &amp; 6 PRIZA 16\/32A IP44\/67"},"content":{"rendered":"<p><strong data-start=\"144\" data-end=\"154\">Seria:<\/strong> Gewiss<br data-start=\"161\" data-end=\"164\" \/><strong data-start=\"164\" data-end=\"174\">Lloji:<\/strong> Panel shp\u00ebrndar\u00ebs i montuar n\u00eb sip\u00ebrfaqe<br data-start=\"215\" data-end=\"218\" \/><strong data-start=\"218\" data-end=\"231\">P\u00ebrmasat:<\/strong> 320\u202fmm (gjer\u00ebsi) x 510\u202fmm (lart\u00ebsi) x 120\u202fmm (thell\u00ebsi)<br data-start=\"287\" data-end=\"290\" data-is-only-node=\"\" \/><strong data-start=\"290\" data-end=\"301\">Ngjyra:<\/strong> Gri RAL 7035<br data-start=\"314\" data-end=\"317\" \/><strong data-start=\"317\" data-end=\"331\">Materiali:<\/strong> Plastike teknopolimer i vet\u00eb-shuar\u00eb, pa halogjen<br data-start=\"380\" data-end=\"383\" \/><strong data-start=\"383\" data-end=\"396\">Mbrojtja:<\/strong> IP65 \u2013 i pap\u00ebrshkuesh\u00ebm nga pluhuri dhe i mbrojtur kund\u00ebr sp\u00ebrkatjes s\u00eb ujit<br data-start=\"473\" data-end=\"476\" \/><strong data-start=\"476\" data-end=\"500\">Temperatura e pun\u00ebs:<\/strong> -25\u202f\u00b0C deri n\u00eb +40\u202f\u00b0C<br data-start=\"522\" data-end=\"525\" \/><strong data-start=\"525\" data-end=\"549\">Rezistenca mekanike:<\/strong> IK08 \u2013 i q\u00ebndruesh\u00ebm ndaj goditjeve mekanike<br data-start=\"594\" data-end=\"597\" \/><strong data-start=\"597\" data-end=\"647\">Testi i fijeve t\u00eb nxeht\u00ebsis\u00eb (Glow Wire test):<\/strong> 650\u202f\u00b0C<br data-start=\"654\" data-end=\"657\" \/><strong data-start=\"657\" data-end=\"707\">Testi i presionit me top (Ball pressure test):<\/strong> 70\u202f\u00b0C<br data-start=\"713\" data-end=\"716\" \/><strong data-start=\"716\" data-end=\"737\">Klasa e izolimit:<\/strong> II<br data-start=\"740\" data-end=\"743\" \/><strong data-start=\"743\" data-end=\"754\">Lidhja:<\/strong> Me vida (screw terminals)<br data-start=\"780\" data-end=\"783\" \/><strong data-start=\"783\" data-end=\"815\">Kapaciteti i lidhjes me tel:<\/strong> 1\u20132.5\u202fmm\u00b2 p\u00ebr tel fleksib\u00ebl; 1.5\u20134\u202fmm\u00b2 p\u00ebr tel t\u00eb ngurt\u00eb<br data-start=\"872\" data-end=\"875\" \/><strong data-start=\"875\" data-end=\"911\">Kapaciteti i kap\u00ebses s\u00eb kabllit:<\/strong> 7.5\u201313.8\u202fmm<br data-start=\"923\" data-end=\"926\" \/><strong data-start=\"926\" data-end=\"962\">Numri i moduleve DIN (EN 50022):<\/strong> 14<br data-start=\"965\" data-end=\"968\" \/><strong data-start=\"968\" data-end=\"1001\">Numri i flangave t\u00eb montimit:<\/strong> 6<br data-start=\"1003\" data-end=\"1006\" \/><strong data-start=\"1006\" data-end=\"1042\">Numri i prizave t\u00eb p\u00ebrshtatshme:<\/strong> 6 x IEC 309 16A\/32A IP44\/67<br data-start=\"1070\" data-end=\"1073\" \/><strong data-start=\"1073\" data-end=\"1106\">P\u00ebrputhshm\u00ebria me standardet:<\/strong> EN 62208<\/p>","protected":false},"excerpt":{"rendered":"<p>Seria: GewissLloji: Panel shp\u00ebrndar\u00ebs i montuar n\u00eb sip\u00ebrfaqeP\u00ebrmasat: 320\u202fmm (gjer\u00ebsi) x 510\u202fmm (lart\u00ebsi) x 120\u202fmm (thell\u00ebsi)Ngjyra: Gri RAL 7035Materiali: Plastike teknopolimer i vet\u00eb-shuar\u00eb, pa halogjenMbrojtja: IP65 \u2013 i pap\u00ebrshkuesh\u00ebm nga pluhuri dhe i mbrojtur kund\u00ebr sp\u00ebrkatjes s\u00eb ujitTemperatura e pun\u00ebs: -25\u202f\u00b0C deri n\u00eb +40\u202f\u00b0CRezistenca mekanike: IK08 \u2013 i q\u00ebndruesh\u00ebm ndaj goditjeve mekanikeTesti i fijeve t\u00eb [&hellip;]<\/p>","protected":false},"featured_media":2973,"comment_status":"open","ping_status":"closed","template":"","meta":{"_acf_changed":false},"product_brand":[],"product_cat":[40,69],"product_tag":[],"class_list":{"0":"post-2972","1":"product","2":"type-product","3":"status-publish","4":"has-post-thumbnail","6":"product_cat-serite-civile","7":"product_cat-gewiss-system","9":"first","10":"instock","11":"shipping-taxable","12":"product-type-simple"},"acf":[],"_links":{"self":[{"href":"https:\/\/www.brikaelektrik.al\/al\/wp-json\/wp\/v2\/product\/2972","targetHints":{"allow":["GET"]}}],"collection":[{"href":"https:\/\/www.brikaelektrik.al\/al\/wp-json\/wp\/v2\/product"}],"about":[{"href":"https:\/\/www.brikaelektrik.al\/al\/wp-json\/wp\/v2\/types\/product"}],"replies":[{"embeddable":true,"href":"https:\/\/www.brikaelektrik.al\/al\/wp-json\/wp\/v2\/comments?post=2972"}],"wp:featuredmedia":[{"embeddable":true,"href":"https:\/\/www.brikaelektrik.al\/al\/wp-json\/wp\/v2\/media\/2973"}],"wp:attachment":[{"href":"https:\/\/www.brikaelektrik.al\/al\/wp-json\/wp\/v2\/media?parent=2972"}],"wp:term":[{"taxonomy":"product_brand","embeddable":true,"href":"https:\/\/www.brikaelektrik.al\/al\/wp-json\/wp\/v2\/product_brand?post=2972"},{"taxonomy":"product_cat","embeddable":true,"href":"https:\/\/www.brikaelektrik.al\/al\/wp-json\/wp\/v2\/product_cat?post=2972"},{"taxonomy":"product_tag","embeddable":true,"href":"https:\/\/www.brikaelektrik.al\/al\/wp-json\/wp\/v2\/product_tag?post=2972"}],"curies":[{"name":"wp","href":"https:\/\/api.w.org\/{rel}","templated":true}]}}