{"id":2975,"date":"2025-08-19T11:39:26","date_gmt":"2025-08-19T11:39:26","guid":{"rendered":"https:\/\/www.brikaelektrik.al\/?post_type=product&#038;p=2975"},"modified":"2025-08-19T11:39:26","modified_gmt":"2025-08-19T11:39:26","slug":"adaptor-1-hyrje-3-dalje-4x16","status":"publish","type":"product","link":"https:\/\/www.brikaelektrik.al\/al\/produkt\/adaptor-1-hyrje-3-dalje-4x16\/","title":{"rendered":"ADAPTOR 1 HYRJE 3 DALJE 4X16"},"content":{"rendered":"<p><strong data-start=\"121\" data-end=\"131\">Seria:<\/strong> Gewiss<br data-start=\"138\" data-end=\"141\" \/><strong data-start=\"141\" data-end=\"151\">Lloji:<\/strong> Adaptor i shum\u00ebfisht\u00eb mobil 3P+E 16A IP67 400V 50\/60Hz<br data-start=\"206\" data-end=\"209\" \/><strong data-start=\"209\" data-end=\"230\">Tensioni i pun\u00ebs:<\/strong> 400\u202fV AC<br data-start=\"239\" data-end=\"242\" \/><strong data-start=\"242\" data-end=\"260\" data-is-only-node=\"\">Rryma e pun\u00ebs:<\/strong> 16\u202fA<br data-start=\"265\" data-end=\"268\" \/><strong data-start=\"268\" data-end=\"276\">Pol:<\/strong> 3P+E (tre pol\u00eb + tok\u00ebzim)<br data-start=\"302\" data-end=\"305\" \/><strong data-start=\"305\" data-end=\"319\">Frekuenca:<\/strong> 50\/60\u202fHz<br data-start=\"328\" data-end=\"331\" \/><strong data-start=\"331\" data-end=\"342\">Ngjyra:<\/strong> E kuqe<br data-start=\"349\" data-end=\"352\" \/><strong data-start=\"352\" data-end=\"366\">Materiali:<\/strong> Plastike teknopolimer i vet\u00eb-shuar\u00eb, pa halogjen<br data-start=\"415\" data-end=\"418\" \/><strong data-start=\"418\" data-end=\"431\">Mbrojtja:<\/strong> IP67 \u2013 i pap\u00ebrshkuesh\u00ebm nga pluhuri dhe i mbrojtur kund\u00ebr sp\u00ebrkatjes s\u00eb ujit<br data-start=\"508\" data-end=\"511\" \/><strong data-start=\"511\" data-end=\"535\">Temperatura e pun\u00ebs:<\/strong> -25\u202f\u00b0C deri n\u00eb +55\u202f\u00b0C<br data-start=\"557\" data-end=\"560\" \/><strong data-start=\"560\" data-end=\"584\">Rezistenca mekanike:<\/strong> IK09 \u2013 i q\u00ebndruesh\u00ebm ndaj goditjeve mekanike<br data-start=\"629\" data-end=\"632\" \/><strong data-start=\"632\" data-end=\"643\">Lidhja:<\/strong> Me vida (screw terminals)<br data-start=\"669\" data-end=\"672\" \/><strong data-start=\"672\" data-end=\"704\">Kapaciteti i lidhjes me tel:<\/strong> 1\u20132.5\u202fmm\u00b2 p\u00ebr tel fleksib\u00ebl; 1.5\u20134\u202fmm\u00b2 p\u00ebr tel t\u00eb ngurt\u00eb<br data-start=\"761\" data-end=\"764\" \/><strong data-start=\"764\" data-end=\"800\">Kapaciteti i kap\u00ebses s\u00eb kabllit:<\/strong> 7.5\u201313.8\u202fmm<br data-start=\"812\" data-end=\"815\" \/><strong data-start=\"815\" data-end=\"865\">Testi i fijeve t\u00eb nxeht\u00ebsis\u00eb (Glow wire test):<\/strong> 850\u202f\u00b0C p\u00ebr pjes\u00ebt aktive; 650\u202f\u00b0C p\u00ebr pjes\u00ebt pasive<br data-start=\"916\" data-end=\"919\" \/><strong data-start=\"919\" data-end=\"969\">Testi i presionit me top (Ball pressure test):<\/strong> 125\u202f\u00b0C p\u00ebr pjes\u00ebt aktive; 80\u202f\u00b0C p\u00ebr pjes\u00ebt pasive<br data-start=\"1019\" data-end=\"1022\" \/><strong data-start=\"1022\" data-end=\"1058\">Numri i operacioneve t\u00eb lejuara:<\/strong> &gt;5000<br data-start=\"1064\" data-end=\"1067\" \/><strong data-start=\"1067\" data-end=\"1106\">Kapaciteti i mbingarkes\u00ebs i lejuar:<\/strong> 22\u202fA<br data-start=\"1111\" data-end=\"1114\" \/><strong data-start=\"1114\" data-end=\"1152\">Kapaciteti i shkarkes\u00ebs n\u00eb 1.1 Un:<\/strong> 20\u202fA<br data-start=\"1157\" data-end=\"1160\" \/><strong data-start=\"1160\" data-end=\"1186\">Rezistenca e izolimit:<\/strong> &gt;10\u202fM\u03a9<br data-start=\"1193\" data-end=\"1196\" \/><strong data-start=\"1196\" data-end=\"1229\">P\u00ebrputhshm\u00ebria me standardet:<\/strong> IEC 60309-1 dhe IEC 60309-2<br data-start=\"1257\" data-end=\"1260\" \/><strong data-start=\"1260\" data-end=\"1276\">Certifikimi:<\/strong> Halogen-free sipas EN 60754-2<\/p>","protected":false},"excerpt":{"rendered":"<p>Seria: GewissLloji: Adaptor i shum\u00ebfisht\u00eb mobil 3P+E 16A IP67 400V 50\/60HzTensioni i pun\u00ebs: 400\u202fV ACRryma e pun\u00ebs: 16\u202fAPol: 3P+E (tre pol\u00eb + tok\u00ebzim)Frekuenca: 50\/60\u202fHzNgjyra: E kuqeMateriali: Plastike teknopolimer i vet\u00eb-shuar\u00eb, pa halogjenMbrojtja: IP67 \u2013 i pap\u00ebrshkuesh\u00ebm nga pluhuri dhe i mbrojtur kund\u00ebr sp\u00ebrkatjes s\u00eb ujitTemperatura e pun\u00ebs: -25\u202f\u00b0C deri n\u00eb +55\u202f\u00b0CRezistenca mekanike: IK09 \u2013 i [&hellip;]<\/p>","protected":false},"featured_media":2976,"comment_status":"open","ping_status":"closed","template":"","meta":{"_acf_changed":false},"product_brand":[],"product_cat":[40,69],"product_tag":[],"class_list":{"0":"post-2975","1":"product","2":"type-product","3":"status-publish","4":"has-post-thumbnail","6":"product_cat-serite-civile","7":"product_cat-gewiss-system","9":"first","10":"instock","11":"shipping-taxable","12":"product-type-simple"},"acf":[],"_links":{"self":[{"href":"https:\/\/www.brikaelektrik.al\/al\/wp-json\/wp\/v2\/product\/2975","targetHints":{"allow":["GET"]}}],"collection":[{"href":"https:\/\/www.brikaelektrik.al\/al\/wp-json\/wp\/v2\/product"}],"about":[{"href":"https:\/\/www.brikaelektrik.al\/al\/wp-json\/wp\/v2\/types\/product"}],"replies":[{"embeddable":true,"href":"https:\/\/www.brikaelektrik.al\/al\/wp-json\/wp\/v2\/comments?post=2975"}],"wp:featuredmedia":[{"embeddable":true,"href":"https:\/\/www.brikaelektrik.al\/al\/wp-json\/wp\/v2\/media\/2976"}],"wp:attachment":[{"href":"https:\/\/www.brikaelektrik.al\/al\/wp-json\/wp\/v2\/media?parent=2975"}],"wp:term":[{"taxonomy":"product_brand","embeddable":true,"href":"https:\/\/www.brikaelektrik.al\/al\/wp-json\/wp\/v2\/product_brand?post=2975"},{"taxonomy":"product_cat","embeddable":true,"href":"https:\/\/www.brikaelektrik.al\/al\/wp-json\/wp\/v2\/product_cat?post=2975"},{"taxonomy":"product_tag","embeddable":true,"href":"https:\/\/www.brikaelektrik.al\/al\/wp-json\/wp\/v2\/product_tag?post=2975"}],"curies":[{"name":"wp","href":"https:\/\/api.w.org\/{rel}","templated":true}]}}