{"id":2977,"date":"2025-08-19T11:44:52","date_gmt":"2025-08-19T11:44:52","guid":{"rendered":"https:\/\/www.brikaelektrik.al\/?post_type=product&#038;p=2977"},"modified":"2025-08-19T11:44:52","modified_gmt":"2025-08-19T11:44:52","slug":"prize-usb-e-bardhe-5v-3a-1-modul","status":"publish","type":"product","link":"https:\/\/www.brikaelektrik.al\/al\/produkt\/prize-usb-e-bardhe-5v-3a-1-modul\/","title":{"rendered":"PRIZ\u00cb USB E BARDH\u00cb 5V 3A 1 MODUL"},"content":{"rendered":"<p><strong data-start=\"176\" data-end=\"186\">Seria:<\/strong> Gewiss SYSTEM<br data-start=\"200\" data-end=\"203\" \/><strong data-start=\"203\" data-end=\"213\">Lloji:<\/strong> Priz\u00eb USB Tip A+A 3A<br data-start=\"239\" data-end=\"242\" \/><strong data-start=\"242\" data-end=\"253\">Ngjyra:<\/strong> E bardh\u00eb<br data-start=\"262\" data-end=\"265\" \/><strong data-start=\"265\" data-end=\"279\" data-is-only-node=\"\">Materiali:<\/strong> Tehnopolimer i vet\u00eb-shuar\u00eb, pa halogjen<br data-start=\"319\" data-end=\"322\" \/><strong data-start=\"322\" data-end=\"335\">Mbrojtja:<\/strong> IP20 \u2013 i pap\u00ebrshkuesh\u00ebm nga pluhuri<br data-start=\"371\" data-end=\"374\" \/><strong data-start=\"374\" data-end=\"395\">Tensioni i pun\u00ebs:<\/strong> 100\u2013240\u202fV AC<br data-start=\"408\" data-end=\"411\" \/><strong data-start=\"411\" data-end=\"425\">Frekuenca:<\/strong> 50\/60\u202fHz<br data-start=\"434\" data-end=\"437\" \/><strong data-start=\"437\" data-end=\"459\">Tensioni i daljes:<\/strong> 5\u202fV DC<br data-start=\"466\" data-end=\"469\" \/><strong data-start=\"469\" data-end=\"488\">Rryma e daljes:<\/strong> 3\u202fA (maksimalisht 1.5\u202fA p\u00ebr \u00e7do port)<br data-start=\"526\" data-end=\"529\" \/><strong data-start=\"529\" data-end=\"540\">Lidhja:<\/strong> Terminale me vida (screw terminals)<br data-start=\"576\" data-end=\"579\" \/><strong data-start=\"579\" data-end=\"611\">Kapaciteti i lidhjes me tel:<\/strong> 1\u20131.5\u202fmm\u00b2 p\u00ebr tel fleksib\u00ebl dhe t\u00eb ngurt\u00eb<br data-start=\"653\" data-end=\"656\" \/><strong data-start=\"656\" data-end=\"689\">P\u00ebrputhshm\u00ebria me standardet:<\/strong> IEC 62368-1:2018; EN 61000-6-1; EN 61000-6-3<br data-start=\"734\" data-end=\"737\" \/><strong data-start=\"737\" data-end=\"751\">P\u00ebrdorimi:<\/strong> I p\u00ebrshtatsh\u00ebm p\u00ebr ngarkimin e pajisjeve elektronike si tableta dhe smartphone, me mund\u00ebsin\u00eb e ngarkimit t\u00eb dy pajisjeve nj\u00ebkoh\u00ebsisht<br data-start=\"885\" data-end=\"888\" \/><strong data-start=\"888\" data-end=\"902\">Instalimi:<\/strong> P\u00ebrshtatet p\u00ebr montim t\u00eb integruar n\u00eb mur, n\u00eb kutit\u00eb e montimit t\u00eb thell\u00eb Gewiss<\/p>","protected":false},"excerpt":{"rendered":"<p>Seria: Gewiss SYSTEMLloji: Priz\u00eb USB Tip A+A 3ANgjyra: E bardh\u00ebMateriali: Tehnopolimer i vet\u00eb-shuar\u00eb, pa halogjenMbrojtja: IP20 \u2013 i pap\u00ebrshkuesh\u00ebm nga pluhuriTensioni i pun\u00ebs: 100\u2013240\u202fV ACFrekuenca: 50\/60\u202fHzTensioni i daljes: 5\u202fV DCRryma e daljes: 3\u202fA (maksimalisht 1.5\u202fA p\u00ebr \u00e7do port)Lidhja: Terminale me vida (screw terminals)Kapaciteti i lidhjes me tel: 1\u20131.5\u202fmm\u00b2 p\u00ebr tel fleksib\u00ebl dhe t\u00eb ngurt\u00ebP\u00ebrputhshm\u00ebria me [&hellip;]<\/p>","protected":false},"featured_media":2978,"comment_status":"open","ping_status":"closed","template":"","meta":{"_acf_changed":false},"product_brand":[],"product_cat":[40,69],"product_tag":[],"class_list":{"0":"post-2977","1":"product","2":"type-product","3":"status-publish","4":"has-post-thumbnail","6":"product_cat-serite-civile","7":"product_cat-gewiss-system","9":"first","10":"instock","11":"shipping-taxable","12":"product-type-simple"},"acf":[],"_links":{"self":[{"href":"https:\/\/www.brikaelektrik.al\/al\/wp-json\/wp\/v2\/product\/2977","targetHints":{"allow":["GET"]}}],"collection":[{"href":"https:\/\/www.brikaelektrik.al\/al\/wp-json\/wp\/v2\/product"}],"about":[{"href":"https:\/\/www.brikaelektrik.al\/al\/wp-json\/wp\/v2\/types\/product"}],"replies":[{"embeddable":true,"href":"https:\/\/www.brikaelektrik.al\/al\/wp-json\/wp\/v2\/comments?post=2977"}],"wp:featuredmedia":[{"embeddable":true,"href":"https:\/\/www.brikaelektrik.al\/al\/wp-json\/wp\/v2\/media\/2978"}],"wp:attachment":[{"href":"https:\/\/www.brikaelektrik.al\/al\/wp-json\/wp\/v2\/media?parent=2977"}],"wp:term":[{"taxonomy":"product_brand","embeddable":true,"href":"https:\/\/www.brikaelektrik.al\/al\/wp-json\/wp\/v2\/product_brand?post=2977"},{"taxonomy":"product_cat","embeddable":true,"href":"https:\/\/www.brikaelektrik.al\/al\/wp-json\/wp\/v2\/product_cat?post=2977"},{"taxonomy":"product_tag","embeddable":true,"href":"https:\/\/www.brikaelektrik.al\/al\/wp-json\/wp\/v2\/product_tag?post=2977"}],"curies":[{"name":"wp","href":"https:\/\/api.w.org\/{rel}","templated":true}]}}