{"id":2980,"date":"2025-08-19T11:50:06","date_gmt":"2025-08-19T11:50:06","guid":{"rendered":"https:\/\/www.brikaelektrik.al\/?post_type=product&#038;p=2980"},"modified":"2025-08-19T11:50:06","modified_gmt":"2025-08-19T11:50:06","slug":"automat-1p-n-2a","status":"publish","type":"product","link":"https:\/\/www.brikaelektrik.al\/al\/produkt\/automat-1p-n-2a\/","title":{"rendered":"AUTOMAT 1P + N 2A"},"content":{"rendered":"<p><strong data-start=\"285\" data-end=\"295\">Seria:<\/strong> Gewiss\u00a0<br data-start=\"309\" data-end=\"312\" \/><strong data-start=\"312\" data-end=\"322\">Lloji:<\/strong> Qark mbrojt\u00ebs kompakt miniatur\u00eb 1P+N, karakteristik\u00eb C<br data-start=\"377\" data-end=\"380\" \/><strong data-start=\"380\" data-end=\"399\">Rryma nominale:<\/strong> 2\u202fA<br data-start=\"403\" data-end=\"406\" data-is-only-node=\"\" \/><strong data-start=\"406\" data-end=\"427\">Tensioni nominal:<\/strong> 230\u202fV AC<br data-start=\"436\" data-end=\"439\" \/><strong data-start=\"439\" data-end=\"453\">Frekuenca:<\/strong> 50\/60\u202fHz<br data-start=\"462\" data-end=\"465\" \/><strong data-start=\"465\" data-end=\"490\">Kapaciteti shk\u00ebput\u00ebs:<\/strong> 4500\u202fA<br data-start=\"497\" data-end=\"500\" \/><strong data-start=\"500\" data-end=\"524\">Tensioni i izolimit:<\/strong> 500\u202fV<br data-start=\"530\" data-end=\"533\" \/><strong data-start=\"533\" data-end=\"578\">Tensioni i q\u00ebndrueshm\u00ebris\u00eb ndaj impulsit:<\/strong> 4\u202fkV<br data-start=\"583\" data-end=\"586\" \/><strong data-start=\"586\" data-end=\"613\">Jet\u00ebgjat\u00ebsia elektrike:<\/strong> 10,000 cikle<br data-start=\"626\" data-end=\"629\" \/><strong data-start=\"629\" data-end=\"655\">Jet\u00ebgjat\u00ebsia mekanike:<\/strong> 20,000 cikle<br data-start=\"668\" data-end=\"671\" \/><strong data-start=\"671\" data-end=\"691\">Lidhja e telave:<\/strong> tel i ngurt\u00eb 1&#215;16\u202fmm\u00b2, tel fleksib\u00ebl 1&#215;10\u202fmm\u00b2<br data-start=\"737\" data-end=\"740\" \/><strong data-start=\"740\" data-end=\"763\">Moment i ngjeshjes:<\/strong> 1.2\u202fNm<br data-start=\"770\" data-end=\"773\" \/><strong data-start=\"773\" data-end=\"806\">P\u00ebrputhshm\u00ebria me standardet:<\/strong> EN 60898, IEC\/EN 60947-2<\/p>","protected":false},"excerpt":{"rendered":"<p>Seria: Gewiss\u00a0Lloji: Qark mbrojt\u00ebs kompakt miniatur\u00eb 1P+N, karakteristik\u00eb CRryma nominale: 2\u202fATensioni nominal: 230\u202fV ACFrekuenca: 50\/60\u202fHzKapaciteti shk\u00ebput\u00ebs: 4500\u202fATensioni i izolimit: 500\u202fVTensioni i q\u00ebndrueshm\u00ebris\u00eb ndaj impulsit: 4\u202fkVJet\u00ebgjat\u00ebsia elektrike: 10,000 cikleJet\u00ebgjat\u00ebsia mekanike: 20,000 cikleLidhja e telave: tel i ngurt\u00eb 1&#215;16\u202fmm\u00b2, tel fleksib\u00ebl 1&#215;10\u202fmm\u00b2Moment i ngjeshjes: 1.2\u202fNmP\u00ebrputhshm\u00ebria me standardet: EN 60898, IEC\/EN 60947-2<\/p>","protected":false},"featured_media":2981,"comment_status":"open","ping_status":"closed","template":"","meta":{"_acf_changed":false},"product_brand":[],"product_cat":[40,69],"product_tag":[],"class_list":{"0":"post-2980","1":"product","2":"type-product","3":"status-publish","4":"has-post-thumbnail","6":"product_cat-serite-civile","7":"product_cat-gewiss-system","9":"first","10":"instock","11":"shipping-taxable","12":"product-type-simple"},"acf":[],"_links":{"self":[{"href":"https:\/\/www.brikaelektrik.al\/al\/wp-json\/wp\/v2\/product\/2980","targetHints":{"allow":["GET"]}}],"collection":[{"href":"https:\/\/www.brikaelektrik.al\/al\/wp-json\/wp\/v2\/product"}],"about":[{"href":"https:\/\/www.brikaelektrik.al\/al\/wp-json\/wp\/v2\/types\/product"}],"replies":[{"embeddable":true,"href":"https:\/\/www.brikaelektrik.al\/al\/wp-json\/wp\/v2\/comments?post=2980"}],"wp:featuredmedia":[{"embeddable":true,"href":"https:\/\/www.brikaelektrik.al\/al\/wp-json\/wp\/v2\/media\/2981"}],"wp:attachment":[{"href":"https:\/\/www.brikaelektrik.al\/al\/wp-json\/wp\/v2\/media?parent=2980"}],"wp:term":[{"taxonomy":"product_brand","embeddable":true,"href":"https:\/\/www.brikaelektrik.al\/al\/wp-json\/wp\/v2\/product_brand?post=2980"},{"taxonomy":"product_cat","embeddable":true,"href":"https:\/\/www.brikaelektrik.al\/al\/wp-json\/wp\/v2\/product_cat?post=2980"},{"taxonomy":"product_tag","embeddable":true,"href":"https:\/\/www.brikaelektrik.al\/al\/wp-json\/wp\/v2\/product_tag?post=2980"}],"curies":[{"name":"wp","href":"https:\/\/api.w.org\/{rel}","templated":true}]}}